{"id":1912,"date":"2025-04-03T12:53:09","date_gmt":"2025-04-03T12:53:09","guid":{"rendered":"https:\/\/did-dev.net\/srie2\/?page_id=1912"},"modified":"2025-04-07T15:47:02","modified_gmt":"2025-04-07T15:47:02","slug":"carte-des-contours-de-parcelles","status":"publish","type":"page","link":"https:\/\/did-dev.net\/srie2\/carte-des-contours-de-parcelles\/","title":{"rendered":"Carte des contours de parcelles"},"content":{"rendered":"\n<p style=\"text-align: justify;\"><span style=\"font-family: verdana, geneva, sans-serif;\"><strong>Contour des sites d&#8217;Agroforesterie, d&#8217;Agrosyst\u00e8mes et de Restauration foresti\u00e8re<\/strong><\/span><br \/><span style=\"font-family: verdana, geneva, sans-serif;\">Sur la carte ci-dessous nous pr\u00e9sentons par r\u00e9gion, les contours des sites d&#8217;<strong>Agroforesterie, d&#8217;Agrosyst\u00e8mes (AFAS)<\/strong> et de <strong>Restauration foresti\u00e8re (RF)<\/strong> sur lesquels le projet PROMIRE a intervenu pour une exploitation agricole durable, intelligente et protectrice de l\u2019environnement. Chaque r\u00e9gion est d\u00e9limit\u00e9e en couleur bleu avec un fond transparent.\u00a0<\/span><br \/><span style=\"color: #ff0000; font-family: verdana, geneva, sans-serif;\"><strong>Il est possible de voir le contour des parcelles sp\u00e9cifi\u00e9es, ainsi que des informations d\u00e9taill\u00e9es qui s&#8217;y rattachent, par un simple clic sur la zone ou superficie concern\u00e9e.<br \/>Pour ce faire, veuillez zoomer jusqu&#8217;\u00e0 ce que les noms des infrastructures du lieu apparaissent sur la carte, puis cliquez sur les superficie de parcelles colori\u00e9es en vert ou rouge.<\/strong><\/span><\/p>\n<p style=\"text-align: justify;\"><span style=\"font-family: verdana, geneva, sans-serif;\"><strong>Les 30 villages du projet sont list\u00e9s \u00e0 droite de la carte. Les villages de chaque r\u00e9gion ont une couleur unique; orange \u00e0 Agboville, vert \u00e0 Adzop\u00e9 et rose \u00e0 Aboisso. Pour visualiser directement un village, suffit de cliquer sur le marqueur qui le repr\u00e9sente sur la carte.<\/strong> <strong>Puis des double-clic successifs sur la carte vous m\u00e8neront \u00e0 une meilleure vue du village index\u00e9. <\/strong>Ou alors, <strong>zoomer suffisamment sur la carte jusqu&#8217;\u00e0 voir appara\u00eetre des noms d&#8217;infrastructures, puis cliquer sur le nom village d\u00e9sir\u00e9 pour voir les d\u00e9tails de son emplacement.<\/strong><\/span><\/p>\n<p>\u00a0<\/p>\n<table style=\"border-collapse: collapse;\">\n<tbody>\n<tr>\n<td style=\"width: 50%;\">\n\t\t<!-- MasterSlider -->\n\t\t<div id=\"P_MS69f20e22988fd\" class=\"master-slider-parent msl ms-parent-id-10\" style=\"max-width:35px;\">\n\n\t\t\t\n\t\t\t<!-- MasterSlider Main -->\n\t\t\t<div id=\"MS69f20e22988fd\" class=\"master-slider ms-skin-default\" >\n\t\t\t\t \t\t\t\t \n\t\t\t\t<div  class=\"ms-slide\" data-delay=\"3\" data-fill-mode=\"fill\"  >\n\t\t\t\t\t<img decoding=\"async\" src=\"https:\/\/did-dev.net\/srie2\/wp-content\/plugins\/master-slider\/public\/assets\/css\/blank.gif\" alt=\"\" title=\"\" data-src=\"https:\/\/did-dev.net\/srie2\/wp-content\/uploads\/2025\/04\/marker_orange_2.png\" \/>\n\n\n\t<div class=\"ms-thumb\" ><div class=\"ms-tab-context\"><div class=&quot;ms-tab-context&quot;><\/div><\/div>\n<\/div>\n\t\t\t\t<\/div>\n\n\t\t\t<\/div>\n\t\t\t<!-- END MasterSlider Main -->\n\n\t\t\t \n\t\t<\/div>\n\t\t<!-- END MasterSlider -->\n\n\t\t<script>\n\t\t(function ( $ ) {\n\t\t\t\"use strict\";\n\n\t\t\t$(function () {\n\t\t\t\tvar masterslider_88fd = new MasterSlider();\n\n\t\t\t\t\/\/ slider controls\n\n\t\t\t\t\/\/ slider setup\n\t\t\t\tmasterslider_88fd.setup(\"MS69f20e22988fd\", {\n\t\t\t\t\t\twidth           : 35,\n\t\t\t\t\t\theight          : 60,\n\t\t\t\t\t\tminHeight       : 0,\n\t\t\t\t\t\tspace           : 0,\n\t\t\t\t\t\tstart           : 1,\n\t\t\t\t\t\tgrabCursor      : true,\n\t\t\t\t\t\tswipe           : true,\n\t\t\t\t\t\tmouse           : true,\n\t\t\t\t\t\tlayout          : \"boxed\",\n\t\t\t\t\t\twheel           : false,\n\t\t\t\t\t\tautoplay        : false,\n\t\t\t\t\t\tinstantStartLayers:false,\n\t\t\t\t\t\tloop            : false,\n\t\t\t\t\t\tshuffle         : false,\n\t\t\t\t\t\tpreload         : 0,\n\t\t\t\t\t\theightLimit     : true,\n\t\t\t\t\t\tautoHeight      : false,\n\t\t\t\t\t\tsmoothHeight    : true,\n\t\t\t\t\t\tendPause        : false,\n\t\t\t\t\t\toverPause       : true,\n\t\t\t\t\t\tfillMode        : \"fill\",\n\t\t\t\t\t\tcenterControls  : true,\n\t\t\t\t\t\tstartOnAppear   : false,\n\t\t\t\t\t\tlayersMode      : \"center\",\n\t\t\t\t\t\thideLayers      : false,\n\t\t\t\t\t\tfullscreenMargin: 0,\n\t\t\t\t\t\tspeed           : 20,\n\t\t\t\t\t\tdir             : \"h\",\n\t\t\t\t\t\tparallaxMode    : 'swipe',\n\t\t\t\t\t\tview            : \"basic\"\n\t\t\t\t});\n\n\t\t\t\t\n\t\t\t\twindow.masterslider_instances = window.masterslider_instances || [];\n\t\t\t\twindow.masterslider_instances.push( masterslider_88fd );\n\t\t\t });\n\n\t\t})(jQuery);\n\t\t<\/script>\n\n<\/td>\n<td style=\"width: 50%;\"><span style=\"color: #ff6600;\"><strong>R\u00c9GION DE L&#8217;AGN\u00c9BY-TIASSA<\/strong><\/span><\/td>\n<\/tr>\n<tr>\n<td style=\"width: 50%;\">\n\t\t<!-- MasterSlider -->\n\t\t<div id=\"P_MS69f20e2298cae\" class=\"master-slider-parent msl ms-parent-id-11\" style=\"max-width:35px;\">\n\n\t\t\t\n\t\t\t<!-- MasterSlider Main -->\n\t\t\t<div id=\"MS69f20e2298cae\" class=\"master-slider ms-skin-default\" >\n\t\t\t\t \t\t\t\t \n\t\t\t\t<div  class=\"ms-slide\" data-delay=\"3\" data-fill-mode=\"fill\"  >\n\t\t\t\t\t<img decoding=\"async\" src=\"https:\/\/did-dev.net\/srie2\/wp-content\/plugins\/master-slider\/public\/assets\/css\/blank.gif\" alt=\"\" title=\"\" data-src=\"https:\/\/did-dev.net\/srie2\/wp-content\/uploads\/2015\/08\/marker_green_2.png\" \/>\n\n\n\t<div class=\"ms-thumb\" ><div class=\"ms-tab-context\"><div class=&quot;ms-tab-context&quot;><\/div><\/div>\n<\/div>\n\t\t\t\t<\/div>\n\n\t\t\t<\/div>\n\t\t\t<!-- END MasterSlider Main -->\n\n\t\t\t \n\t\t<\/div>\n\t\t<!-- END MasterSlider -->\n\n\t\t<script>\n\t\t(function ( $ ) {\n\t\t\t\"use strict\";\n\n\t\t\t$(function () {\n\t\t\t\tvar masterslider_8cae = new MasterSlider();\n\n\t\t\t\t\/\/ slider controls\n\n\t\t\t\t\/\/ slider setup\n\t\t\t\tmasterslider_8cae.setup(\"MS69f20e2298cae\", {\n\t\t\t\t\t\twidth           : 35,\n\t\t\t\t\t\theight          : 60,\n\t\t\t\t\t\tminHeight       : 0,\n\t\t\t\t\t\tspace           : 0,\n\t\t\t\t\t\tstart           : 1,\n\t\t\t\t\t\tgrabCursor      : true,\n\t\t\t\t\t\tswipe           : true,\n\t\t\t\t\t\tmouse           : true,\n\t\t\t\t\t\tlayout          : \"boxed\",\n\t\t\t\t\t\twheel           : false,\n\t\t\t\t\t\tautoplay        : false,\n\t\t\t\t\t\tinstantStartLayers:false,\n\t\t\t\t\t\tloop            : false,\n\t\t\t\t\t\tshuffle         : false,\n\t\t\t\t\t\tpreload         : 0,\n\t\t\t\t\t\theightLimit     : true,\n\t\t\t\t\t\tautoHeight      : false,\n\t\t\t\t\t\tsmoothHeight    : true,\n\t\t\t\t\t\tendPause        : false,\n\t\t\t\t\t\toverPause       : true,\n\t\t\t\t\t\tfillMode        : \"fill\",\n\t\t\t\t\t\tcenterControls  : true,\n\t\t\t\t\t\tstartOnAppear   : false,\n\t\t\t\t\t\tlayersMode      : \"center\",\n\t\t\t\t\t\thideLayers      : false,\n\t\t\t\t\t\tfullscreenMargin: 0,\n\t\t\t\t\t\tspeed           : 20,\n\t\t\t\t\t\tdir             : \"h\",\n\t\t\t\t\t\tparallaxMode    : 'swipe',\n\t\t\t\t\t\tview            : \"basic\"\n\t\t\t\t});\n\n\t\t\t\t\n\t\t\t\twindow.masterslider_instances = window.masterslider_instances || [];\n\t\t\t\twindow.masterslider_instances.push( masterslider_8cae );\n\t\t\t });\n\n\t\t})(jQuery);\n\t\t<\/script>\n\n<\/td>\n<td style=\"width: 50%;\"><span style=\"color: #339966;\"><strong>R\u00c9GION DE LA M\u00c9<\/strong><\/span><\/td>\n<\/tr>\n<tr>\n<td style=\"width: 50%;\">\n\t\t<!-- MasterSlider -->\n\t\t<div id=\"P_MS69f20e2299043\" class=\"master-slider-parent msl ms-parent-id-12\" style=\"max-width:35px;\">\n\n\t\t\t\n\t\t\t<!-- MasterSlider Main -->\n\t\t\t<div id=\"MS69f20e2299043\" class=\"master-slider ms-skin-default\" >\n\t\t\t\t \t\t\t\t \n\t\t\t\t<div  class=\"ms-slide\" data-delay=\"3\" data-fill-mode=\"fill\"  >\n\t\t\t\t\t<img decoding=\"async\" src=\"https:\/\/did-dev.net\/srie2\/wp-content\/plugins\/master-slider\/public\/assets\/css\/blank.gif\" alt=\"\" title=\"\" data-src=\"https:\/\/did-dev.net\/srie2\/wp-content\/uploads\/2015\/08\/marker_2.png\" \/>\n\n\n\t<div class=\"ms-thumb\" ><div class=\"ms-tab-context\"><div class=&quot;ms-tab-context&quot;><\/div><\/div>\n<\/div>\n\t\t\t\t<\/div>\n\n\t\t\t<\/div>\n\t\t\t<!-- END MasterSlider Main -->\n\n\t\t\t \n\t\t<\/div>\n\t\t<!-- END MasterSlider -->\n\n\t\t<script>\n\t\t(function ( $ ) {\n\t\t\t\"use strict\";\n\n\t\t\t$(function () {\n\t\t\t\tvar masterslider_9043 = new MasterSlider();\n\n\t\t\t\t\/\/ slider controls\n\n\t\t\t\t\/\/ slider setup\n\t\t\t\tmasterslider_9043.setup(\"MS69f20e2299043\", {\n\t\t\t\t\t\twidth           : 35,\n\t\t\t\t\t\theight          : 60,\n\t\t\t\t\t\tminHeight       : 0,\n\t\t\t\t\t\tspace           : 0,\n\t\t\t\t\t\tstart           : 1,\n\t\t\t\t\t\tgrabCursor      : true,\n\t\t\t\t\t\tswipe           : true,\n\t\t\t\t\t\tmouse           : true,\n\t\t\t\t\t\tlayout          : \"boxed\",\n\t\t\t\t\t\twheel           : false,\n\t\t\t\t\t\tautoplay        : false,\n\t\t\t\t\t\tinstantStartLayers:false,\n\t\t\t\t\t\tloop            : false,\n\t\t\t\t\t\tshuffle         : false,\n\t\t\t\t\t\tpreload         : 0,\n\t\t\t\t\t\theightLimit     : true,\n\t\t\t\t\t\tautoHeight      : false,\n\t\t\t\t\t\tsmoothHeight    : true,\n\t\t\t\t\t\tendPause        : false,\n\t\t\t\t\t\toverPause       : true,\n\t\t\t\t\t\tfillMode        : \"fill\",\n\t\t\t\t\t\tcenterControls  : true,\n\t\t\t\t\t\tstartOnAppear   : false,\n\t\t\t\t\t\tlayersMode      : \"center\",\n\t\t\t\t\t\thideLayers      : false,\n\t\t\t\t\t\tfullscreenMargin: 0,\n\t\t\t\t\t\tspeed           : 20,\n\t\t\t\t\t\tdir             : \"h\",\n\t\t\t\t\t\tparallaxMode    : 'swipe',\n\t\t\t\t\t\tview            : \"basic\"\n\t\t\t\t});\n\n\t\t\t\t\n\t\t\t\twindow.masterslider_instances = window.masterslider_instances || [];\n\t\t\t\twindow.masterslider_instances.push( masterslider_9043 );\n\t\t\t });\n\n\t\t})(jQuery);\n\t\t<\/script>\n\n<\/td>\n<td style=\"width: 50%;\"><span style=\"color: #ff00ff;\"><strong>R\u00c9GION DU SUD-COMO\u00c9<\/strong><\/span><\/td>\n<\/tr>\n<\/tbody>\n<\/table>\n<p style=\"text-align: center;\"><style type=\"text\/css\" id=\"umsMapStyles_14_84280\">\n    #ultimate_maps_14_84280 {\n        width: 100%;\n        height: 700px;\n                border: 0px solid ;\n        margin: 0px;\n    }\n    #mapsControlsNum_14_84280 {\n        width:100%    }\n    .umsMapDetailsContainer#umsMapDetailsContainer_14_84280 {\n        height:700px;\n    }\n    .ums_MapPreview#ultimate_maps_14_84280 {\n        \/*position:absolute;*\/\n        width:100%;\n    }\n    #mapConElem_14_84280{\n        width:100%    }\n    <\/style><div class=\"ums_map_opts\" id=\"mapConElem_14_84280\" data-id=\"14\" data-view-id=\"14_84280\" > <div class=\"umsMapDetailsContainer\" id=\"umsMapDetailsContainer_14_84280\"> <i class=\"umsKMLLayersPreloader fa fa-spinner fa-spin\" aria-hidden=\"true\" style=\"display: none;\"><\/i> <div class=\"ums_MapPreview \" id=\"ultimate_maps_14_84280\"><\/div> <\/div> <div class=\"umsMapMarkerFilters\" id=\"umsMapMarkerFilters_14_84280\"> <\/div> <div class=\"umsMapProControlsCon\" id=\"umsMapProControlsCon_14_84280\"> <a title=\"WordPress Google Maps\" style=\"display:none;\" href=\"https:\/\/supsystic.com\/plugins\/google-maps-plugin\/?utm_medium=love_link_hide\" target=\"_blank\">WordPress Google Maps<\/a><div style=\"clear: both;\"><\/div> <\/div> <div class=\"umsMapProDirectionsCon\" id=\"umsMapProDirectionsCon_14_84280\" > <\/div> <div class=\"umsMapProKmlFilterCon\" id=\"umsMapProKmlFilterCon_14_84280\" > <\/div> <div class=\"umsSocialSharingShell umsSocialSharingShell_14_84280\"> <\/div> <div style=\"clear: both;\"><\/div> <\/div>\n<p>\u00a0<\/p>\n<p>\u00a0<\/p>\n<p>\u00a0<\/p>\n","protected":false},"excerpt":{"rendered":"<p>Contour des sites d&#8217;Agroforesterie, d&#8217;Agrosyst\u00e8mes et de Restauration foresti\u00e8reSur la carte ci-dessous nous pr\u00e9sentons par r\u00e9gion, les contours des sites d&#8217;Agroforesterie, d&#8217;Agrosyst\u00e8mes (AFAS) et de Restauration foresti\u00e8re (RF) sur lesquels le projet PROMIRE a intervenu pour une exploitation agricole durable, intelligente et protectrice de l\u2019environnement. Chaque r\u00e9gion est d\u00e9limit\u00e9e en couleur bleu avec un fond [&hellip;]<\/p>\n","protected":false},"author":1,"featured_media":0,"parent":0,"menu_order":0,"comment_status":"closed","ping_status":"closed","template":"","meta":{"_acf_changed":false,"_lmt_disableupdate":"","_lmt_disable":"","pgc_sgb_lightbox_settings":"","footnotes":""},"folder":[],"class_list":["post-1912","page","type-page","status-publish","hentry","clearfix"],"acf":[],"_links":{"self":[{"href":"https:\/\/did-dev.net\/srie2\/wp-json\/wp\/v2\/pages\/1912","targetHints":{"allow":["GET"]}}],"collection":[{"href":"https:\/\/did-dev.net\/srie2\/wp-json\/wp\/v2\/pages"}],"about":[{"href":"https:\/\/did-dev.net\/srie2\/wp-json\/wp\/v2\/types\/page"}],"author":[{"embeddable":true,"href":"https:\/\/did-dev.net\/srie2\/wp-json\/wp\/v2\/users\/1"}],"replies":[{"embeddable":true,"href":"https:\/\/did-dev.net\/srie2\/wp-json\/wp\/v2\/comments?post=1912"}],"version-history":[{"count":14,"href":"https:\/\/did-dev.net\/srie2\/wp-json\/wp\/v2\/pages\/1912\/revisions"}],"predecessor-version":[{"id":1986,"href":"https:\/\/did-dev.net\/srie2\/wp-json\/wp\/v2\/pages\/1912\/revisions\/1986"}],"wp:attachment":[{"href":"https:\/\/did-dev.net\/srie2\/wp-json\/wp\/v2\/media?parent=1912"}],"wp:term":[{"taxonomy":"folder","embeddable":true,"href":"https:\/\/did-dev.net\/srie2\/wp-json\/wp\/v2\/folder?post=1912"}],"curies":[{"name":"wp","href":"https:\/\/api.w.org\/{rel}","templated":true}]}}