{"id":2166,"date":"2025-08-05T10:57:49","date_gmt":"2025-08-05T10:57:49","guid":{"rendered":"https:\/\/did-dev.net\/srie\/?page_id=2166"},"modified":"2025-08-05T11:11:03","modified_gmt":"2025-08-05T11:11:03","slug":"tutoriels-sur-lutilisation-du-srie","status":"publish","type":"page","link":"https:\/\/did-dev.net\/srie\/tutoriels-sur-lutilisation-du-srie\/","title":{"rendered":"Tutoriels sur l&#8217;utilisation du SRIE"},"content":{"rendered":"\n<p style=\"text-align: justify;\">La Plateforme num\u00e9rique SRIE a pour objectif de permettre \u00e0 chaque habitant de la C\u00f4te d\u2019Ivoire de d\u00e9clarer gratuitement et en quelques secondes tout probl\u00e8me environnemental au Minist\u00e8re de l\u2019Environnement, du D\u00e9veloppement Durable et de la Transition Ecologique (MINEDDTE). Plusieurs canaux de notifications rapides et faciles \u00e0 utiliser sont fournis: une Application Mobile SRIE, un Formulaire Web, un lien ChatBot SRIE, un lien WhatsApp SRIE, un Num\u00e9ro Vert 1372 accessible partout en C\u00f4te d&#8217;Ivoire.<\/p>\n<p style=\"text-align: justify;\">Les Tutoriels pr\u00e9sent\u00e9s ci-dessous vous permettront de savoir comment utiliser chacun des canaux disponibles pour transmettre les incidents, risques et probl\u00e8mes environnementaux au MINEDDTE.<\/p>\n<ul>\n<li style=\"text-align: justify;\"><a href=\"https:\/\/did-dev.net\/srie\/comment-declarer-un-incident-environnemental-via-lapplication-mobile-srie\/\" target=\"_blank\" rel=\"noopener\"><strong>Comment d\u00e9clarer un incident environnemental via l&#8217;application mobile SRIE ?<\/strong><\/a><\/li>\n<li style=\"text-align: justify;\"><strong>Comment utiliser le ChatBot SRIE ?<\/strong>\u00a0<\/li>\n<li>\u00a0<\/li>\n<\/ul>\n<p>\u00a0<\/p>\n\n\n","protected":false},"excerpt":{"rendered":"<p>La Plateforme num\u00e9rique SRIE a pour objectif de permettre \u00e0 chaque habitant de la C\u00f4te d\u2019Ivoire de d\u00e9clarer gratuitement et en quelques secondes tout probl\u00e8me environnemental au Minist\u00e8re de l\u2019Environnement, du D\u00e9veloppement Durable et de la Transition Ecologique (MINEDDTE). Plusieurs canaux de notifications rapides et faciles \u00e0 utiliser sont fournis: une Application Mobile SRIE, un [&hellip;]<\/p>\n","protected":false},"author":1,"featured_media":0,"parent":0,"menu_order":0,"comment_status":"closed","ping_status":"closed","template":"","meta":{"_acf_changed":false,"_lmt_disableupdate":"","_lmt_disable":"","pgc_sgb_lightbox_settings":"","footnotes":""},"folder":[],"class_list":["post-2166","page","type-page","status-publish","hentry","clearfix"],"acf":[],"_links":{"self":[{"href":"https:\/\/did-dev.net\/srie\/wp-json\/wp\/v2\/pages\/2166","targetHints":{"allow":["GET"]}}],"collection":[{"href":"https:\/\/did-dev.net\/srie\/wp-json\/wp\/v2\/pages"}],"about":[{"href":"https:\/\/did-dev.net\/srie\/wp-json\/wp\/v2\/types\/page"}],"author":[{"embeddable":true,"href":"https:\/\/did-dev.net\/srie\/wp-json\/wp\/v2\/users\/1"}],"replies":[{"embeddable":true,"href":"https:\/\/did-dev.net\/srie\/wp-json\/wp\/v2\/comments?post=2166"}],"version-history":[{"count":5,"href":"https:\/\/did-dev.net\/srie\/wp-json\/wp\/v2\/pages\/2166\/revisions"}],"predecessor-version":[{"id":2243,"href":"https:\/\/did-dev.net\/srie\/wp-json\/wp\/v2\/pages\/2166\/revisions\/2243"}],"wp:attachment":[{"href":"https:\/\/did-dev.net\/srie\/wp-json\/wp\/v2\/media?parent=2166"}],"wp:term":[{"taxonomy":"folder","embeddable":true,"href":"https:\/\/did-dev.net\/srie\/wp-json\/wp\/v2\/folder?post=2166"}],"curies":[{"name":"wp","href":"https:\/\/api.w.org\/{rel}","templated":true}]}}