{"id":1923,"date":"2025-06-30T12:07:18","date_gmt":"2025-06-30T12:07:18","guid":{"rendered":"https:\/\/did-dev.net\/srie\/?page_id=1923"},"modified":"2025-07-03T15:22:39","modified_gmt":"2025-07-03T15:22:39","slug":"nous-contacter","status":"publish","type":"page","link":"https:\/\/did-dev.net\/srie\/nous-contacter\/","title":{"rendered":"NOUS CONTACTER"},"content":{"rendered":"\n<p style=\"text-align: justify;\"><span style=\"text-decoration: underline;\"><strong>Veuillez joindre l&#8217;\u00e9quipe SRIE pour toute pr\u00e9occupation ou pour un quelconque \u00e9clairage<\/strong><\/span><\/p>\n<p style=\"text-align: center;\"><div id=\"media_image-20\" class=\"col-xs-12 col-sm-12 col-md-12 col-lg-12  pe-widget-raw widget clearfix widget_media_image shortcodely_widget\"><img fetchpriority=\"high\" decoding=\"async\" width=\"2000\" height=\"487\" src=\"https:\/\/did-dev.net\/srie\/wp-content\/uploads\/2025\/07\/Ecrivez-nous-2-e1752229838457.jpg\" class=\"image wp-image-2071  attachment-full size-full\" alt=\"\" style=\"max-width: 100%; height: auto;\" srcset=\"https:\/\/did-dev.net\/srie\/wp-content\/uploads\/2025\/07\/Ecrivez-nous-2-e1752229838457.jpg 2000w, https:\/\/did-dev.net\/srie\/wp-content\/uploads\/2025\/07\/Ecrivez-nous-2-e1752229838457-262x64.jpg 262w, https:\/\/did-dev.net\/srie\/wp-content\/uploads\/2025\/07\/Ecrivez-nous-2-e1752229838457-847x206.jpg 847w, https:\/\/did-dev.net\/srie\/wp-content\/uploads\/2025\/07\/Ecrivez-nous-2-e1752229838457-100x24.jpg 100w, https:\/\/did-dev.net\/srie\/wp-content\/uploads\/2025\/07\/Ecrivez-nous-2-e1752229838457-1536x374.jpg 1536w\" sizes=\"(max-width: 2000px) 100vw, 2000px\" \/><\/div>\n<p style=\"text-align: center;\"><div class=\"jet-form-block\"data-is-block=\"jet-engine\/booking-form\"><form  class=\"jet-form layout-column submit-type-ajax\" action=\"\/srie\/wp-json\/wp\/v2\/pages\/1923?jet_engine_action=book&#038;nocache=1777470638\" method=\"POST\" data-form-id=\"1927\"><input class=\"jet-form__field hidden-field\" type=\"hidden\" name=\"_jet_engine_booking_form_id\" value=\"1927\" data-field-name=\"_jet_engine_booking_form_id\"><input class=\"jet-form__field hidden-field\" type=\"hidden\" name=\"_jet_engine_refer\" value=\"https:\/\/did-dev.net\/srie\/wp-json\/wp\/v2\/pages\/1923\" data-field-name=\"_jet_engine_refer\"><div  class=\"jet-form-row jet-form-row--first-visible\"><div class=\"jet-form-col jet-form-col-12  field-type-text  jet-form-field-container\" data-field=\"cf_nom_prenoms\" data-conditional=\"false\"><div class=\"jet-form__label\">\n\t<span class=\"jet-form__label-text\" >Nom et Pr\u00e9noms<span class=\"jet-form__required\">*<\/span><\/span>\n\t<\/div><input class=\"jet-form__field text-field \" placeholder=\"Vos nom et pr\u00e9noms s&#039;il vous pla\u00eet.\" required=\"required\" name=\"cf_nom_prenoms\" id=\"cf_nom_prenoms\" type=\"text\" data-field-name=\"cf_nom_prenoms\"><\/div><\/div><div  class=\"jet-form-row\"><div class=\"jet-form-col jet-form-col-12  field-type-text  jet-form-field-container\" data-field=\"cf_email\" data-conditional=\"false\"><div class=\"jet-form__label\">\n\t<span class=\"jet-form__label-text\" >Email<span class=\"jet-form__required\">*<\/span><\/span>\n\t<\/div><input class=\"jet-form__field text-field \" placeholder=\"Votre adresse email s&#039;il vous pla\u00eet.\" required=\"required\" name=\"cf_email\" id=\"cf_email\" type=\"email\" data-field-name=\"cf_email\"><\/div><\/div><div  class=\"jet-form-row\"><div class=\"jet-form-col jet-form-col-12  field-type-text  jet-form-field-container\" data-field=\"cf_objet\" data-conditional=\"false\"><div class=\"jet-form__label\">\n\t<span class=\"jet-form__label-text\" >Objet<span class=\"jet-form__required\">*<\/span><\/span>\n\t<\/div><input class=\"jet-form__field text-field \" placeholder=\"Veuillez entrer l&#039;objet de votre message s&#039;il vous pla\u00eet.\" required=\"required\" name=\"cf_objet\" id=\"cf_objet\" type=\"text\" data-field-name=\"cf_objet\"><\/div><\/div><div  class=\"jet-form-row\"><div class=\"jet-form-col jet-form-col-12  field-type-textarea  jet-form-field-container\" data-field=\"cf_message\" data-conditional=\"false\"><div class=\"jet-form__label\">\n\t<span class=\"jet-form__label-text\" >Message<span class=\"jet-form__required\">*<\/span><\/span>\n\t<\/div><textarea class=\"jet-form__field textarea-field\" placeholder=\"Veuillez saisir le contenu de votre message s&#039;il vous pla\u00eet.\" required=\"required\" name=\"cf_message\" data-field-name=\"cf_message\" id=\"cf_message\"><\/textarea><\/div><\/div><div  class=\"jet-form-row\"><div class=\"jet-form-col jet-form-col-12  field-type-media  jet-form-field-container\" data-field=\"cf_piece_jointe\" data-conditional=\"false\"><div class=\"jet-form__label\">\n\t<span class=\"jet-form__label-text\" >Pi\u00e8ce(s) Jointe(s): 2 fichiers maximum<\/span>\n\t<\/div><div class=\"jet-engine-file-upload\">\n\t<div class=\"jet-engine-file-upload__content\">\n\t\t<div class=\"jet-engine-file-upload__loader\"><svg xmlns=\"http:\/\/www.w3.org\/2000\/svg\" width=\"38\" height=\"38\" viewBox=\"0 0 38 38\" stroke=\"#fff\"><g fill=\"none\" fill-rule=\"evenodd\"><g transform=\"translate(1 1)\" stroke-width=\"2\"><circle stroke-opacity=\".5\" cx=\"18\" cy=\"18\" r=\"18\"\/><path d=\"M36 18c0-9.94-8.06-18-18-18\" transform=\"rotate(137.826 18 18)\"><animateTransform attributeName=\"transform\" type=\"rotate\" from=\"0 18 18\" to=\"360 18 18\" dur=\"1s\" repeatCount=\"indefinite\"\/><\/path><\/g><\/g><\/svg><\/div>\t\t<div class=\"jet-engine-file-upload__files\"  data-args=\"{&quot;max_files&quot;:&quot;2&quot;,&quot;insert_attachment&quot;:false,&quot;value_format&quot;:&quot;url&quot;}\"><\/div>\n\t<\/div>\n\t<div class=\"jet-engine-file-upload__fields\">\n\t\t<input class=\"jet-form__field jet-engine-file-upload__value\" type=\"hidden\" name=\"cf_piece_jointe\" data-field-name=\"cf_piece_jointe\" value=\"\" >\n\t\t<input class=\"jet-form__field file-field jet-engine-file-upload__input\" name=\"cf_piece_jointe_input\" type=\"file\" data-form_id=\"1927\" data-field=\"cf_piece_jointe\" id=\"cf_piece_jointe\" data-max_files=\"2\" multiple=\"1\" data-max_size=\"134217728\">\n\t<\/div>\n\t<div class=\"jet-engine-file-upload__message\"><small>Maximum file size: 128 Mo<\/small><\/div>\n\t<div class=\"jet-engine-file-upload__errors is-hidden\"><\/div>\n<\/div><\/div><\/div><div  class=\"jet-form-row jet-form-row--submit\"><div class=\"jet-form-col jet-form-col-12  field-type-submit  jet-form-field-container\" data-field=\"submit\" data-conditional=\"false\"><div class=\"jet-form__submit-wrap\">\n\t\t<button class=\"jet-form__submit submit-type-ajax\" type=\"button\">ENVOYER<\/button>\n<\/div><\/div><\/div><input class=\"jet-form__field hidden-field\" type=\"hidden\" name=\"_jet_engine_nonce\" value=\"e0ce22201a\" data-field-name=\"_jet_engine_nonce\"><\/form><div class=\"jet-form-messages-wrap\" data-form-id=\"1927\"><\/div><\/div>\n","protected":false},"excerpt":{"rendered":"<p>Veuillez joindre l&#8217;\u00e9quipe SRIE pour toute pr\u00e9occupation ou pour un quelconque \u00e9clairage<\/p>\n","protected":false},"author":1,"featured_media":0,"parent":0,"menu_order":0,"comment_status":"closed","ping_status":"closed","template":"","meta":{"_acf_changed":false,"_lmt_disableupdate":"","_lmt_disable":"","pgc_sgb_lightbox_settings":"","footnotes":""},"folder":[],"class_list":["post-1923","page","type-page","status-publish","hentry","clearfix"],"acf":[],"_links":{"self":[{"href":"https:\/\/did-dev.net\/srie\/wp-json\/wp\/v2\/pages\/1923","targetHints":{"allow":["GET"]}}],"collection":[{"href":"https:\/\/did-dev.net\/srie\/wp-json\/wp\/v2\/pages"}],"about":[{"href":"https:\/\/did-dev.net\/srie\/wp-json\/wp\/v2\/types\/page"}],"author":[{"embeddable":true,"href":"https:\/\/did-dev.net\/srie\/wp-json\/wp\/v2\/users\/1"}],"replies":[{"embeddable":true,"href":"https:\/\/did-dev.net\/srie\/wp-json\/wp\/v2\/comments?post=1923"}],"version-history":[{"count":3,"href":"https:\/\/did-dev.net\/srie\/wp-json\/wp\/v2\/pages\/1923\/revisions"}],"predecessor-version":[{"id":2073,"href":"https:\/\/did-dev.net\/srie\/wp-json\/wp\/v2\/pages\/1923\/revisions\/2073"}],"wp:attachment":[{"href":"https:\/\/did-dev.net\/srie\/wp-json\/wp\/v2\/media?parent=1923"}],"wp:term":[{"taxonomy":"folder","embeddable":true,"href":"https:\/\/did-dev.net\/srie\/wp-json\/wp\/v2\/folder?post=1923"}],"curies":[{"name":"wp","href":"https:\/\/api.w.org\/{rel}","templated":true}]}}