{"id":1921,"date":"2025-06-30T11:57:22","date_gmt":"2025-06-30T11:57:22","guid":{"rendered":"https:\/\/did-dev.net\/srie\/?page_id=1921"},"modified":"2025-06-30T11:57:26","modified_gmt":"2025-06-30T11:57:26","slug":"foire-aux-questions-faq","status":"publish","type":"page","link":"https:\/\/did-dev.net\/srie\/foire-aux-questions-faq\/","title":{"rendered":"Foire Aux Questions (FAQ)"},"content":{"rendered":"\n<p style=\"text-align: center;\"><style type=\"text\/css\">.helpie-faq.accordions.groupSettings-58__enabled .accordion .accordion__item .accordion__header{background: #ecfdd3 !important;}<\/style><section id='' \n                class='helpie-faq accordions faq-toggle open-first groupSettings-58__enabled' \n                data-collection='' \n                data-pagination='0' \n                data-search='0' \n                data-pagination-enabled='0'\n                role='region'\n                aria-label='FAQ Section'\n                aria-live='polite'><h3 class=\"collection-title\">FAQ SRIE<\/h3><form class=\"search\" onSubmit=\"return false;\"><div class=\"search__wrapper\"><input type=\"text\" class=\"search__input\" aria-label=\"Search\" placeholder=\"Rechercher dans la FAQ\"><span class=\"search__icon\"><svg class=\"svg-icon--search\" role=\"img\" xmlns=\"http:\/\/www.w3.org\/2000\/svg\" viewBox=\"0 0 22 22\">\r\n                        <g fill=\"none\" stroke=\"#171717\">\r\n                            <path stroke-linecap=\"square\" stroke-width=\"2\" d=\"M18.5 18.3l-5.4-5.4\"\/>\r\n                            <circle cx=\"8\" cy=\"8\" r=\"7\" stroke-width=\"2\"\/>\r\n                        <\/g>\r\n                    <\/svg><\/span><\/div><div class=\"search__message\"><\/div><\/form><article class=\"accordion \"><div class='helpie-faq-row'><div class='helpie-faq-col helpie-faq-col-12' ><ul><li class=\"accordion__item \"><div class=\"accordion__header \" \r\n                id=\"accordion-header-post-1858\"\r\n                role=\"button\"\r\n                aria-expanded=\"false\"\r\n                aria-controls=\"accordion-content-post-1858\"\r\n                data-id=\"post-1858\" \r\n                data-item=\"hfaq-post-1858\" \r\n                style=\"background:transparent;\" \r\n                data-tags=\"\"\r\n                tabindex=\"0\"><div class=\"accordion__title\">1. Qu'est-ce que le SRIE ?<\/div><\/div><div id=\"accordion-content-post-1858\" \r\n                class=\"accordion__body\" \r\n                role=\"region\"\r\n                aria-labelledby=\"accordion-header-post-1858\"\r\n                style=\"background:transparent;\"><!-- wp:paragraph -->\r\n\r\nLe <strong>Syst\u00e8me de Remont\u00e9e des Incident Environnementaux<\/strong>, en abr\u00e9g\u00e9 <strong>SRIE<\/strong>, est un syst\u00e8me num\u00e9rique d\u2019alerte rapide et efficace mis en place par le Minist\u00e8re de l\u2019Environnement, du D\u00e9veloppement Durable et de la Transition Ecologique pour faciliter la gestion des incidents environnementaux en C\u00f4te d'Ivoire.\r\n\r\n<!-- \/wp:paragraph --><\/div><\/li><li class=\"accordion__item \"><div class=\"accordion__header \" \r\n                id=\"accordion-header-post-1861\"\r\n                role=\"button\"\r\n                aria-expanded=\"false\"\r\n                aria-controls=\"accordion-content-post-1861\"\r\n                data-id=\"post-1861\" \r\n                data-item=\"hfaq-post-1861\" \r\n                style=\"background:transparent;\" \r\n                data-tags=\"\"\r\n                tabindex=\"0\"><div class=\"accordion__title\">2. Quel est l'objectif du SRIE ?<\/div><\/div><div id=\"accordion-content-post-1861\" \r\n                class=\"accordion__body\" \r\n                role=\"region\"\r\n                aria-labelledby=\"accordion-header-post-1861\"\r\n                style=\"background:transparent;\">L'objectif principal est de permettre \u00e0 la population de faire une remont\u00e9e rapide et efficace des informations sur les incidents environnementaux, afin de mieux les g\u00e9rer et de prot\u00e9ger l'environnement.<\/div><\/li><li class=\"accordion__item \"><div class=\"accordion__header \" \r\n                id=\"accordion-header-post-1863\"\r\n                role=\"button\"\r\n                aria-expanded=\"false\"\r\n                aria-controls=\"accordion-content-post-1863\"\r\n                data-id=\"post-1863\" \r\n                data-item=\"hfaq-post-1863\" \r\n                style=\"background:transparent;\" \r\n                data-tags=\"\"\r\n                tabindex=\"0\"><div class=\"accordion__title\">3. Quels types d'incidents environnementaux sont couverts par le SRIE ?<\/div><\/div><div id=\"accordion-content-post-1863\" \r\n                class=\"accordion__body\" \r\n                role=\"region\"\r\n                aria-labelledby=\"accordion-header-post-1863\"\r\n                style=\"background:transparent;\">Le syst\u00e8me couvre un large \u00e9ventail d'incidents, notamment l'orpaillage clandestin, les d\u00e9versements p\u00e9troliers, les feux de for\u00eat et les \u00e9boulements rocheux ...<\/div><\/li><li class=\"accordion__item \"><div class=\"accordion__header \" \r\n                id=\"accordion-header-post-1865\"\r\n                role=\"button\"\r\n                aria-expanded=\"false\"\r\n                aria-controls=\"accordion-content-post-1865\"\r\n                data-id=\"post-1865\" \r\n                data-item=\"hfaq-post-1865\" \r\n                style=\"background:transparent;\" \r\n                data-tags=\"\"\r\n                tabindex=\"0\"><div class=\"accordion__title\">4. Comment signaler un incident environnemental via le SRIE ?<\/div><\/div><div id=\"accordion-content-post-1865\" \r\n                class=\"accordion__body\" \r\n                role=\"region\"\r\n                aria-labelledby=\"accordion-header-post-1865\"\r\n                style=\"background:transparent;\">A travers, l\u2019application SRIE t\u00e9l\u00e9chargeable sur Play store et App store, le num\u00e9ro vert 1372 \u2026<\/div><\/li><li class=\"accordion__item \"><div class=\"accordion__header \" \r\n                id=\"accordion-header-post-1935\"\r\n                role=\"button\"\r\n                aria-expanded=\"false\"\r\n                aria-controls=\"accordion-content-post-1935\"\r\n                data-id=\"post-1935\" \r\n                data-item=\"hfaq-post-1935\" \r\n                style=\"background:transparent;\" \r\n                data-tags=\"\"\r\n                tabindex=\"0\"><div class=\"accordion__title\">5. Qui peut utiliser le SRIE ?<\/div><\/div><div id=\"accordion-content-post-1935\" \r\n                class=\"accordion__body\" \r\n                role=\"region\"\r\n                aria-labelledby=\"accordion-header-post-1935\"\r\n                style=\"background:transparent;\"><!-- wp:paragraph -->\r\n<p style=\"text-align: justify\">Le syst\u00e8me est con\u00e7u pour \u00eatre accessible \u00e0 tous les citoyens ivoiriens.<\/p>\r\n<!-- \/wp:paragraph --><\/div><\/li><li class=\"accordion__item \"><div class=\"accordion__header \" \r\n                id=\"accordion-header-post-1937\"\r\n                role=\"button\"\r\n                aria-expanded=\"false\"\r\n                aria-controls=\"accordion-content-post-1937\"\r\n                data-id=\"post-1937\" \r\n                data-item=\"hfaq-post-1937\" \r\n                style=\"background:transparent;\" \r\n                data-tags=\"\"\r\n                tabindex=\"0\"><div class=\"accordion__title\">6. Quelles sont les sanctions en cas de non-respect des r\u00e9glementations environnementales ?<\/div><\/div><div id=\"accordion-content-post-1937\" \r\n                class=\"accordion__body\" \r\n                role=\"region\"\r\n                aria-labelledby=\"accordion-header-post-1937\"\r\n                style=\"background:transparent;\">Les sanctions varient selon la gravit\u00e9 de l'infraction et sont d\u00e9finies par le code de l\u2019environnement.<\/div><\/li><li class=\"accordion__item \"><div class=\"accordion__header \" \r\n                id=\"accordion-header-post-1938\"\r\n                role=\"button\"\r\n                aria-expanded=\"false\"\r\n                aria-controls=\"accordion-content-post-1938\"\r\n                data-id=\"post-1938\" \r\n                data-item=\"hfaq-post-1938\" \r\n                style=\"background:transparent;\" \r\n                data-tags=\"\"\r\n                tabindex=\"0\"><div class=\"accordion__title\">7. Comment le SRIE contribue-t-il \u00e0 lutter contre l'orpaillage clandestin ?<\/div><\/div><div id=\"accordion-content-post-1938\" \r\n                class=\"accordion__body\" \r\n                role=\"region\"\r\n                aria-labelledby=\"accordion-header-post-1938\"\r\n                style=\"background:transparent;\">Le SRIE permet au citoyen lambda de signaler plus facilement les sites d'orpaillage ill\u00e9gaux, facilitant ainsi l'intervention des autorit\u00e9s.<\/div><\/li><li class=\"accordion__item \"><div class=\"accordion__header \" \r\n                id=\"accordion-header-post-1941\"\r\n                role=\"button\"\r\n                aria-expanded=\"false\"\r\n                aria-controls=\"accordion-content-post-1941\"\r\n                data-id=\"post-1941\" \r\n                data-item=\"hfaq-post-1941\" \r\n                style=\"background:transparent;\" \r\n                data-tags=\"\"\r\n                tabindex=\"0\"><div class=\"accordion__title\">8. Comment le SRIE aide-t-il \u00e0 g\u00e9rer les d\u00e9versements p\u00e9troliers ?<\/div><\/div><div id=\"accordion-content-post-1941\" \r\n                class=\"accordion__body\" \r\n                role=\"region\"\r\n                aria-labelledby=\"accordion-header-post-1941\"\r\n                style=\"background:transparent;\"><p style=\"text-align: justify\">Le syst\u00e8me permet une r\u00e9ponse rapide aux d\u00e9versements, en permettant une localisation pr\u00e9cise et une intervention rapide des experts en la mati\u00e8re.<\/p><\/div><\/li><li class=\"accordion__item \"><div class=\"accordion__header \" \r\n                id=\"accordion-header-post-1943\"\r\n                role=\"button\"\r\n                aria-expanded=\"false\"\r\n                aria-controls=\"accordion-content-post-1943\"\r\n                data-id=\"post-1943\" \r\n                data-item=\"hfaq-post-1943\" \r\n                style=\"background:transparent;\" \r\n                data-tags=\"\"\r\n                tabindex=\"0\"><div class=\"accordion__title\">9. Quelles mesures sont prises pour pr\u00e9venir les feux de for\u00eat ?<\/div><\/div><div id=\"accordion-content-post-1943\" \r\n                class=\"accordion__body\" \r\n                role=\"region\"\r\n                aria-labelledby=\"accordion-header-post-1943\"\r\n                style=\"background:transparent;\"><p style=\"text-align: justify\">Le SRIE permet de signaler de fa\u00e7on rapide des feux, facilitant l'intervention rapide des services comp\u00e9tents pour leur extinction. Des mesures pr\u00e9ventives, comme la sensibilisation aux risques et les contr\u00f4les r\u00e9guliers, seront prises.<\/p><\/div><\/li><li class=\"accordion__item \"><div class=\"accordion__header \" \r\n                id=\"accordion-header-post-1944\"\r\n                role=\"button\"\r\n                aria-expanded=\"false\"\r\n                aria-controls=\"accordion-content-post-1944\"\r\n                data-id=\"post-1944\" \r\n                data-item=\"hfaq-post-1944\" \r\n                style=\"background:transparent;\" \r\n                data-tags=\"\"\r\n                tabindex=\"0\"><div class=\"accordion__title\">10. Comment le SRIE g\u00e8re-t-il les \u00e9boulements rocheux ?<\/div><\/div><div id=\"accordion-content-post-1944\" \r\n                class=\"accordion__body\" \r\n                role=\"region\"\r\n                aria-labelledby=\"accordion-header-post-1944\"\r\n                style=\"background:transparent;\"><p style=\"text-align: justify\">Le syst\u00e8me permettra une meilleure surveillance des zones \u00e0 risque d'\u00e9boulement, permettant une anticipation efficiente et une r\u00e9action plus rapide en cas d'incident.<\/p><\/div><\/li><li class=\"accordion__item \"><div class=\"accordion__header \" \r\n                id=\"accordion-header-post-1945\"\r\n                role=\"button\"\r\n                aria-expanded=\"false\"\r\n                aria-controls=\"accordion-content-post-1945\"\r\n                data-id=\"post-1945\" \r\n                data-item=\"hfaq-post-1945\" \r\n                style=\"background:transparent;\" \r\n                data-tags=\"\"\r\n                tabindex=\"0\"><div class=\"accordion__title\">11. Quel est le budget allou\u00e9 au projet SRIE ?<\/div><\/div><div id=\"accordion-content-post-1945\" \r\n                class=\"accordion__body\" \r\n                role=\"region\"\r\n                aria-labelledby=\"accordion-header-post-1945\"\r\n                style=\"background:transparent;\"><p style=\"text-align: justify\">Le projet SRIE est financ\u00e9 par l\u2019\u00c9tat de C\u00f4te d\u2019Ivoire \u00e0 hauteur de 574 942 500 Francs CFA sur trois ans.<\/p><\/div><\/li><li class=\"accordion__item \"><div class=\"accordion__header \" \r\n                id=\"accordion-header-post-1949\"\r\n                role=\"button\"\r\n                aria-expanded=\"false\"\r\n                aria-controls=\"accordion-content-post-1949\"\r\n                data-id=\"post-1949\" \r\n                data-item=\"hfaq-post-1949\" \r\n                style=\"background:transparent;\" \r\n                data-tags=\"\"\r\n                tabindex=\"0\"><div class=\"accordion__title\">12. Quelle est la dur\u00e9e du projet SRIE ?<\/div><\/div><div id=\"accordion-content-post-1949\" \r\n                class=\"accordion__body\" \r\n                role=\"region\"\r\n                aria-labelledby=\"accordion-header-post-1949\"\r\n                style=\"background:transparent;\"><p style=\"text-align: justify\">Le projet est pr\u00e9vu pour une dur\u00e9e de 3 ans.<\/p><\/div><\/li><li class=\"accordion__item \"><div class=\"accordion__header \" \r\n                id=\"accordion-header-post-1950\"\r\n                role=\"button\"\r\n                aria-expanded=\"false\"\r\n                aria-controls=\"accordion-content-post-1950\"\r\n                data-id=\"post-1950\" \r\n                data-item=\"hfaq-post-1950\" \r\n                style=\"background:transparent;\" \r\n                data-tags=\"\"\r\n                tabindex=\"0\"><div class=\"accordion__title\">13. Quelles technologies sont utilis\u00e9es dans le cadre du SRIE ?<\/div><\/div><div id=\"accordion-content-post-1950\" \r\n                class=\"accordion__body\" \r\n                role=\"region\"\r\n                aria-labelledby=\"accordion-header-post-1950\"\r\n                style=\"background:transparent;\"><p style=\"text-align: justify\">Le syst\u00e8me s'appuie sur des outils num\u00e9riques, probablement incluant des plateformes en ligne, des applications mobiles, formulaire web \u2026<\/p><\/div><\/li><li class=\"accordion__item \"><div class=\"accordion__header \" \r\n                id=\"accordion-header-post-1951\"\r\n                role=\"button\"\r\n                aria-expanded=\"false\"\r\n                aria-controls=\"accordion-content-post-1951\"\r\n                data-id=\"post-1951\" \r\n                data-item=\"hfaq-post-1951\" \r\n                style=\"background:transparent;\" \r\n                data-tags=\"\"\r\n                tabindex=\"0\"><div class=\"accordion__title\">14. Quelles sont les diff\u00e9rentes \u00e9tapes de la mise en \u0153uvre du SRIE ?<\/div><\/div><div id=\"accordion-content-post-1951\" \r\n                class=\"accordion__body\" \r\n                role=\"region\"\r\n                aria-labelledby=\"accordion-header-post-1951\"\r\n                style=\"background:transparent;\"><p style=\"text-align: justify\">La mise en \u0153uvre comprendra probablement le d\u00e9veloppement de la plateforme, sa diffusion aupr\u00e8s du public, la formation des utilisateurs et le suivi des incidents signal\u00e9s.<\/p><\/div><\/li><li class=\"accordion__item \"><div class=\"accordion__header \" \r\n                id=\"accordion-header-post-1952\"\r\n                role=\"button\"\r\n                aria-expanded=\"false\"\r\n                aria-controls=\"accordion-content-post-1952\"\r\n                data-id=\"post-1952\" \r\n                data-item=\"hfaq-post-1952\" \r\n                style=\"background:transparent;\" \r\n                data-tags=\"\"\r\n                tabindex=\"0\"><div class=\"accordion__title\">15. Comment les donn\u00e9es collect\u00e9es par le SRIE sont-elles utilis\u00e9es ?<\/div><\/div><div id=\"accordion-content-post-1952\" \r\n                class=\"accordion__body\" \r\n                role=\"region\"\r\n                aria-labelledby=\"accordion-header-post-1952\"\r\n                style=\"background:transparent;\"><p style=\"text-align: justify\">Les donn\u00e9es serviront \u00e0 l'analyse des risques environnementaux, \u00e0 l'\u00e9laboration de politiques publiques et \u00e0 l'\u00e9valuation de l'efficacit\u00e9 des mesures prises et de la plateforme SRIE.<\/p><\/div><\/li><li class=\"accordion__item \"><div class=\"accordion__header \" \r\n                id=\"accordion-header-post-1953\"\r\n                role=\"button\"\r\n                aria-expanded=\"false\"\r\n                aria-controls=\"accordion-content-post-1953\"\r\n                data-id=\"post-1953\" \r\n                data-item=\"hfaq-post-1953\" \r\n                style=\"background:transparent;\" \r\n                data-tags=\"\"\r\n                tabindex=\"0\"><div class=\"accordion__title\">16. Y a-t-il une collaboration internationale dans le cadre du SRIE ?<\/div><\/div><div id=\"accordion-content-post-1953\" \r\n                class=\"accordion__body\" \r\n                role=\"region\"\r\n                aria-labelledby=\"accordion-header-post-1953\"\r\n                style=\"background:transparent;\"><p style=\"text-align: justify\">Des collaborations internationales sont possibles, mais les informations pr\u00e9cises sur ce point ne sont pas disponibles dans les r\u00e9f\u00e9rences fournies.<\/p><\/div><\/li><li class=\"accordion__item \"><div class=\"accordion__header \" \r\n                id=\"accordion-header-post-1954\"\r\n                role=\"button\"\r\n                aria-expanded=\"false\"\r\n                aria-controls=\"accordion-content-post-1954\"\r\n                data-id=\"post-1954\" \r\n                data-item=\"hfaq-post-1954\" \r\n                style=\"background:transparent;\" \r\n                data-tags=\"\"\r\n                tabindex=\"0\"><div class=\"accordion__title\">17. Quelles sont les perspectives d'avenir du SRIE ?<\/div><\/div><div id=\"accordion-content-post-1954\" \r\n                class=\"accordion__body\" \r\n                role=\"region\"\r\n                aria-labelledby=\"accordion-header-post-1954\"\r\n                style=\"background:transparent;\"><p style=\"text-align: justify\">Le syst\u00e8me pourrait \u00eatre am\u00e9lior\u00e9 au fil du temps gr\u00e2ce \u00e0 l'int\u00e9gration de nouvelles technologies et \u00e0 l'analyse des donn\u00e9es collect\u00e9es.<\/p><\/div><\/li><li class=\"accordion__item \"><div class=\"accordion__header \" \r\n                id=\"accordion-header-post-1955\"\r\n                role=\"button\"\r\n                aria-expanded=\"false\"\r\n                aria-controls=\"accordion-content-post-1955\"\r\n                data-id=\"post-1955\" \r\n                data-item=\"hfaq-post-1955\" \r\n                style=\"background:transparent;\" \r\n                data-tags=\"\"\r\n                tabindex=\"0\"><div class=\"accordion__title\">18. O\u00f9 trouver plus d'informations sur le SRIE ?<\/div><\/div><div id=\"accordion-content-post-1955\" \r\n                class=\"accordion__body\" \r\n                role=\"region\"\r\n                aria-labelledby=\"accordion-header-post-1955\"\r\n                style=\"background:transparent;\"><p style=\"text-align: justify\">Il est conseill\u00e9 de consulter le site web du Minist\u00e8re de l\u2019Environnement, du D\u00e9veloppement Durable et de la Transition Ecologique et les plateformes de SRIE pour obtenir des informations plus d\u00e9taill\u00e9es sur le projet.<\/p><\/div><\/li><li class=\"accordion__item \"><div class=\"accordion__header \" \r\n                id=\"accordion-header-post-1956\"\r\n                role=\"button\"\r\n                aria-expanded=\"false\"\r\n                aria-controls=\"accordion-content-post-1956\"\r\n                data-id=\"post-1956\" \r\n                data-item=\"hfaq-post-1956\" \r\n                style=\"background:transparent;\" \r\n                data-tags=\"\"\r\n                tabindex=\"0\"><div class=\"accordion__title\">19. Comment garantir la confidentialit\u00e9 des informations transmises via le SRIE ?<\/div><\/div><div id=\"accordion-content-post-1956\" \r\n                class=\"accordion__body\" \r\n                role=\"region\"\r\n                aria-labelledby=\"accordion-header-post-1956\"\r\n                style=\"background:transparent;\"><p style=\"text-align: justify\">Des mesures de s\u00e9curit\u00e9 seront mises en place pour prot\u00e9ger la confidentialit\u00e9 des donn\u00e9es personnelles et autres informations sensibles transmises via le syst\u00e8me \u00e0 travers le couvert d\u2019anonymat.<\/p><\/div><\/li><li class=\"accordion__item \"><div class=\"accordion__header \" \r\n                id=\"accordion-header-post-1957\"\r\n                role=\"button\"\r\n                aria-expanded=\"false\"\r\n                aria-controls=\"accordion-content-post-1957\"\r\n                data-id=\"post-1957\" \r\n                data-item=\"hfaq-post-1957\" \r\n                style=\"background:transparent;\" \r\n                data-tags=\"\"\r\n                tabindex=\"0\"><div class=\"accordion__title\">20. Quelles sont les limites du SRIE ?<\/div><\/div><div id=\"accordion-content-post-1957\" \r\n                class=\"accordion__body\" \r\n                role=\"region\"\r\n                aria-labelledby=\"accordion-header-post-1957\"\r\n                style=\"background:transparent;\"><p style=\"text-align: justify\">Le succ\u00e8s du SRIE d\u00e9pendra de la participation active des citoyens et de l'efficacit\u00e9 des autorit\u00e9s dans la r\u00e9ponse aux incidents signal\u00e9s. Des limitations peuvent survenir en cas d'acc\u00e8s limit\u00e9 \u00e0 internet ou d'un manque de ressources pour traiter toutes les signalisations, mais aussi de la faiblesse des fonds de maintenance du projet.<\/p><\/div><\/li><\/ul><\/div><\/div><\/article><\/section>.<\/p>\n","protected":false},"excerpt":{"rendered":"<p>.<\/p>\n","protected":false},"author":1,"featured_media":0,"parent":0,"menu_order":0,"comment_status":"closed","ping_status":"closed","template":"","meta":{"_acf_changed":false,"_lmt_disableupdate":"","_lmt_disable":"","pgc_sgb_lightbox_settings":"","footnotes":""},"folder":[],"class_list":["post-1921","page","type-page","status-publish","hentry","clearfix"],"acf":[],"_links":{"self":[{"href":"https:\/\/did-dev.net\/srie\/wp-json\/wp\/v2\/pages\/1921","targetHints":{"allow":["GET"]}}],"collection":[{"href":"https:\/\/did-dev.net\/srie\/wp-json\/wp\/v2\/pages"}],"about":[{"href":"https:\/\/did-dev.net\/srie\/wp-json\/wp\/v2\/types\/page"}],"author":[{"embeddable":true,"href":"https:\/\/did-dev.net\/srie\/wp-json\/wp\/v2\/users\/1"}],"replies":[{"embeddable":true,"href":"https:\/\/did-dev.net\/srie\/wp-json\/wp\/v2\/comments?post=1921"}],"version-history":[{"count":1,"href":"https:\/\/did-dev.net\/srie\/wp-json\/wp\/v2\/pages\/1921\/revisions"}],"predecessor-version":[{"id":1922,"href":"https:\/\/did-dev.net\/srie\/wp-json\/wp\/v2\/pages\/1921\/revisions\/1922"}],"wp:attachment":[{"href":"https:\/\/did-dev.net\/srie\/wp-json\/wp\/v2\/media?parent=1921"}],"wp:term":[{"taxonomy":"folder","embeddable":true,"href":"https:\/\/did-dev.net\/srie\/wp-json\/wp\/v2\/folder?post=1921"}],"curies":[{"name":"wp","href":"https:\/\/api.w.org\/{rel}","templated":true}]}}