{"id":1913,"date":"2025-06-30T10:59:47","date_gmt":"2025-06-30T10:59:47","guid":{"rendered":"https:\/\/did-dev.net\/srie\/?page_id=1913"},"modified":"2025-06-30T10:59:49","modified_gmt":"2025-06-30T10:59:49","slug":"qui-sommes-nous","status":"publish","type":"page","link":"https:\/\/did-dev.net\/srie\/qui-sommes-nous\/","title":{"rendered":"Qui sommes-nous ?"},"content":{"rendered":"\n<p style=\"text-align: justify;\">Le SRIE (Syst\u00e8me de Remont\u00e9e des Incidents Environnementaux) est une plate-forme num\u00e9rique d\u2019alerte et de solution de pr\u00e9vention de risques li\u00e9s \u00e0 l\u2019environnement. Le projet de <strong>syst\u00e8me de remont\u00e9e des incidents environnementaux (SRIE)<\/strong>\u00a0est financ\u00e9 par l\u2019\u00e9tat de c\u00f4te d\u2019ivoire et est log\u00e9 au sein de la direction de l\u2019informatique et de la documentation (DID), le SRIE est mis en place dans l\u2019optique de faciliter \u00e0 la population de signaler et de d\u00e9noncer tout types d\u2019incident environnemental de fa\u00e7on rapide et efficace.<\/p>\n<p style=\"text-align: justify;\">En effet, le constat des probl\u00e8mes environnementaux existe bel et bien en C\u00f4te d\u2019Ivoire, mais la population ivoirienne ne sait toujours pas comment la remonter vers les sp\u00e9cialistes de l\u2019environnement en charge de ces dossiers, pour leur prise en charge et leur traitement.<\/p>\n<p style=\"text-align: justify;\">Ainsi la population abandonne purement et simplement l\u2019intention de signaler tout risque ou probl\u00e8me constat\u00e9 en raison de l\u2019absence ou l\u2019inexistence d\u2019un moyen facile de remont\u00e9e du constat effectu\u00e9 vers le Minist\u00e8re en charge, c\u2019est-\u00e0-dire le Minist\u00e8re de l\u2019environnement, du d\u00e9veloppement durable et de la transition \u00e9cologique.<\/p>\n<p>C&#8217;est fort est de ce constat que le (SRIE) a \u00e9t\u00e9 mis en place.<\/p>\n<p>Parmi les cas d\u2019incidents couverts, nous avons :<\/p>\n<ul>\n<li>Les d\u00e9versements p\u00e9troliers ;<\/li>\n<li>Les accidents chimiques ;<\/li>\n<li>Les mouvements de terrain ;<\/li>\n<li>Les feux de for\u00eat ;<\/li>\n<li>Les inondations ;<\/li>\n<li>Les s\u00e9cheresses ;<\/li>\n<li>Les d\u00e9sertifications ;<\/li>\n<li>Les \u00e9boulements rocheux ;<\/li>\n<li>Les pollutions industrielles ;<\/li>\n<li>Les pollutions atmosph\u00e9riques ;<\/li>\n<li>Les orpaillages clandestins ;<\/li>\n<li>Les \u00e9rosions c\u00f4ti\u00e8res.<\/li>\n<\/ul>\n<p style=\"text-align: justify;\">\u00a0<\/p>\n\n\n","protected":false},"excerpt":{"rendered":"<p>Le SRIE (Syst\u00e8me de Remont\u00e9e des Incidents Environnementaux) est une plate-forme num\u00e9rique d\u2019alerte et de solution de pr\u00e9vention de risques li\u00e9s \u00e0 l\u2019environnement. Le projet de syst\u00e8me de remont\u00e9e des incidents environnementaux (SRIE)\u00a0est financ\u00e9 par l\u2019\u00e9tat de c\u00f4te d\u2019ivoire et est log\u00e9 au sein de la direction de l\u2019informatique et de la documentation (DID), le [&hellip;]<\/p>\n","protected":false},"author":1,"featured_media":0,"parent":0,"menu_order":0,"comment_status":"closed","ping_status":"closed","template":"","meta":{"_acf_changed":false,"_lmt_disableupdate":"","_lmt_disable":"","pgc_sgb_lightbox_settings":"","footnotes":""},"folder":[],"class_list":["post-1913","page","type-page","status-publish","hentry","clearfix"],"acf":[],"_links":{"self":[{"href":"https:\/\/did-dev.net\/srie\/wp-json\/wp\/v2\/pages\/1913","targetHints":{"allow":["GET"]}}],"collection":[{"href":"https:\/\/did-dev.net\/srie\/wp-json\/wp\/v2\/pages"}],"about":[{"href":"https:\/\/did-dev.net\/srie\/wp-json\/wp\/v2\/types\/page"}],"author":[{"embeddable":true,"href":"https:\/\/did-dev.net\/srie\/wp-json\/wp\/v2\/users\/1"}],"replies":[{"embeddable":true,"href":"https:\/\/did-dev.net\/srie\/wp-json\/wp\/v2\/comments?post=1913"}],"version-history":[{"count":1,"href":"https:\/\/did-dev.net\/srie\/wp-json\/wp\/v2\/pages\/1913\/revisions"}],"predecessor-version":[{"id":1914,"href":"https:\/\/did-dev.net\/srie\/wp-json\/wp\/v2\/pages\/1913\/revisions\/1914"}],"wp:attachment":[{"href":"https:\/\/did-dev.net\/srie\/wp-json\/wp\/v2\/media?parent=1913"}],"wp:term":[{"taxonomy":"folder","embeddable":true,"href":"https:\/\/did-dev.net\/srie\/wp-json\/wp\/v2\/folder?post=1913"}],"curies":[{"name":"wp","href":"https:\/\/api.w.org\/{rel}","templated":true}]}}