{"id":1916,"date":"2025-04-03T12:57:29","date_gmt":"2025-04-03T12:57:29","guid":{"rendered":"https:\/\/did-dev.net\/promire-dev\/?page_id=1916"},"modified":"2025-04-07T10:16:53","modified_gmt":"2025-04-07T10:16:53","slug":"faq","status":"publish","type":"page","link":"https:\/\/did-dev.net\/promire-dev\/faq\/","title":{"rendered":"FAQ"},"content":{"rendered":"\n<p style=\"text-align: center;\"><style type=\"text\/css\">.helpie-faq.accordions.groupSettings-58__enabled .accordion .accordion__item .accordion__header{background: #ecfdd3 !important;}<\/style><section id='' \n                class='helpie-faq accordions faq-toggle open-first groupSettings-58__enabled' \n                data-collection='' \n                data-pagination='0' \n                data-search='0' \n                data-pagination-enabled='0'\n                role='region'\n                aria-label='FAQ Section'\n                aria-live='polite'><h3 class=\"collection-title\">FAQ PROMIRE<\/h3><form class=\"search\" onSubmit=\"return false;\"><div class=\"search__wrapper\"><input type=\"text\" class=\"search__input\" aria-label=\"Search\" placeholder=\"Rechercher dans la FAQ\"><span class=\"search__icon\"><svg class=\"svg-icon--search\" role=\"img\" xmlns=\"http:\/\/www.w3.org\/2000\/svg\" viewBox=\"0 0 22 22\">\r\n                        <g fill=\"none\" stroke=\"#171717\">\r\n                            <path stroke-linecap=\"square\" stroke-width=\"2\" d=\"M18.5 18.3l-5.4-5.4\"\/>\r\n                            <circle cx=\"8\" cy=\"8\" r=\"7\" stroke-width=\"2\"\/>\r\n                        <\/g>\r\n                    <\/svg><\/span><\/div><div class=\"search__message\"><\/div><\/form><article class=\"accordion \"><div class='helpie-faq-row'><div class='helpie-faq-col helpie-faq-col-12' ><ul><li class=\"accordion__item \"><div class=\"accordion__header \" \r\n                id=\"accordion-header-post-1858\"\r\n                role=\"button\"\r\n                aria-expanded=\"false\"\r\n                aria-controls=\"accordion-content-post-1858\"\r\n                data-id=\"post-1858\" \r\n                data-item=\"hfaq-post-1858\" \r\n                style=\"background:transparent;\" \r\n                data-tags=\"\"\r\n                tabindex=\"0\"><div class=\"accordion__title\">Que signifie PROMIRE ?<\/div><\/div><div id=\"accordion-content-post-1858\" \r\n                class=\"accordion__body\" \r\n                role=\"region\"\r\n                aria-labelledby=\"accordion-header-post-1858\"\r\n                style=\"background:transparent;\"><!-- wp:paragraph -->\r\n\r\nPROMIRE signifie \"Promouvoir une production de cacao sans d\u00e9forestation pour r\u00e9duire les \u00e9missions en C\u00f4te d'Ivoire\".\r\n\r\n<!-- \/wp:paragraph --><\/div><\/li><li class=\"accordion__item \"><div class=\"accordion__header \" \r\n                id=\"accordion-header-post-1861\"\r\n                role=\"button\"\r\n                aria-expanded=\"false\"\r\n                aria-controls=\"accordion-content-post-1861\"\r\n                data-id=\"post-1861\" \r\n                data-item=\"hfaq-post-1861\" \r\n                style=\"background:transparent;\" \r\n                data-tags=\"\"\r\n                tabindex=\"0\"><div class=\"accordion__title\">Qu'est-ce que le PROMIRE ?<\/div><\/div><div id=\"accordion-content-post-1861\" \r\n                class=\"accordion__body\" \r\n                role=\"region\"\r\n                aria-labelledby=\"accordion-header-post-1861\"\r\n                style=\"background:transparent;\"><!-- wp:paragraph -->\r\n<p style=\"text-align: justify\">Lorem ipsum dolor sit amet, consectetur adipiscing elit. Sed non risus. Suspendisse lectus tortor, dignissim sit amet, adipiscing nec, ultricies sed, dolor. Cras elementum ultrices diam. Maecenas ligula massa, varius a, semper congue, euismod non, mi. Proin porttitor, orci nec nonummy molestie, enim est eleifend mi, non fermentum diam nisl sit amet erat. Duis semper. Duis arcu massa, scelerisque vitae, consequat in, pretium a, enim. Pellentesque congue. Ut in risus volutpat libero pharetra tempor. Cras vestibulum bibendum augue. Praesent egestas leo in pede.<\/p>\r\n<!-- \/wp:paragraph --><\/div><\/li><li class=\"accordion__item \"><div class=\"accordion__header \" \r\n                id=\"accordion-header-post-1863\"\r\n                role=\"button\"\r\n                aria-expanded=\"false\"\r\n                aria-controls=\"accordion-content-post-1863\"\r\n                data-id=\"post-1863\" \r\n                data-item=\"hfaq-post-1863\" \r\n                style=\"background:transparent;\" \r\n                data-tags=\"\"\r\n                tabindex=\"0\"><div class=\"accordion__title\">Quand est-ce que le projet a \u00e9t\u00e9 lanc\u00e9 ?<\/div><\/div><div id=\"accordion-content-post-1863\" \r\n                class=\"accordion__body\" \r\n                role=\"region\"\r\n                aria-labelledby=\"accordion-header-post-1863\"\r\n                style=\"background:transparent;\"><!-- wp:paragraph -->\r\n<p style=\"text-align: justify\">Lorem ipsum dolor sit amet, consectetur adipiscing elit. Sed non risus. Suspendisse lectus tortor, dignissim sit amet, adipiscing nec, ultricies sed, dolor. Cras elementum ultrices diam. Maecenas ligula massa, varius a, semper congue, euismod non, mi. Proin porttitor, orci nec nonummy molestie, enim est eleifend mi, non fermentum diam nisl sit amet erat. Duis semper. Duis arcu massa, scelerisque vitae, consequat in, pretium a, enim. Pellentesque congue. Ut in risus volutpat libero pharetra tempor. Cras vestibulum bibendum augue. Praesent egestas leo in pede.<\/p>\r\n<!-- \/wp:paragraph --><\/div><\/li><li class=\"accordion__item \"><div class=\"accordion__header \" \r\n                id=\"accordion-header-post-1865\"\r\n                role=\"button\"\r\n                aria-expanded=\"false\"\r\n                aria-controls=\"accordion-content-post-1865\"\r\n                data-id=\"post-1865\" \r\n                data-item=\"hfaq-post-1865\" \r\n                style=\"background:transparent;\" \r\n                data-tags=\"\"\r\n                tabindex=\"0\"><div class=\"accordion__title\">Comment peut-on y participer ?<\/div><\/div><div id=\"accordion-content-post-1865\" \r\n                class=\"accordion__body\" \r\n                role=\"region\"\r\n                aria-labelledby=\"accordion-header-post-1865\"\r\n                style=\"background:transparent;\"><!-- wp:paragraph -->\r\n<p style=\"text-align: justify\">Lorem ipsum dolor sit amet, consectetur adipiscing elit. Sed non risus. Suspendisse lectus tortor, dignissim sit amet, adipiscing nec, ultricies sed, dolor. Cras elementum ultrices diam. Maecenas ligula massa, varius a, semper congue, euismod non, mi. Proin porttitor, orci nec nonummy molestie, enim est eleifend mi, non fermentum diam nisl sit amet erat. Duis semper. Duis arcu massa, scelerisque vitae, consequat in, pretium a, enim. Pellentesque congue. Ut in risus volutpat libero pharetra tempor. Cras vestibulum bibendum augue. Praesent egestas leo in pede.<\/p>\r\n<!-- \/wp:paragraph --><\/div><\/li><\/ul><\/div><\/div><\/article><\/section>.<\/p>\n","protected":false},"excerpt":{"rendered":"<p>.<\/p>\n","protected":false},"author":1,"featured_media":0,"parent":0,"menu_order":0,"comment_status":"closed","ping_status":"closed","template":"","meta":{"_acf_changed":false,"_lmt_disableupdate":"","_lmt_disable":"","pgc_sgb_lightbox_settings":"","footnotes":""},"folder":[],"class_list":["post-1916","page","type-page","status-publish","hentry","clearfix"],"acf":[],"_links":{"self":[{"href":"https:\/\/did-dev.net\/promire-dev\/wp-json\/wp\/v2\/pages\/1916","targetHints":{"allow":["GET"]}}],"collection":[{"href":"https:\/\/did-dev.net\/promire-dev\/wp-json\/wp\/v2\/pages"}],"about":[{"href":"https:\/\/did-dev.net\/promire-dev\/wp-json\/wp\/v2\/types\/page"}],"author":[{"embeddable":true,"href":"https:\/\/did-dev.net\/promire-dev\/wp-json\/wp\/v2\/users\/1"}],"replies":[{"embeddable":true,"href":"https:\/\/did-dev.net\/promire-dev\/wp-json\/wp\/v2\/comments?post=1916"}],"version-history":[{"count":2,"href":"https:\/\/did-dev.net\/promire-dev\/wp-json\/wp\/v2\/pages\/1916\/revisions"}],"predecessor-version":[{"id":1947,"href":"https:\/\/did-dev.net\/promire-dev\/wp-json\/wp\/v2\/pages\/1916\/revisions\/1947"}],"wp:attachment":[{"href":"https:\/\/did-dev.net\/promire-dev\/wp-json\/wp\/v2\/media?parent=1916"}],"wp:term":[{"taxonomy":"folder","embeddable":true,"href":"https:\/\/did-dev.net\/promire-dev\/wp-json\/wp\/v2\/folder?post=1916"}],"curies":[{"name":"wp","href":"https:\/\/api.w.org\/{rel}","templated":true}]}}