{"id":1912,"date":"2025-04-03T12:53:09","date_gmt":"2025-04-03T12:53:09","guid":{"rendered":"https:\/\/did-dev.net\/promire-dev\/?page_id=1912"},"modified":"2025-07-17T19:50:03","modified_gmt":"2025-07-17T19:50:03","slug":"carte-des-contours-de-parcelles","status":"publish","type":"page","link":"https:\/\/did-dev.net\/promire-dev\/carte-des-contours-de-parcelles\/","title":{"rendered":"Carte des contours de parcelles"},"content":{"rendered":"\n<p style=\"text-align: justify;\"><span style=\"font-family: verdana, geneva, sans-serif;\"><strong>Contour des sites d&#8217;Agroforesterie, d&#8217;Agrosyst\u00e8mes et de Restauration foresti\u00e8re<\/strong><\/span><br \/><span style=\"font-family: verdana, geneva, sans-serif;\">Sur la carte ci-dessous nous pr\u00e9sentons par r\u00e9gion, les contours des sites d&#8217;<strong>Agroforesterie, d&#8217;Agrosyst\u00e8mes (AFAS)<\/strong> et de <strong>Restauration foresti\u00e8re (RF)<\/strong> sur lesquels le projet PROMIRE a intervenu pour une exploitation agricole durable, intelligente et protectrice de l\u2019environnement. Chaque r\u00e9gion est d\u00e9limit\u00e9e en couleur bleu avec un fond transparent.\u00a0<\/span><br \/><span style=\"color: #ff0000; font-family: verdana, geneva, sans-serif;\"><strong>Il est possible de voir le contour des parcelles sp\u00e9cifi\u00e9es, ainsi que des informations d\u00e9taill\u00e9es qui s&#8217;y rattachent, par un simple clic sur la zone ou superficie concern\u00e9e.<br \/>Pour ce faire, veuillez zoomer jusqu&#8217;\u00e0 ce que les noms des infrastructures du lieu apparaissent sur la carte, puis cliquez sur les superficie de parcelles colori\u00e9es en vert ou rouge.<\/strong><\/span><\/p>\n<p style=\"text-align: justify;\"><span style=\"font-family: verdana, geneva, sans-serif;\"><strong>Les 30 villages du projet sont list\u00e9s \u00e0 droite de la carte. Les villages de chaque r\u00e9gion ont une couleur unique; orange \u00e0 Agboville, vert \u00e0 Adzop\u00e9 et rose \u00e0 Aboisso. Pour visualiser directement un village, suffit de cliquer sur le marqueur qui le repr\u00e9sente sur la carte.<\/strong> <strong>Puis des double-clic successifs sur la carte vous m\u00e8neront \u00e0 une meilleure vue du village index\u00e9. <\/strong>Ou alors, <strong>zoomer suffisamment sur la carte jusqu&#8217;\u00e0 voir appara\u00eetre des noms d&#8217;infrastructures, puis cliquer sur le nom village d\u00e9sir\u00e9 pour voir les d\u00e9tails de son emplacement.<\/strong><\/span><\/p>\n<p>\u00a0<\/p>\n<table style=\"border-collapse: collapse;\">\n<tbody>\n<tr>\n<td style=\"width: 50%;\">\n\t\t<!-- MasterSlider -->\n\t\t<div id=\"P_MS69f360aa3de95\" class=\"master-slider-parent msl ms-parent-id-10\" style=\"max-width:35px;\">\n\n\t\t\t\n\t\t\t<!-- MasterSlider Main -->\n\t\t\t<div id=\"MS69f360aa3de95\" class=\"master-slider ms-skin-default\" >\n\t\t\t\t \t\t\t\t \n\t\t\t\t<div  class=\"ms-slide\" data-delay=\"3\" data-fill-mode=\"fill\"  >\n\t\t\t\t\t<img decoding=\"async\" src=\"https:\/\/did-dev.net\/promire-dev\/wp-content\/plugins\/master-slider\/public\/assets\/css\/blank.gif\" alt=\"\" title=\"\" data-src=\"https:\/\/did-dev.net\/promire-dev\/wp-content\/uploads\/2025\/04\/marker_orange_2.png\" \/>\n\n\n\t<div class=\"ms-thumb\" ><div class=\"ms-tab-context\"><div class=\"&quot;ms-tab-context&quot;\"><\/div><\/div>\n<\/div>\n\t\t\t\t<\/div>\n\n\t\t\t<\/div>\n\t\t\t<!-- END MasterSlider Main -->\n\n\t\t\t \n\t\t<\/div>\n\t\t<!-- END MasterSlider -->\n\n\t\t<script>\n\t\t(function ( $ ) {\n\t\t\t\"use strict\";\n\n\t\t\t$(function () {\n\t\t\t\tvar masterslider_de95 = new MasterSlider();\n\n\t\t\t\t\/\/ slider controls\n\n\t\t\t\t\/\/ slider setup\n\t\t\t\tmasterslider_de95.setup(\"MS69f360aa3de95\", {\n\t\t\t\t\t\twidth           : 35,\n\t\t\t\t\t\theight          : 60,\n\t\t\t\t\t\tminHeight       : 0,\n\t\t\t\t\t\tspace           : 0,\n\t\t\t\t\t\tstart           : 1,\n\t\t\t\t\t\tgrabCursor      : true,\n\t\t\t\t\t\tswipe           : true,\n\t\t\t\t\t\tmouse           : true,\n\t\t\t\t\t\tlayout          : \"boxed\",\n\t\t\t\t\t\twheel           : false,\n\t\t\t\t\t\tautoplay        : false,\n\t\t\t\t\t\tinstantStartLayers:false,\n\t\t\t\t\t\tloop            : false,\n\t\t\t\t\t\tshuffle         : false,\n\t\t\t\t\t\tpreload         : 0,\n\t\t\t\t\t\theightLimit     : true,\n\t\t\t\t\t\tautoHeight      : false,\n\t\t\t\t\t\tsmoothHeight    : true,\n\t\t\t\t\t\tendPause        : false,\n\t\t\t\t\t\toverPause       : true,\n\t\t\t\t\t\tfillMode        : \"fill\",\n\t\t\t\t\t\tcenterControls  : true,\n\t\t\t\t\t\tstartOnAppear   : false,\n\t\t\t\t\t\tlayersMode      : \"center\",\n\t\t\t\t\t\thideLayers      : false,\n\t\t\t\t\t\tfullscreenMargin: 0,\n\t\t\t\t\t\tspeed           : 20,\n\t\t\t\t\t\tdir             : \"h\",\n\t\t\t\t\t\tparallaxMode    : 'swipe',\n\t\t\t\t\t\tview            : \"basic\"\n\t\t\t\t});\n\n\t\t\t\t\n\t\t\t\twindow.masterslider_instances = window.masterslider_instances || [];\n\t\t\t\twindow.masterslider_instances.push( masterslider_de95 );\n\t\t\t });\n\n\t\t})(jQuery);\n\t\t<\/script>\n\n<\/td>\n<td style=\"width: 50%;\"><span style=\"color: #ff6600;\"><strong>R\u00c9GION DE L&#8217;AGN\u00c9BY-TIASSA<\/strong><\/span><\/td>\n<\/tr>\n<tr>\n<td style=\"width: 50%;\">\n\t\t<!-- MasterSlider -->\n\t\t<div id=\"P_MS69f360aa3e21b\" class=\"master-slider-parent msl ms-parent-id-11\" style=\"max-width:35px;\">\n\n\t\t\t\n\t\t\t<!-- MasterSlider Main -->\n\t\t\t<div id=\"MS69f360aa3e21b\" class=\"master-slider ms-skin-default\" >\n\t\t\t\t \t\t\t\t \n\t\t\t\t<div  class=\"ms-slide\" data-delay=\"3\" data-fill-mode=\"fill\"  >\n\t\t\t\t\t<img decoding=\"async\" src=\"https:\/\/did-dev.net\/promire-dev\/wp-content\/plugins\/master-slider\/public\/assets\/css\/blank.gif\" alt=\"\" title=\"\" data-src=\"https:\/\/did-dev.net\/promire-dev\/wp-content\/uploads\/2015\/08\/marker_green_2.png\" \/>\n\n\n\t<div class=\"ms-thumb\" ><div class=\"ms-tab-context\"><div class=\"&quot;ms-tab-context&quot;\"><\/div><\/div>\n<\/div>\n\t\t\t\t<\/div>\n\n\t\t\t<\/div>\n\t\t\t<!-- END MasterSlider Main -->\n\n\t\t\t \n\t\t<\/div>\n\t\t<!-- END MasterSlider -->\n\n\t\t<script>\n\t\t(function ( $ ) {\n\t\t\t\"use strict\";\n\n\t\t\t$(function () {\n\t\t\t\tvar masterslider_e21b = new MasterSlider();\n\n\t\t\t\t\/\/ slider controls\n\n\t\t\t\t\/\/ slider setup\n\t\t\t\tmasterslider_e21b.setup(\"MS69f360aa3e21b\", {\n\t\t\t\t\t\twidth           : 35,\n\t\t\t\t\t\theight          : 60,\n\t\t\t\t\t\tminHeight       : 0,\n\t\t\t\t\t\tspace           : 0,\n\t\t\t\t\t\tstart           : 1,\n\t\t\t\t\t\tgrabCursor      : true,\n\t\t\t\t\t\tswipe           : true,\n\t\t\t\t\t\tmouse           : true,\n\t\t\t\t\t\tlayout          : \"boxed\",\n\t\t\t\t\t\twheel           : false,\n\t\t\t\t\t\tautoplay        : false,\n\t\t\t\t\t\tinstantStartLayers:false,\n\t\t\t\t\t\tloop            : false,\n\t\t\t\t\t\tshuffle         : false,\n\t\t\t\t\t\tpreload         : 0,\n\t\t\t\t\t\theightLimit     : true,\n\t\t\t\t\t\tautoHeight      : false,\n\t\t\t\t\t\tsmoothHeight    : true,\n\t\t\t\t\t\tendPause        : false,\n\t\t\t\t\t\toverPause       : true,\n\t\t\t\t\t\tfillMode        : \"fill\",\n\t\t\t\t\t\tcenterControls  : true,\n\t\t\t\t\t\tstartOnAppear   : false,\n\t\t\t\t\t\tlayersMode      : \"center\",\n\t\t\t\t\t\thideLayers      : false,\n\t\t\t\t\t\tfullscreenMargin: 0,\n\t\t\t\t\t\tspeed           : 20,\n\t\t\t\t\t\tdir             : \"h\",\n\t\t\t\t\t\tparallaxMode    : 'swipe',\n\t\t\t\t\t\tview            : \"basic\"\n\t\t\t\t});\n\n\t\t\t\t\n\t\t\t\twindow.masterslider_instances = window.masterslider_instances || [];\n\t\t\t\twindow.masterslider_instances.push( masterslider_e21b );\n\t\t\t });\n\n\t\t})(jQuery);\n\t\t<\/script>\n\n<\/td>\n<td style=\"width: 50%;\"><span style=\"color: #339966;\"><strong>R\u00c9GION DE LA M\u00c9<\/strong><\/span><\/td>\n<\/tr>\n<tr>\n<td style=\"width: 50%;\">\n\t\t<!-- MasterSlider -->\n\t\t<div id=\"P_MS69f360aa3e50a\" class=\"master-slider-parent msl ms-parent-id-12\" style=\"max-width:35px;\">\n\n\t\t\t\n\t\t\t<!-- MasterSlider Main -->\n\t\t\t<div id=\"MS69f360aa3e50a\" class=\"master-slider ms-skin-default\" >\n\t\t\t\t \t\t\t\t \n\t\t\t\t<div  class=\"ms-slide\" data-delay=\"3\" data-fill-mode=\"fill\"  >\n\t\t\t\t\t<img decoding=\"async\" src=\"https:\/\/did-dev.net\/promire-dev\/wp-content\/plugins\/master-slider\/public\/assets\/css\/blank.gif\" alt=\"\" title=\"\" data-src=\"https:\/\/did-dev.net\/promire-dev\/wp-content\/uploads\/2015\/08\/marker_2.png\" \/>\n\n\n\t<div class=\"ms-thumb\" ><div class=\"ms-tab-context\"><div class=\"&quot;ms-tab-context&quot;\"><\/div><\/div>\n<\/div>\n\t\t\t\t<\/div>\n\n\t\t\t<\/div>\n\t\t\t<!-- END MasterSlider Main -->\n\n\t\t\t \n\t\t<\/div>\n\t\t<!-- END MasterSlider -->\n\n\t\t<script>\n\t\t(function ( $ ) {\n\t\t\t\"use strict\";\n\n\t\t\t$(function () {\n\t\t\t\tvar masterslider_e50a = new MasterSlider();\n\n\t\t\t\t\/\/ slider controls\n\n\t\t\t\t\/\/ slider setup\n\t\t\t\tmasterslider_e50a.setup(\"MS69f360aa3e50a\", {\n\t\t\t\t\t\twidth           : 35,\n\t\t\t\t\t\theight          : 60,\n\t\t\t\t\t\tminHeight       : 0,\n\t\t\t\t\t\tspace           : 0,\n\t\t\t\t\t\tstart           : 1,\n\t\t\t\t\t\tgrabCursor      : true,\n\t\t\t\t\t\tswipe           : true,\n\t\t\t\t\t\tmouse           : true,\n\t\t\t\t\t\tlayout          : \"boxed\",\n\t\t\t\t\t\twheel           : false,\n\t\t\t\t\t\tautoplay        : false,\n\t\t\t\t\t\tinstantStartLayers:false,\n\t\t\t\t\t\tloop            : false,\n\t\t\t\t\t\tshuffle         : false,\n\t\t\t\t\t\tpreload         : 0,\n\t\t\t\t\t\theightLimit     : true,\n\t\t\t\t\t\tautoHeight      : false,\n\t\t\t\t\t\tsmoothHeight    : true,\n\t\t\t\t\t\tendPause        : false,\n\t\t\t\t\t\toverPause       : true,\n\t\t\t\t\t\tfillMode        : \"fill\",\n\t\t\t\t\t\tcenterControls  : true,\n\t\t\t\t\t\tstartOnAppear   : false,\n\t\t\t\t\t\tlayersMode      : \"center\",\n\t\t\t\t\t\thideLayers      : false,\n\t\t\t\t\t\tfullscreenMargin: 0,\n\t\t\t\t\t\tspeed           : 20,\n\t\t\t\t\t\tdir             : \"h\",\n\t\t\t\t\t\tparallaxMode    : 'swipe',\n\t\t\t\t\t\tview            : \"basic\"\n\t\t\t\t});\n\n\t\t\t\t\n\t\t\t\twindow.masterslider_instances = window.masterslider_instances || [];\n\t\t\t\twindow.masterslider_instances.push( masterslider_e50a );\n\t\t\t });\n\n\t\t})(jQuery);\n\t\t<\/script>\n\n<\/td>\n<td style=\"width: 50%;\"><span style=\"color: #ff00ff;\"><strong>R\u00c9GION DU SUD-COMO\u00c9<\/strong><\/span><\/td>\n<\/tr>\n<\/tbody>\n<\/table>\n<p style=\"text-align: center;\"><div class=\"tmf-hidden\"><input class=\"tmf-form-input-field\" name=\"tmf-map-marker-array\" id=\"tmf-map-marker-array\" style=\"width: 800px;\" value=\"\" \/><\/div><div class=\"tmf-hidden\"><input class=\"tmf-form-input-field\" name=\"tmf-map-circle-array\" id=\"tmf-map-circle-array\" style=\"width: 800px;\" value=\"\" \/><\/div><div class=\"tmf-hidden\"><input class=\"tmf-form-input-field\" name=\"tmf-map-polygon-array\" id=\"tmf-map-polygon-array\" style=\"width: 800px;\" value=\"tmfPolygonPath\u00a66.08269108755279,-3.8462075483636315,6.0751804584809035,-3.8595971357659753,6.057256943221829,-3.8589963209466394,6.051965124874622,-3.8361653578118737,6.060841693928787,-3.8354787123040612,6.061353799228977,-3.824578214867538,6.083203172079583,-3.8222607862786706\u00a6tmfPolygonName\u00a6Polygon 0\u00a6tmfPolygonFillColor\u00a6rgb(238, 238, 34)\u00a6tmfPolygonFillOpacity\u00a61\u00a6tmfPolygonStrokeColor\u00a6rgb(255, 0, 0)\u00a6tmfPolygonStrokeOpacity\u00a60.6\u00a6tmfPolygonStrokeWeight\u00a65\u00a6tmfPolygonInfoWindowText\u00a6&lt;p&gt;&lt;strong&gt;&lt;span style=&quot;text-decoration: underline&quot;&gt;IMAGE&lt;\/span&gt;&lt;\/strong&gt;&lt;\/p&gt;&lt;p&gt;&lt;img class=&quot;alignleft size-medium wp-image-1990&quot; src=&quot;https:\/\/did-dev.net\/promire-dev\/wp-content\/uploads\/2025\/07\/792A5077-262x175.jpg&quot; alt=&quot;&quot; width=&quot;262&quot; height=&quot;175&quot; \/&gt;&lt;\/p&gt;&lt;p&gt;\u00a0&lt;\/p&gt;&lt;p&gt;\u00a0&lt;\/p&gt;&lt;p&gt;\u00a0&lt;\/p&gt;&lt;p&gt;\u00a0&lt;\/p&gt;&lt;p&gt;\u00a0&lt;\/p&gt;&lt;p&gt;\u00a0&lt;\/p&gt;&lt;p&gt;Lorem ipsum&lt;\/p&gt;&lt;p&gt;\u00a0&lt;\/p&gt;&lt;p&gt;&lt;span style=&quot;text-decoration: underline&quot;&gt;&lt;strong&gt;VIDEO&lt;\/strong&gt;&lt;\/span&gt;&lt;\/p&gt;&lt;p&gt;&lt;div class=&quot;epyt-video-wrapper&quot;&gt;&lt;iframe  id=&quot;_ytid_50101&quot;  width=&quot;400&quot; height=&quot;225&quot;  data-origwidth=&quot;400&quot; data-origheight=&quot;225&quot; src=&quot;https:\/\/www.youtube.com\/embed\/eH2NK5eBNsc?enablejsapi=1&amp;autoplay=0&amp;cc_load_policy=0&amp;cc_lang_pref=&amp;iv_load_policy=1&amp;loop=0&amp;rel=1&amp;fs=1&amp;playsinline=0&amp;autohide=2&amp;theme=dark&amp;color=red&amp;controls=1&amp;&quot; class=&quot;__youtube_prefs__  no-lazyload&quot; title=&quot;YouTube player&quot;  allow=&quot;fullscreen; accelerometer; autoplay; clipboard-write; encrypted-media; gyroscope; picture-in-picture&quot; allowfullscreen data-no-lazy=&quot;1&quot; data-skipgform_ajax_framebjll=&quot;&quot;&gt;&lt;\/iframe&gt;&lt;\/div&gt;&lt;\/p&gt;\u00a6tmfPolygonInfoWindowWidth\u00a6\u00a6tmfPolygonMouseOver\u00a6false\u00a6tmfPolygonMouseoverFillColor\u00a6rgb(255, 0, 0)\u00a6tmfPolygonMouseoverFillOpacity\u00a61\u00a6tmfPolygonMouseoverStrokeColor\u00a6rgb(255, 0, 0)\u00a6tmfPolygonMouseoverStrokeOpacity\u00a60.6\u00a6tmfPolygonMouseoverStrokeWeight\u00a65\u00a6\" \/><\/div><div class=\"tmf-hidden\"><input class=\"tmf-form-input-field\" name=\"tmf-map-polyline-array\" style=\"width: 800px;\" id=\"tmf-map-polyline-array\" value=\"\" \/><\/div><div class=\"tmf-map-container\" id=\"tmf-map-container-1989\"><div id=\"tmf-placecard-container-outer\" style=\"display: none;\"><div class=\"tmf-placecard-container-mid\"><div class=\"tmf-placecard-container-inner\"><div class=\"tmf-placecard-left\"><p id=\"tmf-placecard-business-name\"><\/p><p id=\"tmf-placecard-info\"><\/p><a id=\"tmf-placecard-view-large\" target=\"_blank\" id=\"A_41\">View larger map<\/a><\/div><div class=\"tmf-placecard-right\"><a id=\"tmf-placecard-direction-link\" class=\"tmf-placecard-direction-link\" target=\"_blank\"\r\n\t\t              id=\"A_9\"><div class=\"tmf-placecard-direction-icon\"><\/div>Directions<\/a><\/div><\/div><\/div><\/div><div class=\"tmf-map\" id=\"tmf-map-1989\"><\/div><div id=\"tmf-map-thumbnail-wrapper\"><div id=\"tmf-map-thumbnail\"><\/div><div id=\"tmf-map-thumbnail-overlay\"><div id=\"tmf-map-thumbnail-overlay-text\"><\/div><\/div><\/div><\/div><div class=\"tmf-polyline-chart-meta-data-container\" id=\"tmf-polyline-chart-meta-data-container-1989\"><div class=\"tmf-polyline-chart\" id=\"tmf-polyline-chart-1989\"><\/div><div class=\"tmf-meta-data-container\"  id=\"tmf-meta-data-container-1989\" style=\"display: none;\"><div class=\"tmf-meta-data\" id=\"tmf-meta-data-1989\"><div class=\"tmf-meta-data-prompts\" id=\"tmf-meta-data-prompts-1989\"><div class=\"tmf-meta-data-distance-prompt\" id=\"tmf-meta-data-distance-prompt-1989\">Distance: <\/div><div class=\"tmf-meta-data-ascent-prompt\" id=\"tmf-meta-data-ascent-prompt-1989\">Ascent: <\/div><div class=\"tmf-meta-data-descent-prompt\" id=\"tmf-meta-data-descent-prompt-1989\">Descent: <\/div><div class=\"tmf-meta-data-highest-prompt\" id=\"tmf-meta-data-highest-prompt-1989\">Highest point: <\/div><div class=\"tmf-meta-data-lowest-prompt\" id=\"tmf-meta-data-lowest-prompt-1989\">Lowest point: <\/div><\/div><div class=\"tmf-meta-data-values\" id=\"tmf-meta-data-values-1989\"><div class=\"tmf-meta-data-distance\" id=\"tmf-meta-data-distance-1989\"><\/div><div class=\"tmf-meta-data-ascent\" id=\"tmf-meta-data-ascent-1989\"><\/div><div class=\"tmf-meta-data-descent\" id=\"tmf-meta-data-descent-1989\"><\/div><div class=\"tmf-meta-data-highest\" id=\"tmf-meta-data-highest-1989\"><\/div><div class=\"tmf-meta-data-lowest\" id=\"tmf-meta-data-lowest-1989\"><\/div><\/div><\/div><\/div><\/div>\n<p>\u00a0<\/p>\n<p>\u00a0<\/p>\n<p>\u00a0<\/p>\n","protected":false},"excerpt":{"rendered":"<p>Contour des sites d&#8217;Agroforesterie, d&#8217;Agrosyst\u00e8mes et de Restauration foresti\u00e8reSur la carte ci-dessous nous pr\u00e9sentons par r\u00e9gion, les contours des sites d&#8217;Agroforesterie, d&#8217;Agrosyst\u00e8mes (AFAS) et de Restauration foresti\u00e8re (RF) sur lesquels le projet PROMIRE a intervenu pour une exploitation agricole durable, intelligente et protectrice de l\u2019environnement. Chaque r\u00e9gion est d\u00e9limit\u00e9e en couleur bleu avec un fond [&hellip;]<\/p>\n","protected":false},"author":1,"featured_media":0,"parent":0,"menu_order":0,"comment_status":"closed","ping_status":"closed","template":"","meta":{"_acf_changed":false,"_lmt_disableupdate":"","_lmt_disable":"","pgc_sgb_lightbox_settings":"","footnotes":""},"folder":[],"class_list":["post-1912","page","type-page","status-publish","hentry","clearfix"],"acf":[],"_links":{"self":[{"href":"https:\/\/did-dev.net\/promire-dev\/wp-json\/wp\/v2\/pages\/1912","targetHints":{"allow":["GET"]}}],"collection":[{"href":"https:\/\/did-dev.net\/promire-dev\/wp-json\/wp\/v2\/pages"}],"about":[{"href":"https:\/\/did-dev.net\/promire-dev\/wp-json\/wp\/v2\/types\/page"}],"author":[{"embeddable":true,"href":"https:\/\/did-dev.net\/promire-dev\/wp-json\/wp\/v2\/users\/1"}],"replies":[{"embeddable":true,"href":"https:\/\/did-dev.net\/promire-dev\/wp-json\/wp\/v2\/comments?post=1912"}],"version-history":[{"count":15,"href":"https:\/\/did-dev.net\/promire-dev\/wp-json\/wp\/v2\/pages\/1912\/revisions"}],"predecessor-version":[{"id":1991,"href":"https:\/\/did-dev.net\/promire-dev\/wp-json\/wp\/v2\/pages\/1912\/revisions\/1991"}],"wp:attachment":[{"href":"https:\/\/did-dev.net\/promire-dev\/wp-json\/wp\/v2\/media?parent=1912"}],"wp:term":[{"taxonomy":"folder","embeddable":true,"href":"https:\/\/did-dev.net\/promire-dev\/wp-json\/wp\/v2\/folder?post=1912"}],"curies":[{"name":"wp","href":"https:\/\/api.w.org\/{rel}","templated":true}]}}