{"id":3218,"date":"2022-02-10T12:40:00","date_gmt":"2022-02-10T12:40:00","guid":{"rendered":"https:\/\/did-dev.net\/mineddte\/?page_id=3218"},"modified":"2022-02-10T13:10:44","modified_gmt":"2022-02-10T13:10:44","slug":"pnud","status":"publish","type":"page","link":"https:\/\/did-dev.net\/mineddte\/pnud\/","title":{"rendered":"PNUD"},"content":{"rendered":"<h1 style=\"text-align: center;\"><span style=\"text-decoration: underline;\"><span style=\"font-family: verdana, geneva, sans-serif; font-size: 12pt;\">LE PROGRAMME DES NATIONS UNIES POUR LE D\u00c9VELOPPEMENT (PNUD)<\/span><\/span><\/h1>\n<p style=\"text-align: justify;\">\u00a0<strong><span style=\"text-decoration: underline;\">Si\u00e8ge<\/span> :<\/strong> C\u00f4te d\u2019Ivoire, Abidjan- Plateau-Angle Avenue Marchand, Rue Gourgas\u00a0<\/p>\n<p style=\"text-align: justify;\"><strong><span style=\"text-decoration: underline;\">T\u00e9l\u00e9phone<\/span> :<\/strong> <strong>20 31 74 00<\/strong><\/p>\n<p style=\"text-align: justify;\">Le PNUD est pr\u00e9sent en C\u00f4te d\u2019Ivoire depuis 1961. Il inscrit son action dans le Plan Cadre des Nations Unies pour l\u2019Aide au D\u00e9veloppement de la C\u00f4te d\u2019Ivoire (UNDAF), lui-m\u00eame align\u00e9 sur les priorit\u00e9s nationales de d\u00e9veloppement. Il s\u2019agit d\u2019un cadre programmatique, adoss\u00e9 au Plan national de d\u00e9veloppement, \u00e0 partir duquel sont \u00e9labor\u00e9s les programmes de chacune des agences du syst\u00e8me des Nations Unies.<\/p>\n<p style=\"text-align: justify;\">Le PNUD accompagne le Gouvernement sur la base d\u2019un cadre de coop\u00e9ration qui est le Programme pays, CPD (Country Programme D\u00e9veloppent). Le CPD est d\u00e9clin\u00e9 en plan d\u2019action CPAP (Plan d&#8217;action du programme pays) ou Plan d\u2019Action du Programme Pays (PAPPP)<\/p>\n<p style=\"text-align: justify;\">Apr\u00e8s la crise post-\u00e9lectorale de 2011, il est apparu n\u00e9cessaire d\u2019aligner les interventions du PNUD sur les nouvelles priorit\u00e9s du Plan National de D\u00e9veloppement (PND) dont la C\u00f4te d\u2019Ivoire s\u2019est dot\u00e9e. Ainsi, les interventions du bureau du PNUD en C\u00f4te d\u2019Ivoire, s\u2019inscrivent d\u00e9sormais, autour de deux principaux piliers que sont (I) la Gouvernance d\u00e9mocratique et (II) la lutte contre la pauvret\u00e9 en int\u00e9grant de fa\u00e7on transversale les questions de pr\u00e9vention des crises et de rel\u00e8vement ainsi que les d\u00e9fis environnementaux et du d\u00e9veloppement durable.<\/p>\n<p style=\"text-align: justify;\">Le Gouvernement ivoirien a adopt\u00e9 un Plan National de D\u00e9veloppement (PND 2012-2015) en mars 2012 qui traduit la vision de d\u00e9veloppement fond\u00e9e sur des sources de croissance inclusive et diversifi\u00e9e ainsi que l&#8217;engagement du pays \u00e0 \u0153uvrer pour r\u00e9duire la pauvret\u00e9 au sein de la population et acc\u00e9l\u00e9rer ainsi l\u2019atteinte des OMD. Le PND, qui vise \u00e0 contribuer \u00e0 l&#8217;\u00e9mergence de la C\u00f4te d\u2019Ivoire \u00e0 l\u2019horizon 2020, est le nouveau cadre national d\u2019intervention des actions de d\u00e9veloppement et d\u2019alignement des partenaires au d\u00e9veloppement pour leur appui \u00e0 la C\u00f4te d\u2019Ivoire. C&#8217;est dans cette dynamique que s&#8217;inscrivent les interventions du PNUD et du syst\u00e8me des Nations Unies.<\/p>\n<p style=\"text-align: left;\"><strong>Source : <a href=\"https:\/\/www.undp.org\" target=\"_blank\" rel=\"noopener\">www.ci.undp.org<\/a><\/strong><\/p>\n\n","protected":false},"excerpt":{"rendered":"<p>LE PROGRAMME DES NATIONS UNIES POUR LE D\u00c9VELOPPEMENT (PNUD) \u00a0Si\u00e8ge : C\u00f4te d\u2019Ivoire, Abidjan- Plateau-Angle Avenue Marchand, Rue Gourgas\u00a0 T\u00e9l\u00e9phone : 20 31 74 00 Le PNUD est pr\u00e9sent en [&hellip;]<\/p>\n","protected":false},"author":1,"featured_media":0,"parent":0,"menu_order":0,"comment_status":"closed","ping_status":"closed","template":"","meta":{"_lmt_disableupdate":"no","_lmt_disable":"","pgc_sgb_lightbox_settings":""},"folder":[80],"_links":{"self":[{"href":"https:\/\/did-dev.net\/mineddte\/wp-json\/wp\/v2\/pages\/3218"}],"collection":[{"href":"https:\/\/did-dev.net\/mineddte\/wp-json\/wp\/v2\/pages"}],"about":[{"href":"https:\/\/did-dev.net\/mineddte\/wp-json\/wp\/v2\/types\/page"}],"author":[{"embeddable":true,"href":"https:\/\/did-dev.net\/mineddte\/wp-json\/wp\/v2\/users\/1"}],"replies":[{"embeddable":true,"href":"https:\/\/did-dev.net\/mineddte\/wp-json\/wp\/v2\/comments?post=3218"}],"version-history":[{"count":1,"href":"https:\/\/did-dev.net\/mineddte\/wp-json\/wp\/v2\/pages\/3218\/revisions"}],"predecessor-version":[{"id":3219,"href":"https:\/\/did-dev.net\/mineddte\/wp-json\/wp\/v2\/pages\/3218\/revisions\/3219"}],"wp:attachment":[{"href":"https:\/\/did-dev.net\/mineddte\/wp-json\/wp\/v2\/media?parent=3218"}],"wp:term":[{"taxonomy":"folder","embeddable":true,"href":"https:\/\/did-dev.net\/mineddte\/wp-json\/wp\/v2\/folder?post=3218"}],"curies":[{"name":"wp","href":"https:\/\/api.w.org\/{rel}","templated":true}]}}