{"id":2717,"date":"2021-12-29T09:47:27","date_gmt":"2021-12-29T09:47:27","guid":{"rendered":"https:\/\/did-dev.net\/mineddte\/?page_id=2717"},"modified":"2024-02-08T12:47:16","modified_gmt":"2024-02-08T12:47:16","slug":"programmes","status":"publish","type":"page","link":"https:\/\/did-dev.net\/mineddte\/programmes\/","title":{"rendered":"Programmes"},"content":{"rendered":"<p style=\"text-align: center;\"><span style=\"font-family: verdana, geneva, sans-serif;\"><strong><u>LISTE DES PROGRAMMES LOGES AU MINISTERE DE L\u2019ENVIRONNEMENT, DU DEVELOPPEMENT DURABLE ET DE LA TRANSITION ECOLOGIQUE<\/u><\/strong><\/span><\/p>\n<p><span style=\"font-family: verdana, geneva, sans-serif;\">La <strong>Coordination des Programmes et Projets (CPP)<\/strong> h\u00e9berge cinq (05) grands programmes au Minist\u00e8re de l\u2019Environnement, du D\u00e9veloppement Durable et de la Transition Ecologique (MINEDDTE).<\/span><\/p>\n<ul style=\"list-style-type: disc;\">\n<li>le Programme National sur Changements Climatiques (PNCC);<\/li>\n<li>le Programme National de Gestion des D\u00e9chets (PNGD);<\/li>\n<li>le Programme National de Gestion des Produits Chimiques (PNGPC);<\/li>\n<li>le Programme National de Gestion des Ressources Naturelles (PNGRN);<\/li>\n<li>le Programme National de Gestion de l\u2019Environnement C\u00f4tier (PNGEC).<\/li>\n<\/ul>\n<p><span style=\"font-family: verdana, geneva, sans-serif;\">Vous pouvez les Consulter \u00e0 partir du lien suivant: <a href=\"https:\/\/did-dev.net\/mineddte\/wp-content\/uploads\/2022\/02\/Programmes-de-la-CGPP.pdf\" target=\"_blank\" rel=\"noopener\">Programmes de la CGPP<\/a>.<\/span><\/p>\n<p style=\"text-align: justify;\"><span style=\"font-family: verdana, geneva, sans-serif;\"><span style=\"font-size: 12pt;\"><strong><span style=\"text-decoration: underline;\">Contacts<\/span> :<\/strong><\/span> pour toutes informations compl\u00e9mentaires, pri\u00e8re contacter la <strong>Coordination G\u00e9n\u00e9rale des Programmes et Projets (CGPP)<\/strong>, sise \u00e0 Cocody 2 Plateaux les vallons, rue 191 (arri\u00e8re cours du super march\u00e9 le casino). <\/span> <strong><span style=\"font-family: verdana, geneva, sans-serif;\">T\u00e9l : (+225) 27 22 41 11 99 \/ Email : CGPP@environnement.gouv.ci<\/span><\/strong> <strong><span style=\"font-family: verdana, geneva, sans-serif;\">Bo\u00eete postale : 08 BP 2127 Abidjan 08<\/span><\/strong><\/p>\n","protected":false},"excerpt":{"rendered":"<p>LISTE DES PROGRAMMES LOGES AU MINISTERE DE L\u2019ENVIRONNEMENT, DU DEVELOPPEMENT DURABLE ET DE LA TRANSITION ECOLOGIQUE La Coordination des Programmes et Projets (CPP) h\u00e9berge cinq (05) grands programmes au Minist\u00e8re [&hellip;]<\/p>\n","protected":false},"author":1,"featured_media":0,"parent":0,"menu_order":0,"comment_status":"closed","ping_status":"closed","template":"","meta":{"_lmt_disableupdate":"no","_lmt_disable":"","pgc_sgb_lightbox_settings":""},"folder":[53],"_links":{"self":[{"href":"https:\/\/did-dev.net\/mineddte\/wp-json\/wp\/v2\/pages\/2717"}],"collection":[{"href":"https:\/\/did-dev.net\/mineddte\/wp-json\/wp\/v2\/pages"}],"about":[{"href":"https:\/\/did-dev.net\/mineddte\/wp-json\/wp\/v2\/types\/page"}],"author":[{"embeddable":true,"href":"https:\/\/did-dev.net\/mineddte\/wp-json\/wp\/v2\/users\/1"}],"replies":[{"embeddable":true,"href":"https:\/\/did-dev.net\/mineddte\/wp-json\/wp\/v2\/comments?post=2717"}],"version-history":[{"count":7,"href":"https:\/\/did-dev.net\/mineddte\/wp-json\/wp\/v2\/pages\/2717\/revisions"}],"predecessor-version":[{"id":5068,"href":"https:\/\/did-dev.net\/mineddte\/wp-json\/wp\/v2\/pages\/2717\/revisions\/5068"}],"wp:attachment":[{"href":"https:\/\/did-dev.net\/mineddte\/wp-json\/wp\/v2\/media?parent=2717"}],"wp:term":[{"taxonomy":"folder","embeddable":true,"href":"https:\/\/did-dev.net\/mineddte\/wp-json\/wp\/v2\/folder?post=2717"}],"curies":[{"name":"wp","href":"https:\/\/api.w.org\/{rel}","templated":true}]}}