{"id":2474,"date":"2021-12-03T13:22:23","date_gmt":"2021-12-03T13:22:23","guid":{"rendered":"https:\/\/did-dev.net\/mineddte\/?page_id=2474"},"modified":"2025-03-07T15:36:24","modified_gmt":"2025-03-07T15:36:24","slug":"initiatives-ecologiques","status":"publish","type":"page","link":"https:\/\/did-dev.net\/mineddte\/initiatives-ecologiques\/","title":{"rendered":"Initiatives Ecologiques"},"content":{"rendered":"<p><span style=\"font-family: verdana, geneva, sans-serif;\">ONG exer\u00e7ant dans le domaine de l&#8217;environnement, du d\u00e9veloppement durable et de la transition \u00e9cologique<\/span> \u27a1\u00a0 <a href=\"https:\/\/did-dev.net\/mineddte\/wp-content\/uploads\/2024\/03\/LISTE-ONG-DU-MINEDDTE-2019.xls\">LISTE DES ONG\u00a0<\/a><\/p>\n","protected":false},"excerpt":{"rendered":"<p>ONG exer\u00e7ant dans le domaine de l&#8217;environnement, du d\u00e9veloppement durable et de la transition \u00e9cologique \u27a1\u00a0 LISTE DES ONG\u00a0<\/p>\n","protected":false},"author":1,"featured_media":0,"parent":0,"menu_order":0,"comment_status":"closed","ping_status":"closed","template":"","meta":{"_lmt_disableupdate":"no","_lmt_disable":"","pgc_sgb_lightbox_settings":""},"folder":[75],"_links":{"self":[{"href":"https:\/\/did-dev.net\/mineddte\/wp-json\/wp\/v2\/pages\/2474"}],"collection":[{"href":"https:\/\/did-dev.net\/mineddte\/wp-json\/wp\/v2\/pages"}],"about":[{"href":"https:\/\/did-dev.net\/mineddte\/wp-json\/wp\/v2\/types\/page"}],"author":[{"embeddable":true,"href":"https:\/\/did-dev.net\/mineddte\/wp-json\/wp\/v2\/users\/1"}],"replies":[{"embeddable":true,"href":"https:\/\/did-dev.net\/mineddte\/wp-json\/wp\/v2\/comments?post=2474"}],"version-history":[{"count":7,"href":"https:\/\/did-dev.net\/mineddte\/wp-json\/wp\/v2\/pages\/2474\/revisions"}],"predecessor-version":[{"id":5991,"href":"https:\/\/did-dev.net\/mineddte\/wp-json\/wp\/v2\/pages\/2474\/revisions\/5991"}],"wp:attachment":[{"href":"https:\/\/did-dev.net\/mineddte\/wp-json\/wp\/v2\/media?parent=2474"}],"wp:term":[{"taxonomy":"folder","embeddable":true,"href":"https:\/\/did-dev.net\/mineddte\/wp-json\/wp\/v2\/folder?post=2474"}],"curies":[{"name":"wp","href":"https:\/\/api.w.org\/{rel}","templated":true}]}}