{"id":2400,"date":"2021-11-26T20:29:36","date_gmt":"2021-11-26T20:29:36","guid":{"rendered":"https:\/\/did-dev.net\/mineddte\/?page_id=2400"},"modified":"2024-02-20T13:46:17","modified_gmt":"2024-02-20T13:46:17","slug":"conventions","status":"publish","type":"page","link":"https:\/\/did-dev.net\/mineddte\/conventions\/","title":{"rendered":"Conventions"},"content":{"rendered":"<h1 style=\"text-align: center;\"><u>Conventions<\/u><\/h1>\n<p><strong><u>LISTE DES CONVENTIONS INTERNATIONALES EN MATIERE D\u2019ENVIRONNEMENT RATIFIEES PAR LA C\u00d4TE D\u2019IVOIRE <\/u><\/strong><\/p>\n<p>La\u00a0<strong>Coordination G\u00e9n\u00e9rale des Programmes et Projets (CGPP)<\/strong>\u00a0h\u00e9berge plusieurs conventions en mati\u00e8re d\u2019environnement ratifi\u00e9es par la C\u00f4te d\u2019Ivoire.<\/p>\n<p>Vous pouvez les Consulter \u00e0 partir du lien suivant: <a href=\"https:\/\/did-dev.net\/mineddte\/wp-content\/uploads\/2024\/02\/LISTE-DES-CONVENTIONS-INTERNATIONALES.pdf\">LISTE DES CONVENTIONS INTERNATIONALES<\/a> .<\/p>\n<p><strong><u>Contacts<\/u><\/strong><strong>\u00a0:<\/strong>\u00a0Pour toutes informations compl\u00e9mentaires, pri\u00e8re de contacter la\u00a0<strong>Coordination G\u00e9n\u00e9rale des Programmes et Projets (CGPP)<\/strong>, sise \u00e0 Cocody 2 Plateaux les vallons, rue 191 (arri\u00e8re cours du super march\u00e9 le casino).<br \/>\n<strong>T\u00e9l : (+225) 27 22 41 11 99 \/ Email : CGPP@environnement.gouv.ci<\/strong><br \/>\n<strong>Bo\u00eete postale : 08 BP 2127 Abidjan 08.<\/strong><\/p>\n","protected":false},"excerpt":{"rendered":"<p>Conventions LISTE DES CONVENTIONS INTERNATIONALES EN MATIERE D\u2019ENVIRONNEMENT RATIFIEES PAR LA C\u00d4TE D\u2019IVOIRE La\u00a0Coordination G\u00e9n\u00e9rale des Programmes et Projets (CGPP)\u00a0h\u00e9berge plusieurs conventions en mati\u00e8re d\u2019environnement ratifi\u00e9es par la C\u00f4te d\u2019Ivoire. [&hellip;]<\/p>\n","protected":false},"author":1,"featured_media":0,"parent":0,"menu_order":0,"comment_status":"closed","ping_status":"closed","template":"","meta":{"_lmt_disableupdate":"no","_lmt_disable":"","pgc_sgb_lightbox_settings":""},"folder":[53],"_links":{"self":[{"href":"https:\/\/did-dev.net\/mineddte\/wp-json\/wp\/v2\/pages\/2400"}],"collection":[{"href":"https:\/\/did-dev.net\/mineddte\/wp-json\/wp\/v2\/pages"}],"about":[{"href":"https:\/\/did-dev.net\/mineddte\/wp-json\/wp\/v2\/types\/page"}],"author":[{"embeddable":true,"href":"https:\/\/did-dev.net\/mineddte\/wp-json\/wp\/v2\/users\/1"}],"replies":[{"embeddable":true,"href":"https:\/\/did-dev.net\/mineddte\/wp-json\/wp\/v2\/comments?post=2400"}],"version-history":[{"count":4,"href":"https:\/\/did-dev.net\/mineddte\/wp-json\/wp\/v2\/pages\/2400\/revisions"}],"predecessor-version":[{"id":5169,"href":"https:\/\/did-dev.net\/mineddte\/wp-json\/wp\/v2\/pages\/2400\/revisions\/5169"}],"wp:attachment":[{"href":"https:\/\/did-dev.net\/mineddte\/wp-json\/wp\/v2\/media?parent=2400"}],"wp:term":[{"taxonomy":"folder","embeddable":true,"href":"https:\/\/did-dev.net\/mineddte\/wp-json\/wp\/v2\/folder?post=2400"}],"curies":[{"name":"wp","href":"https:\/\/api.w.org\/{rel}","templated":true}]}}