{"id":2394,"date":"2021-11-26T20:24:22","date_gmt":"2021-11-26T20:24:22","guid":{"rendered":"https:\/\/did-dev.net\/mineddte\/?page_id=2394"},"modified":"2021-11-26T20:24:22","modified_gmt":"2021-11-26T20:24:22","slug":"rapports","status":"publish","type":"page","link":"https:\/\/did-dev.net\/mineddte\/rapports\/","title":{"rendered":"Rapports"},"content":{"rendered":"<p style=\"text-align: justify;\">Le lorem ipsum est, en imprimerie, une suite de mots sans signification utilis\u00e9e \u00e0 titre provisoire pour calibrer une mise en page, le texte d\u00e9finitif venant remplacer le faux-texte d\u00e8s qu&#8217;il est pr\u00eat ou que la mise en page est achev\u00e9e. G\u00e9n\u00e9ralement, on utilise un texte en faux latin, le Lorem ipsum ou Lipsum. Wikip\u00e9dia.<\/p>\n","protected":false},"excerpt":{"rendered":"<p>Le lorem ipsum est, en imprimerie, une suite de mots sans signification utilis\u00e9e \u00e0 titre provisoire pour calibrer une mise en page, le texte d\u00e9finitif venant remplacer le faux-texte d\u00e8s [&hellip;]<\/p>\n","protected":false},"author":1,"featured_media":0,"parent":0,"menu_order":0,"comment_status":"closed","ping_status":"closed","template":"","meta":{"_lmt_disableupdate":"no","_lmt_disable":"","pgc_sgb_lightbox_settings":""},"folder":[72],"_links":{"self":[{"href":"https:\/\/did-dev.net\/mineddte\/wp-json\/wp\/v2\/pages\/2394"}],"collection":[{"href":"https:\/\/did-dev.net\/mineddte\/wp-json\/wp\/v2\/pages"}],"about":[{"href":"https:\/\/did-dev.net\/mineddte\/wp-json\/wp\/v2\/types\/page"}],"author":[{"embeddable":true,"href":"https:\/\/did-dev.net\/mineddte\/wp-json\/wp\/v2\/users\/1"}],"replies":[{"embeddable":true,"href":"https:\/\/did-dev.net\/mineddte\/wp-json\/wp\/v2\/comments?post=2394"}],"version-history":[{"count":1,"href":"https:\/\/did-dev.net\/mineddte\/wp-json\/wp\/v2\/pages\/2394\/revisions"}],"predecessor-version":[{"id":2395,"href":"https:\/\/did-dev.net\/mineddte\/wp-json\/wp\/v2\/pages\/2394\/revisions\/2395"}],"wp:attachment":[{"href":"https:\/\/did-dev.net\/mineddte\/wp-json\/wp\/v2\/media?parent=2394"}],"wp:term":[{"taxonomy":"folder","embeddable":true,"href":"https:\/\/did-dev.net\/mineddte\/wp-json\/wp\/v2\/folder?post=2394"}],"curies":[{"name":"wp","href":"https:\/\/api.w.org\/{rel}","templated":true}]}}