{"id":2392,"date":"2021-11-26T20:22:04","date_gmt":"2021-11-26T20:22:04","guid":{"rendered":"https:\/\/did-dev.net\/mineddte\/?page_id=2392"},"modified":"2024-02-08T15:23:30","modified_gmt":"2024-02-08T15:23:30","slug":"procedures","status":"publish","type":"page","link":"https:\/\/did-dev.net\/mineddte\/procedures\/","title":{"rendered":"Proc\u00e9dures"},"content":{"rendered":"<p style=\"text-align: justify;\"><span style=\"font-family: verdana, geneva, sans-serif;\">Vous trouverez ci-dessous la liste de <strong>tous les documents relatifs aux <span style=\"text-decoration: underline;\">Proc\u00e9dures<\/span> du Minist\u00e8re de l&#8217;Environnement, du D\u00e9veloppement Durable et de la Transition Ecologique<\/strong>. Il est possible d&#8217;effectuer une recherche par th\u00e8me.<\/span><\/p>\n<p style=\"text-align: justify;\">\r\n\t\r\n\t\t\t<div class=\"container-fluid wpdoc_container\" data-dir_restrictions = \"\" data-del_from_front=\"\" data-dir=\"3126\" data-home=\"3126\">\r\n\t\r\n\t\t\t\t<input type=\"hidden\" class=\"wpd_home_id\" value=\"3126\" \/>\r\n\t\t\t\t<input type=\"hidden\" class=\"wpd_del_file_id\" value=\"\" \/>\r\n\t\r\n\t\t\t\t<div class=\"card mt-3\">\r\n\t\t\t\t\t<!-- breadcrumb Area -->\r\n\t\t\t\t\t<nav aria-label=\"breadcrumb\" class=\"wpdocs-nav position-relative\">\r\n\t\t\t\t\t\t<ol class=\"breadcrumb bg-light\" style=\"border-bottom:1px solid #dee2e6;border-radius: 0; min-height: 40px;\">\r\n\r\n                            \t\r\n\t\t\t\t\t\t<\/ol>\r\n\r\n                        \r\n\t\t\t\t\t\t\t\t\t\t\t<\/nav>\r\n\t\t\t\r\n\t\t\t\t\t\r\n\t\t\t\t\t                    \r\n                                        <div class=\"wpdocs-searchbox\">\r\n                    \t<input type=\"text\" placeholder=\"Tapez ici pour filtrer ...\" \/>\r\n                    <\/div>\r\n                    \t\r\n\t\t\t\t\t<div class=\"card-body \">\r\n\t\r\n\t\t\t\t\t\t<!-- Large Icon View Area -->\r\n\t\t\t\t\t\t<div class=\"row folder_view large_icon_view d-none\">\r\n\t\t\t\t\t\t\t\r\n\t\r\n\t\t\t\t\t\t\t\t\t\t\t\t\t\t\t\t\t\r\n\t\t\t\t\t\t\t\t\t\t\t\t\t\t\t<div title=\"Procedure-de-demande-dagrement-pour-traitement-des-huiles-usagees-et-residus-dhydrocarbures-en-Cote-dIvoire.pdf\" class=\"col-4 col-md-3 is_file text-center\" style=\"cursor: pointer;\" data-id=\"3846\">\r\n\t\t\t\t\t\t\t\t\t\t\t\t\t\t\t\t<figure class=\"figure file_view p-1\">\r\n\t\t\t\t\t\t\t\t\t\t\t\t\t\t\t\t\t<a href=\"https:\/\/did-dev.net\/mineddte\/wp-content\/uploads\/2022\/08\/Procedure-de-demande-dagrement-pour-traitement-des-huiles-usagees-et-residus-dhydrocarbures-en-Cote-dIvoire.pdf\" target=\"_blank\" class=\"file\" ><img class=\"my-3\" src=\"https:\/\/did-dev.net\/mineddte\/wp-content\/plugins\/wp-docs\/img\/filetype-icons\/pdf.png\" \/><\/a>\r\n\t\t\t\t\t\t\t\t\t\t\t\t\t\t\t\t\t<figcaption class=\"figure-caption text-center\">Proc\u00e9dure de demande d\u2019agr\u00e9ment pour traitement des huiles usag\u00e9es et r\u00e9sidus d\u2019hydrocarbures en C\u00f4te d'Ivoire<\/figcaption>\r\n\t\t\t\t\t\t\t\t\t\t\t\t\t\t\t\t<\/figure>\r\n\t\t\t\t\t\t\t\t\t\t\t\t\t\t\t<\/div>\r\n\t\t\t\t\t\t\t\t\t\t\t\t\t\t\t\r\n\t\t\t\t\t\t\t\t\t\t\t\t\t\t\t\r\n\t\t\t\t\t\t\t\t\t\t\t\t\t\t\t\r\n\t\r\n\t\t\t\t\t\t\t\t\t\t\t\t\t\t\t\t\t\r\n\t\t\t\t\t\t\t\t\t\t\t\t\t\t\t<div title=\"MUNUEL-DES-PROCEDURES-OPERATIONNELLES-DE-PREPARATION-AUX-MECANISMES-DE-MARCHE-ET-NON-MARCHE-CARBONE-EN-COTE-DIVOIRE.pdf\" class=\"col-4 col-md-3 is_file text-center\" style=\"cursor: pointer;\" data-id=\"5921\">\r\n\t\t\t\t\t\t\t\t\t\t\t\t\t\t\t\t<figure class=\"figure file_view p-1\">\r\n\t\t\t\t\t\t\t\t\t\t\t\t\t\t\t\t\t<a href=\"https:\/\/did-dev.net\/mineddte\/wp-content\/uploads\/2015\/08\/MUNUEL-DES-PROCEDURES-OPERATIONNELLES-DE-PREPARATION-AUX-MECANISMES-DE-MARCHE-ET-NON-MARCHE-CARBONE-EN-COTE-DIVOIRE.pdf\" target=\"_blank\" class=\"file\" ><img class=\"my-3\" src=\"https:\/\/did-dev.net\/mineddte\/wp-content\/plugins\/wp-docs\/img\/filetype-icons\/pdf.png\" \/><\/a>\r\n\t\t\t\t\t\t\t\t\t\t\t\t\t\t\t\t\t<figcaption class=\"figure-caption text-center\">MUNUEL DES PROCEDURES OPERATIONNELLES DE PREPARATION AUX MECANISMES DE MARCHE ET NON-MARCHE CARBONE EN COTE D'IVOIRE<\/figcaption>\r\n\t\t\t\t\t\t\t\t\t\t\t\t\t\t\t\t<\/figure>\r\n\t\t\t\t\t\t\t\t\t\t\t\t\t\t\t<\/div>\r\n\t\t\t\t\t\t\t\t\t\t\t\t\t\t\t\r\n\t\t\t\t\t\t\t\t\t\t\t\t\t\t\t\r\n\t\t\t\t\t\t\t\t\t\t\t\t\t\t\t\r\n\t\r\n\t\t\t\t\t\t\t\t\t\t\t\t\t\t\t\t\t\r\n\t\t\t\t\t\t\t\t\t\t\t\t\t\t\t<div title=\"GUIDE-IVOIRE-ECO-AWARDS.pdf\" class=\"col-4 col-md-3 is_file text-center\" style=\"cursor: pointer;\" data-id=\"5945\">\r\n\t\t\t\t\t\t\t\t\t\t\t\t\t\t\t\t<figure class=\"figure file_view p-1\">\r\n\t\t\t\t\t\t\t\t\t\t\t\t\t\t\t\t\t<a href=\"https:\/\/did-dev.net\/mineddte\/wp-content\/uploads\/2015\/08\/GUIDE-IVOIRE-ECO-AWARDS.pdf\" target=\"_blank\" class=\"file\" ><img class=\"my-3\" src=\"https:\/\/did-dev.net\/mineddte\/wp-content\/plugins\/wp-docs\/img\/filetype-icons\/pdf.png\" \/><\/a>\r\n\t\t\t\t\t\t\t\t\t\t\t\t\t\t\t\t\t<figcaption class=\"figure-caption text-center\">GUIDE IVOIRE ECO AWARDS<\/figcaption>\r\n\t\t\t\t\t\t\t\t\t\t\t\t\t\t\t\t<\/figure>\r\n\t\t\t\t\t\t\t\t\t\t\t\t\t\t\t<\/div>\r\n\t\t\t\t\t\t\t\t\t\t\t\t\t\t\t\r\n\t\t\t\t\t\t\t\t\t\t\t\t\t\t\t\r\n\t\t\t\t\t\t\t\t\t\t\t\t\t\t\t\r\n\t\r\n\t\t\t\t\t\t\t\t\t\t\t\t\t\t\t\t\t\r\n\t\t\t\t\t\t\t\t\t\t\t\t\t\t\t<div title=\"DECRET-N-2024-595-DU-26-JUIN-2024-DETERMINANT-LES-REGLES-ET-PROCEDURES-APPLICABLES-AUX-EVALUATIONS-ENVIRONNEMENTALES-ET-SOCIALES.pdf\" class=\"col-4 col-md-3 is_file text-center\" style=\"cursor: pointer;\" data-id=\"5580\">\r\n\t\t\t\t\t\t\t\t\t\t\t\t\t\t\t\t<figure class=\"figure file_view p-1\">\r\n\t\t\t\t\t\t\t\t\t\t\t\t\t\t\t\t\t<a href=\"https:\/\/did-dev.net\/mineddte\/wp-content\/uploads\/2015\/08\/DECRET-N-2024-595-DU-26-JUIN-2024-DETERMINANT-LES-REGLES-ET-PROCEDURES-APPLICABLES-AUX-EVALUATIONS-ENVIRONNEMENTALES-ET-SOCIALES.pdf\" target=\"_blank\" class=\"file\" ><img class=\"my-3\" src=\"https:\/\/did-dev.net\/mineddte\/wp-content\/plugins\/wp-docs\/img\/filetype-icons\/pdf.png\" \/><\/a>\r\n\t\t\t\t\t\t\t\t\t\t\t\t\t\t\t\t\t<figcaption class=\"figure-caption text-center\">DECRET N 2024-595 DU 26 JUIN 2024 DETERMINANT LES REGLES ET PROCEDURES APPLICABLES AUX EVALUATIONS ENVIRONNEMENTALES ET SOCIALES<\/figcaption>\r\n\t\t\t\t\t\t\t\t\t\t\t\t\t\t\t\t<\/figure>\r\n\t\t\t\t\t\t\t\t\t\t\t\t\t\t\t<\/div>\r\n\t\t\t\t\t\t\t\t\t\t\t\t\t\t\t\r\n\t\t\t\t\t\t\t\t\t\t\t\t\t\t\t\r\n\t\t\t\t\t\t\t\t\t\t\t\t\t\t\t\t\r\n\t\r\n\t\t\t\t\t\t<\/div>\r\n\t\r\n\t\t\t\t\t\t<!-- List View Area -->\r\n\t\t\t\t\t\t<div class=\"row folder_view list_view \">\r\n\t\t\t\t\t\t\t\r\n\t\t\t\t\t\t\t\t\t\t\t\t\t\t\t\t<div title=\"Procedure-de-demande-dagrement-pour-traitement-des-huiles-usagees-et-residus-dhydrocarbures-en-Cote-dIvoire.pdf\" class=\"col-12 file_wrapper is_file\" style=\"cursor: pointer;\" data-id=\"3846\">\r\n\t\t\t\t\t\t\t\t\t\t\t\t\t\t\t\t\t<figure class=\"figure file_view p-3\">\r\n\t\t\t\t\t\t\t\t\t\t\t\t\t\t\t\t\t\t<a href=\"https:\/\/did-dev.net\/mineddte\/wp-content\/uploads\/2022\/08\/Procedure-de-demande-dagrement-pour-traitement-des-huiles-usagees-et-residus-dhydrocarbures-en-Cote-dIvoire.pdf\" target=\"_blank\" class=\"file\" ><img class=\"mb-2\" src=\"https:\/\/did-dev.net\/mineddte\/wp-content\/plugins\/wp-docs\/img\/filetype-icons\/pdf.png\" style=\"width: 25px; height: 25px\"><\/a>\r\n\t\t\t\t\t\t\t\t\t\t\t\t\t\t\t\t\t\t<small class=\"text-center\">Proc\u00e9dure de demande d\u2019agr\u00e9ment pour traitement des huiles usag\u00e9es et r\u00e9sidus d\u2019hydrocarbures en C\u00f4te d'Ivoire<\/small>\r\n\t\t\t\t\t\t\t\t\t\t\t\t\t\t\t\t\t<\/figure>\r\n\t\t\t\t\t\t\t\t\t\t\t\t\t\t\t\t<\/div>\r\n\t\t\t\t\t\t\t\t\t\t\t\t\t\t\t\t<div title=\"MUNUEL-DES-PROCEDURES-OPERATIONNELLES-DE-PREPARATION-AUX-MECANISMES-DE-MARCHE-ET-NON-MARCHE-CARBONE-EN-COTE-DIVOIRE.pdf\" class=\"col-12 file_wrapper is_file\" style=\"cursor: pointer;\" data-id=\"5921\">\r\n\t\t\t\t\t\t\t\t\t\t\t\t\t\t\t\t\t<figure class=\"figure file_view p-3\">\r\n\t\t\t\t\t\t\t\t\t\t\t\t\t\t\t\t\t\t<a href=\"https:\/\/did-dev.net\/mineddte\/wp-content\/uploads\/2015\/08\/MUNUEL-DES-PROCEDURES-OPERATIONNELLES-DE-PREPARATION-AUX-MECANISMES-DE-MARCHE-ET-NON-MARCHE-CARBONE-EN-COTE-DIVOIRE.pdf\" target=\"_blank\" class=\"file\" ><img class=\"mb-2\" src=\"https:\/\/did-dev.net\/mineddte\/wp-content\/plugins\/wp-docs\/img\/filetype-icons\/pdf.png\" style=\"width: 25px; height: 25px\"><\/a>\r\n\t\t\t\t\t\t\t\t\t\t\t\t\t\t\t\t\t\t<small class=\"text-center\">MUNUEL DES PROCEDURES OPERATIONNELLES DE PREPARATION AUX MECANISMES DE MARCHE ET NON-MARCHE CARBONE EN COTE D'IVOIRE<\/small>\r\n\t\t\t\t\t\t\t\t\t\t\t\t\t\t\t\t\t<\/figure>\r\n\t\t\t\t\t\t\t\t\t\t\t\t\t\t\t\t<\/div>\r\n\t\t\t\t\t\t\t\t\t\t\t\t\t\t\t\t<div title=\"GUIDE-IVOIRE-ECO-AWARDS.pdf\" class=\"col-12 file_wrapper is_file\" style=\"cursor: pointer;\" data-id=\"5945\">\r\n\t\t\t\t\t\t\t\t\t\t\t\t\t\t\t\t\t<figure class=\"figure file_view p-3\">\r\n\t\t\t\t\t\t\t\t\t\t\t\t\t\t\t\t\t\t<a href=\"https:\/\/did-dev.net\/mineddte\/wp-content\/uploads\/2015\/08\/GUIDE-IVOIRE-ECO-AWARDS.pdf\" target=\"_blank\" class=\"file\" ><img class=\"mb-2\" src=\"https:\/\/did-dev.net\/mineddte\/wp-content\/plugins\/wp-docs\/img\/filetype-icons\/pdf.png\" style=\"width: 25px; height: 25px\"><\/a>\r\n\t\t\t\t\t\t\t\t\t\t\t\t\t\t\t\t\t\t<small class=\"text-center\">GUIDE IVOIRE ECO AWARDS<\/small>\r\n\t\t\t\t\t\t\t\t\t\t\t\t\t\t\t\t\t<\/figure>\r\n\t\t\t\t\t\t\t\t\t\t\t\t\t\t\t\t<\/div>\r\n\t\t\t\t\t\t\t\t\t\t\t\t\t\t\t\t<div title=\"DECRET-N-2024-595-DU-26-JUIN-2024-DETERMINANT-LES-REGLES-ET-PROCEDURES-APPLICABLES-AUX-EVALUATIONS-ENVIRONNEMENTALES-ET-SOCIALES.pdf\" class=\"col-12 file_wrapper is_file\" style=\"cursor: pointer;\" data-id=\"5580\">\r\n\t\t\t\t\t\t\t\t\t\t\t\t\t\t\t\t\t<figure class=\"figure file_view p-3\">\r\n\t\t\t\t\t\t\t\t\t\t\t\t\t\t\t\t\t\t<a href=\"https:\/\/did-dev.net\/mineddte\/wp-content\/uploads\/2015\/08\/DECRET-N-2024-595-DU-26-JUIN-2024-DETERMINANT-LES-REGLES-ET-PROCEDURES-APPLICABLES-AUX-EVALUATIONS-ENVIRONNEMENTALES-ET-SOCIALES.pdf\" target=\"_blank\" class=\"file\" ><img class=\"mb-2\" src=\"https:\/\/did-dev.net\/mineddte\/wp-content\/plugins\/wp-docs\/img\/filetype-icons\/pdf.png\" style=\"width: 25px; height: 25px\"><\/a>\r\n\t\t\t\t\t\t\t\t\t\t\t\t\t\t\t\t\t\t<small class=\"text-center\">DECRET N 2024-595 DU 26 JUIN 2024 DETERMINANT LES REGLES ET PROCEDURES APPLICABLES AUX EVALUATIONS ENVIRONNEMENTALES ET SOCIALES<\/small>\r\n\t\t\t\t\t\t\t\t\t\t\t\t\t\t\t\t\t<\/figure>\r\n\t\t\t\t\t\t\t\t\t\t\t\t\t\t\t\t<\/div>\t\r\n\t\r\n\t\t\t\t\t\t<\/div>\r\n\t                            \r\n\t\t\t\t\t\t<!-- Detail View Area -->\r\n\t\t\t\t\t\t<div class=\"row folder_view detail_view mt-0 d-none\">\r\n\t\t\t\t\t\t\t<div class=\"table-responsive\" style=\"zoom:70%\">\r\n\t\t\t\t\t\t\t\t<table class=\"table\">\r\n\t\t\t\t\t\t\t\t\t<thead class=\"thead\">\r\n\t\t\t\t\t\t\t\t\t\t<tr>\r\n\t\t\t\t\t\t\t\t\t\t\t<th>Nom <\/th>\r\n\t\t\t<th>Date de cr\u00e9ation <\/th>\t\t\t\t\t<th>Date modifi\u00e9e <\/th>\t\t\t\t\t<th>Type <\/th>\t\t\t\t\t<th>Taille <\/th>    \r\n\t\t\t\t\t\t\t\t\t\t<\/tr>\r\n\t\t\t\t\t\t\t\t\t<\/thead>\r\n\t\t\t\t\t\t\t\t\t\r\n\t\t\t\t\t\t\t\t\t\t\t\t\t<tr title=\"Procedure-de-demande-dagrement-pour-traitement-des-huiles-usagees-et-residus-dhydrocarbures-en-Cote-dIvoire.pdf\" data-url=\"https:\/\/did-dev.net\/mineddte\/wp-content\/uploads\/2022\/08\/Procedure-de-demande-dagrement-pour-traitement-des-huiles-usagees-et-residus-dhydrocarbures-en-Cote-dIvoire.pdf\" class=\"file_view file_link is_file\" style=\"cursor: pointer;\" data-id=\"3846\">\r\n\r\n\t\t\t\t\t\t\t\t\t\t\t\t\t\t<td>\r\n\r\n\t\t\t\t\t\t\t\t\t\t\t\t\t\t\t<figure class=\"figure file_view p-4\">\r\n\t\t\t\t\t\t\t\t\t\t\t\t\t\t\t\t<span class=\"file\"><img class=\"mb-2\" src=\"https:\/\/did-dev.net\/mineddte\/wp-content\/plugins\/wp-docs\/img\/filetype-icons\/pdf.png\" style=\"width: 25px; height: 25px\"><\/span>\r\n\t\t\t\t\t\t\t\t\t\t\t\t\t\t\t\t<small class=\"text-center\">Proc\u00e9dure de demande d\u2019agr\u00e9ment pour traitement des huiles usag\u00e9es et r\u00e9sidus d\u2019hydrocarbures en C\u00f4te d'Ivoire<\/small>\r\n\t\t\t\t\t\t\t\t\t\t\t\t\t\t\t<\/figure>\r\n\t\t\t\t\t\t\t\t\t\t\t\t\t\t<\/td>\r\n\t\t\t\t\t\t\t\t\t\t\t\t\t<td data-time=\"1660124847\"><small>10 ao\u00fbt 2022 9h47<\/small><\/td><td data-time=\"1660124847\"><small>10 ao\u00fbt 2022 9h47<\/small><\/td><td><small>application\/pdf<\/small><\/td><td data-time=\"390\"><small>390 KB<\/small><\/td><\/tr>\r\n\t\t\t\t\t\t\t\t\t\t\t\t\t<tr title=\"MUNUEL-DES-PROCEDURES-OPERATIONNELLES-DE-PREPARATION-AUX-MECANISMES-DE-MARCHE-ET-NON-MARCHE-CARBONE-EN-COTE-DIVOIRE.pdf\" data-url=\"https:\/\/did-dev.net\/mineddte\/wp-content\/uploads\/2015\/08\/MUNUEL-DES-PROCEDURES-OPERATIONNELLES-DE-PREPARATION-AUX-MECANISMES-DE-MARCHE-ET-NON-MARCHE-CARBONE-EN-COTE-DIVOIRE.pdf\" class=\"file_view file_link is_file\" style=\"cursor: pointer;\" data-id=\"5921\">\r\n\r\n\t\t\t\t\t\t\t\t\t\t\t\t\t\t<td>\r\n\r\n\t\t\t\t\t\t\t\t\t\t\t\t\t\t\t<figure class=\"figure file_view p-4\">\r\n\t\t\t\t\t\t\t\t\t\t\t\t\t\t\t\t<span class=\"file\"><img class=\"mb-2\" src=\"https:\/\/did-dev.net\/mineddte\/wp-content\/plugins\/wp-docs\/img\/filetype-icons\/pdf.png\" style=\"width: 25px; height: 25px\"><\/span>\r\n\t\t\t\t\t\t\t\t\t\t\t\t\t\t\t\t<small class=\"text-center\">MUNUEL DES PROCEDURES OPERATIONNELLES DE PREPARATION AUX MECANISMES DE MARCHE ET NON-MARCHE CARBONE EN COTE D'IVOIRE<\/small>\r\n\t\t\t\t\t\t\t\t\t\t\t\t\t\t\t<\/figure>\r\n\t\t\t\t\t\t\t\t\t\t\t\t\t\t<\/td>\r\n\t\t\t\t\t\t\t\t\t\t\t\t\t<td data-time=\"1737545895\"><small>22 janvier 2025 11h38<\/small><\/td><td data-time=\"1737545895\"><small>22 janvier 2025 11h38<\/small><\/td><td><small>application\/pdf<\/small><\/td><td data-time=\"8217\"><small>8217 KB<\/small><\/td><\/tr>\r\n\t\t\t\t\t\t\t\t\t\t\t\t\t<tr title=\"GUIDE-IVOIRE-ECO-AWARDS.pdf\" data-url=\"https:\/\/did-dev.net\/mineddte\/wp-content\/uploads\/2015\/08\/GUIDE-IVOIRE-ECO-AWARDS.pdf\" class=\"file_view file_link is_file\" style=\"cursor: pointer;\" data-id=\"5945\">\r\n\r\n\t\t\t\t\t\t\t\t\t\t\t\t\t\t<td>\r\n\r\n\t\t\t\t\t\t\t\t\t\t\t\t\t\t\t<figure class=\"figure file_view p-4\">\r\n\t\t\t\t\t\t\t\t\t\t\t\t\t\t\t\t<span class=\"file\"><img class=\"mb-2\" src=\"https:\/\/did-dev.net\/mineddte\/wp-content\/plugins\/wp-docs\/img\/filetype-icons\/pdf.png\" style=\"width: 25px; height: 25px\"><\/span>\r\n\t\t\t\t\t\t\t\t\t\t\t\t\t\t\t\t<small class=\"text-center\">GUIDE IVOIRE ECO AWARDS<\/small>\r\n\t\t\t\t\t\t\t\t\t\t\t\t\t\t\t<\/figure>\r\n\t\t\t\t\t\t\t\t\t\t\t\t\t\t<\/td>\r\n\t\t\t\t\t\t\t\t\t\t\t\t\t<td data-time=\"1739360982\"><small>12 f\u00e9vrier 2025 11h49<\/small><\/td><td data-time=\"1739360982\"><small>12 f\u00e9vrier 2025 11h49<\/small><\/td><td><small>application\/pdf<\/small><\/td><td data-time=\"971\"><small>971 KB<\/small><\/td><\/tr>\r\n\t\t\t\t\t\t\t\t\t\t\t\t\t<tr title=\"DECRET-N-2024-595-DU-26-JUIN-2024-DETERMINANT-LES-REGLES-ET-PROCEDURES-APPLICABLES-AUX-EVALUATIONS-ENVIRONNEMENTALES-ET-SOCIALES.pdf\" data-url=\"https:\/\/did-dev.net\/mineddte\/wp-content\/uploads\/2015\/08\/DECRET-N-2024-595-DU-26-JUIN-2024-DETERMINANT-LES-REGLES-ET-PROCEDURES-APPLICABLES-AUX-EVALUATIONS-ENVIRONNEMENTALES-ET-SOCIALES.pdf\" class=\"file_view file_link is_file\" style=\"cursor: pointer;\" data-id=\"5580\">\r\n\r\n\t\t\t\t\t\t\t\t\t\t\t\t\t\t<td>\r\n\r\n\t\t\t\t\t\t\t\t\t\t\t\t\t\t\t<figure class=\"figure file_view p-4\">\r\n\t\t\t\t\t\t\t\t\t\t\t\t\t\t\t\t<span class=\"file\"><img class=\"mb-2\" src=\"https:\/\/did-dev.net\/mineddte\/wp-content\/plugins\/wp-docs\/img\/filetype-icons\/pdf.png\" style=\"width: 25px; height: 25px\"><\/span>\r\n\t\t\t\t\t\t\t\t\t\t\t\t\t\t\t\t<small class=\"text-center\">DECRET N 2024-595 DU 26 JUIN 2024 DETERMINANT LES REGLES ET PROCEDURES APPLICABLES AUX EVALUATIONS ENVIRONNEMENTALES ET SOCIALES<\/small>\r\n\t\t\t\t\t\t\t\t\t\t\t\t\t\t\t<\/figure>\r\n\t\t\t\t\t\t\t\t\t\t\t\t\t\t<\/td>\r\n\t\t\t\t\t\t\t\t\t\t\t\t\t<td data-time=\"1724059794\"><small>19 ao\u00fbt 2024 9h29<\/small><\/td><td data-time=\"1724059794\"><small>19 ao\u00fbt 2024 9h29<\/small><\/td><td><small>application\/pdf<\/small><\/td><td data-time=\"35157\"><small>35157 KB<\/small><\/td><\/tr>\t\t\t\t\t\t\t\t<\/table>\r\n\t\t\t\t\t\t\t<\/div>\r\n\t\t\t\t\t\t<\/div>\r\n\t\r\n\t\t\t\t\t<\/div>\r\n\t\t\t\t\t<div class=\"card-footer text-right wpdocs-views position-relative\">\r\n\t\r\n\t\r\n\t\r\n\t\t\t\t\t\t<a data-source=\"large_icon_view\" data-toggle=\"tooltip\" data-placement=\"bottom\" title=\"Affichage des miniatures\" class=\"folder_view_btn fa fa-image fa-lg text-danger mr-2\"><\/a>\r\n\t\t\t\t\t\t<a data-source=\"list_view\" data-toggle=\"tooltip\" data-placement=\"bottom\" title=\"Vue en liste\" class=\"folder_view_btn fa fa-bars fa-lg text-danger mr-2\"><\/a>\r\n\t\t\t\t\t\t<a data-source=\"detail_view\" data-toggle=\"tooltip\" data-placement=\"bottom\" title=\"Vues d\u00e9taill\u00e9es\" class=\"folder_view_btn fa fa-list fa-lg text-danger mr-2\"><\/a>\r\n\t\t\t\t\t<\/div>\r\n\t\t\t\t<\/div>\r\n\t\t\t\t\t<div class=\"wpdocs_loader wpd_modal d-none\">\r\n\t\t\t\t\t<div class=\"modal_content\">\r\n\t\t\t\t\t\t<img src=\"https:\/\/did-dev.net\/mineddte\/wp-content\/plugins\/wp-docs\/img\/loader.gif\" width=\"50px\" height=\"50px\">\r\n\t\t\t\t\t<\/div>\r\n\t\t\t\t<\/div>\r\n\t            \r\n\t\r\n\t\t\t<\/div>\n","protected":false},"excerpt":{"rendered":"<p>Vous trouverez ci-dessous la liste de tous les documents relatifs aux Proc\u00e9dures du Minist\u00e8re de l&#8217;Environnement, du D\u00e9veloppement Durable et de la Transition Ecologique. Il est possible d&#8217;effectuer une recherche [&hellip;]<\/p>\n","protected":false},"author":1,"featured_media":0,"parent":0,"menu_order":0,"comment_status":"closed","ping_status":"closed","template":"","meta":{"_lmt_disableupdate":"no","_lmt_disable":"","pgc_sgb_lightbox_settings":""},"folder":[72],"_links":{"self":[{"href":"https:\/\/did-dev.net\/mineddte\/wp-json\/wp\/v2\/pages\/2392"}],"collection":[{"href":"https:\/\/did-dev.net\/mineddte\/wp-json\/wp\/v2\/pages"}],"about":[{"href":"https:\/\/did-dev.net\/mineddte\/wp-json\/wp\/v2\/types\/page"}],"author":[{"embeddable":true,"href":"https:\/\/did-dev.net\/mineddte\/wp-json\/wp\/v2\/users\/1"}],"replies":[{"embeddable":true,"href":"https:\/\/did-dev.net\/mineddte\/wp-json\/wp\/v2\/comments?post=2392"}],"version-history":[{"count":3,"href":"https:\/\/did-dev.net\/mineddte\/wp-json\/wp\/v2\/pages\/2392\/revisions"}],"predecessor-version":[{"id":5092,"href":"https:\/\/did-dev.net\/mineddte\/wp-json\/wp\/v2\/pages\/2392\/revisions\/5092"}],"wp:attachment":[{"href":"https:\/\/did-dev.net\/mineddte\/wp-json\/wp\/v2\/media?parent=2392"}],"wp:term":[{"taxonomy":"folder","embeddable":true,"href":"https:\/\/did-dev.net\/mineddte\/wp-json\/wp\/v2\/folder?post=2392"}],"curies":[{"name":"wp","href":"https:\/\/api.w.org\/{rel}","templated":true}]}}