{"id":2386,"date":"2021-11-26T20:17:07","date_gmt":"2021-11-26T20:17:07","guid":{"rendered":"https:\/\/did-dev.net\/mineddte\/?page_id=2386"},"modified":"2024-02-08T15:07:25","modified_gmt":"2024-02-08T15:07:25","slug":"arretes","status":"publish","type":"page","link":"https:\/\/did-dev.net\/mineddte\/arretes\/","title":{"rendered":"Arr\u00eat\u00e9s"},"content":{"rendered":"<p style=\"text-align: justify;\"><span style=\"font-family: verdana, geneva, sans-serif;\">Vous trouverez ci-dessous la liste de <strong>tous les <span style=\"text-decoration: underline;\">Arr\u00eat\u00e9s<\/span> impliquant le Minist\u00e8re de l&#8217;Environnement, du D\u00e9veloppement Durable et de la Transition Ecologique<\/strong>. Il est possible d&#8217;effectuer une recherche par th\u00e8me.<\/span><\/p>\n<p style=\"text-align: center;\">\r\n\t\r\n\t\t\t<div class=\"container-fluid wpdoc_container\" data-dir_restrictions = \"\" data-del_from_front=\"\" data-dir=\"3065\" data-home=\"3065\">\r\n\t\r\n\t\t\t\t<input type=\"hidden\" class=\"wpd_home_id\" value=\"3065\" \/>\r\n\t\t\t\t<input type=\"hidden\" class=\"wpd_del_file_id\" value=\"\" \/>\r\n\t\r\n\t\t\t\t<div class=\"card mt-3\">\r\n\t\t\t\t\t<!-- breadcrumb Area -->\r\n\t\t\t\t\t<nav aria-label=\"breadcrumb\" class=\"wpdocs-nav position-relative\">\r\n\t\t\t\t\t\t<ol class=\"breadcrumb bg-light\" style=\"border-bottom:1px solid #dee2e6;border-radius: 0; min-height: 40px;\">\r\n\r\n                            \t\r\n\t\t\t\t\t\t<\/ol>\r\n\r\n                        \r\n\t\t\t\t\t\t\t\t\t\t\t<\/nav>\r\n\t\t\t\r\n\t\t\t\t\t\r\n\t\t\t\t\t                    \r\n                                        <div class=\"wpdocs-searchbox\">\r\n                    \t<input type=\"text\" placeholder=\"Tapez ici pour filtrer ...\" \/>\r\n                    <\/div>\r\n                    \t\r\n\t\t\t\t\t<div class=\"card-body \">\r\n\t\r\n\t\t\t\t\t\t<!-- Large Icon View Area -->\r\n\t\t\t\t\t\t<div class=\"row folder_view large_icon_view \">\r\n\t\t\t\t\t\t\t\r\n\t\r\n\t\t\t\t\t\t\t\t\t\t\t\t\t\t\t\t\t\r\n\t\t\t\t\t\t\t\t\t\t\t\t\t\t\t<div title=\"ARRETE-PORTANT-Procedure-de-delivrance-dAgrement-pour-Collecte-Stockage-Valorisation-Elimination-Huiles-Usagees.pdf\" class=\"col-4 col-md-3 is_file text-center\" style=\"cursor: pointer;\" data-id=\"3068\">\r\n\t\t\t\t\t\t\t\t\t\t\t\t\t\t\t\t<figure class=\"figure file_view p-1\">\r\n\t\t\t\t\t\t\t\t\t\t\t\t\t\t\t\t\t<a href=\"https:\/\/did-dev.net\/mineddte\/wp-content\/uploads\/2022\/01\/ARRETE-PORTANT-Procedure-de-delivrance-dAgrement-pour-Collecte-Stockage-Valorisation-Elimination-Huiles-Usagees.pdf\" target=\"_blank\" class=\"file\" ><img class=\"my-3\" src=\"https:\/\/did-dev.net\/mineddte\/wp-content\/plugins\/wp-docs\/img\/filetype-icons\/pdf.png\" \/><\/a>\r\n\t\t\t\t\t\t\t\t\t\t\t\t\t\t\t\t\t<figcaption class=\"figure-caption text-center\">ARR\u00caT\u00c9 PORTANT Proc\u00e9dure de d\u00e9livrance d'Agr\u00e9ment pour Collecte-Stockage-Valorisation-Elimination-Huiles Usag\u00e9es<\/figcaption>\r\n\t\t\t\t\t\t\t\t\t\t\t\t\t\t\t\t<\/figure>\r\n\t\t\t\t\t\t\t\t\t\t\t\t\t\t\t<\/div>\r\n\t\t\t\t\t\t\t\t\t\t\t\t\t\t\t\r\n\t\t\t\t\t\t\t\t\t\t\t\t\t\t\t\r\n\t\t\t\t\t\t\t\t\t\t\t\t\t\t\t\r\n\t\r\n\t\t\t\t\t\t\t\t\t\t\t\t\t\t\t\t\t\r\n\t\t\t\t\t\t\t\t\t\t\t\t\t\t\t<div title=\"ARRETE-MODIFIANT-Procedure-dAgrement-aux-Societes-Prestataires-Ordures-Menageres-et-Assimilees-Navires-N\u00b000251.pdf\" class=\"col-4 col-md-3 is_file text-center\" style=\"cursor: pointer;\" data-id=\"3067\">\r\n\t\t\t\t\t\t\t\t\t\t\t\t\t\t\t\t<figure class=\"figure file_view p-1\">\r\n\t\t\t\t\t\t\t\t\t\t\t\t\t\t\t\t\t<a href=\"https:\/\/did-dev.net\/mineddte\/wp-content\/uploads\/2022\/01\/ARRETE-MODIFIANT-Procedure-dAgrement-aux-Societes-Prestataires-Ordures-Menageres-et-Assimilees-Navires-N\u00b000251.pdf\" target=\"_blank\" class=\"file\" ><img class=\"my-3\" src=\"https:\/\/did-dev.net\/mineddte\/wp-content\/plugins\/wp-docs\/img\/filetype-icons\/pdf.png\" \/><\/a>\r\n\t\t\t\t\t\t\t\t\t\t\t\t\t\t\t\t\t<figcaption class=\"figure-caption text-center\">ARR\u00caT\u00c9 MODIFIANT Proc\u00e9dure d'Agr\u00e9ment aux Soci\u00e9t\u00e9s Prestataires-Ordures M\u00e9nag\u00e8res et Assimil\u00e9es Navires N\u00b000251<\/figcaption>\r\n\t\t\t\t\t\t\t\t\t\t\t\t\t\t\t\t<\/figure>\r\n\t\t\t\t\t\t\t\t\t\t\t\t\t\t\t<\/div>\r\n\t\t\t\t\t\t\t\t\t\t\t\t\t\t\t\r\n\t\t\t\t\t\t\t\t\t\t\t\t\t\t\t\r\n\t\t\t\t\t\t\t\t\t\t\t\t\t\t\t\r\n\t\r\n\t\t\t\t\t\t\t\t\t\t\t\t\t\t\t\t\t\r\n\t\t\t\t\t\t\t\t\t\t\t\t\t\t\t<div title=\"ARRETE-MODIFIANT-CREATION-du-Comite-National-dAgrement-N\u00b000250-MINEDD-CAB-DGE-DDISC.pdf\" class=\"col-4 col-md-3 is_file text-center\" style=\"cursor: pointer;\" data-id=\"3066\">\r\n\t\t\t\t\t\t\t\t\t\t\t\t\t\t\t\t<figure class=\"figure file_view p-1\">\r\n\t\t\t\t\t\t\t\t\t\t\t\t\t\t\t\t\t<a href=\"https:\/\/did-dev.net\/mineddte\/wp-content\/uploads\/2022\/01\/ARRETE-MODIFIANT-CREATION-du-Comite-National-dAgrement-N\u00b000250-MINEDD-CAB-DGE-DDISC.pdf\" target=\"_blank\" class=\"file\" ><img class=\"my-3\" src=\"https:\/\/did-dev.net\/mineddte\/wp-content\/plugins\/wp-docs\/img\/filetype-icons\/pdf.png\" \/><\/a>\r\n\t\t\t\t\t\t\t\t\t\t\t\t\t\t\t\t\t<figcaption class=\"figure-caption text-center\">ARR\u00caT\u00c9 MODIFIANT CR\u00c9ATION du Comit\u00e9 National d'Agr\u00e9ment N\u00b000250-MINEDD-CAB-DGE-DDISC<\/figcaption>\r\n\t\t\t\t\t\t\t\t\t\t\t\t\t\t\t\t<\/figure>\r\n\t\t\t\t\t\t\t\t\t\t\t\t\t\t\t<\/div>\r\n\t\t\t\t\t\t\t\t\t\t\t\t\t\t\t\r\n\t\t\t\t\t\t\t\t\t\t\t\t\t\t\t\r\n\t\t\t\t\t\t\t\t\t\t\t\t\t\t\t\t\r\n\t\r\n\t\t\t\t\t\t<\/div>\r\n\t\r\n\t\t\t\t\t\t<!-- List View Area -->\r\n\t\t\t\t\t\t<div class=\"row folder_view list_view d-none\">\r\n\t\t\t\t\t\t\t\r\n\t\t\t\t\t\t\t\t\t\t\t\t\t\t\t\t<div title=\"ARRETE-PORTANT-Procedure-de-delivrance-dAgrement-pour-Collecte-Stockage-Valorisation-Elimination-Huiles-Usagees.pdf\" class=\"col-12 file_wrapper is_file\" style=\"cursor: pointer;\" data-id=\"3068\">\r\n\t\t\t\t\t\t\t\t\t\t\t\t\t\t\t\t\t<figure class=\"figure file_view p-3\">\r\n\t\t\t\t\t\t\t\t\t\t\t\t\t\t\t\t\t\t<a href=\"https:\/\/did-dev.net\/mineddte\/wp-content\/uploads\/2022\/01\/ARRETE-PORTANT-Procedure-de-delivrance-dAgrement-pour-Collecte-Stockage-Valorisation-Elimination-Huiles-Usagees.pdf\" target=\"_blank\" class=\"file\" ><img class=\"mb-2\" src=\"https:\/\/did-dev.net\/mineddte\/wp-content\/plugins\/wp-docs\/img\/filetype-icons\/pdf.png\" style=\"width: 25px; height: 25px\"><\/a>\r\n\t\t\t\t\t\t\t\t\t\t\t\t\t\t\t\t\t\t<small class=\"text-center\">ARR\u00caT\u00c9 PORTANT Proc\u00e9dure de d\u00e9livrance d'Agr\u00e9ment pour Collecte-Stockage-Valorisation-Elimination-Huiles Usag\u00e9es<\/small>\r\n\t\t\t\t\t\t\t\t\t\t\t\t\t\t\t\t\t<\/figure>\r\n\t\t\t\t\t\t\t\t\t\t\t\t\t\t\t\t<\/div>\r\n\t\t\t\t\t\t\t\t\t\t\t\t\t\t\t\t<div title=\"ARRETE-MODIFIANT-Procedure-dAgrement-aux-Societes-Prestataires-Ordures-Menageres-et-Assimilees-Navires-N\u00b000251.pdf\" class=\"col-12 file_wrapper is_file\" style=\"cursor: pointer;\" data-id=\"3067\">\r\n\t\t\t\t\t\t\t\t\t\t\t\t\t\t\t\t\t<figure class=\"figure file_view p-3\">\r\n\t\t\t\t\t\t\t\t\t\t\t\t\t\t\t\t\t\t<a href=\"https:\/\/did-dev.net\/mineddte\/wp-content\/uploads\/2022\/01\/ARRETE-MODIFIANT-Procedure-dAgrement-aux-Societes-Prestataires-Ordures-Menageres-et-Assimilees-Navires-N\u00b000251.pdf\" target=\"_blank\" class=\"file\" ><img class=\"mb-2\" src=\"https:\/\/did-dev.net\/mineddte\/wp-content\/plugins\/wp-docs\/img\/filetype-icons\/pdf.png\" style=\"width: 25px; height: 25px\"><\/a>\r\n\t\t\t\t\t\t\t\t\t\t\t\t\t\t\t\t\t\t<small class=\"text-center\">ARR\u00caT\u00c9 MODIFIANT Proc\u00e9dure d'Agr\u00e9ment aux Soci\u00e9t\u00e9s Prestataires-Ordures M\u00e9nag\u00e8res et Assimil\u00e9es Navires N\u00b000251<\/small>\r\n\t\t\t\t\t\t\t\t\t\t\t\t\t\t\t\t\t<\/figure>\r\n\t\t\t\t\t\t\t\t\t\t\t\t\t\t\t\t<\/div>\r\n\t\t\t\t\t\t\t\t\t\t\t\t\t\t\t\t<div title=\"ARRETE-MODIFIANT-CREATION-du-Comite-National-dAgrement-N\u00b000250-MINEDD-CAB-DGE-DDISC.pdf\" class=\"col-12 file_wrapper is_file\" style=\"cursor: pointer;\" data-id=\"3066\">\r\n\t\t\t\t\t\t\t\t\t\t\t\t\t\t\t\t\t<figure class=\"figure file_view p-3\">\r\n\t\t\t\t\t\t\t\t\t\t\t\t\t\t\t\t\t\t<a href=\"https:\/\/did-dev.net\/mineddte\/wp-content\/uploads\/2022\/01\/ARRETE-MODIFIANT-CREATION-du-Comite-National-dAgrement-N\u00b000250-MINEDD-CAB-DGE-DDISC.pdf\" target=\"_blank\" class=\"file\" ><img class=\"mb-2\" src=\"https:\/\/did-dev.net\/mineddte\/wp-content\/plugins\/wp-docs\/img\/filetype-icons\/pdf.png\" style=\"width: 25px; height: 25px\"><\/a>\r\n\t\t\t\t\t\t\t\t\t\t\t\t\t\t\t\t\t\t<small class=\"text-center\">ARR\u00caT\u00c9 MODIFIANT CR\u00c9ATION du Comit\u00e9 National d'Agr\u00e9ment N\u00b000250-MINEDD-CAB-DGE-DDISC<\/small>\r\n\t\t\t\t\t\t\t\t\t\t\t\t\t\t\t\t\t<\/figure>\r\n\t\t\t\t\t\t\t\t\t\t\t\t\t\t\t\t<\/div>\t\r\n\t\r\n\t\t\t\t\t\t<\/div>\r\n\t                            \r\n\t\t\t\t\t\t<!-- Detail View Area -->\r\n\t\t\t\t\t\t<div class=\"row folder_view detail_view mt-0 d-none\">\r\n\t\t\t\t\t\t\t<div class=\"table-responsive\" style=\"zoom:70%\">\r\n\t\t\t\t\t\t\t\t<table class=\"table\">\r\n\t\t\t\t\t\t\t\t\t<thead class=\"thead\">\r\n\t\t\t\t\t\t\t\t\t\t<tr>\r\n\t\t\t\t\t\t\t\t\t\t\t<th>Nom <\/th>\r\n\t\t\t<th>Date de cr\u00e9ation <\/th>\t\t\t\t\t<th>Date modifi\u00e9e <\/th>\t\t\t\t\t<th>Type <\/th>\t\t\t\t\t<th>Taille <\/th>    \r\n\t\t\t\t\t\t\t\t\t\t<\/tr>\r\n\t\t\t\t\t\t\t\t\t<\/thead>\r\n\t\t\t\t\t\t\t\t\t\r\n\t\t\t\t\t\t\t\t\t\t\t\t\t<tr title=\"ARRETE-PORTANT-Procedure-de-delivrance-dAgrement-pour-Collecte-Stockage-Valorisation-Elimination-Huiles-Usagees.pdf\" data-url=\"https:\/\/did-dev.net\/mineddte\/wp-content\/uploads\/2022\/01\/ARRETE-PORTANT-Procedure-de-delivrance-dAgrement-pour-Collecte-Stockage-Valorisation-Elimination-Huiles-Usagees.pdf\" class=\"file_view file_link is_file\" style=\"cursor: pointer;\" data-id=\"3068\">\r\n\r\n\t\t\t\t\t\t\t\t\t\t\t\t\t\t<td>\r\n\r\n\t\t\t\t\t\t\t\t\t\t\t\t\t\t\t<figure class=\"figure file_view p-4\">\r\n\t\t\t\t\t\t\t\t\t\t\t\t\t\t\t\t<span class=\"file\"><img class=\"mb-2\" src=\"https:\/\/did-dev.net\/mineddte\/wp-content\/plugins\/wp-docs\/img\/filetype-icons\/pdf.png\" style=\"width: 25px; height: 25px\"><\/span>\r\n\t\t\t\t\t\t\t\t\t\t\t\t\t\t\t\t<small class=\"text-center\">ARR\u00caT\u00c9 PORTANT Proc\u00e9dure de d\u00e9livrance d'Agr\u00e9ment pour Collecte-Stockage-Valorisation-Elimination-Huiles Usag\u00e9es<\/small>\r\n\t\t\t\t\t\t\t\t\t\t\t\t\t\t\t<\/figure>\r\n\t\t\t\t\t\t\t\t\t\t\t\t\t\t<\/td>\r\n\t\t\t\t\t\t\t\t\t\t\t\t\t<td data-time=\"1643497728\"><small>29 janvier 2022 23h08<\/small><\/td><td data-time=\"1643497728\"><small>29 janvier 2022 23h08<\/small><\/td><td><small>application\/pdf<\/small><\/td><td data-time=\"2855\"><small>2855 KB<\/small><\/td><\/tr>\r\n\t\t\t\t\t\t\t\t\t\t\t\t\t<tr title=\"ARRETE-MODIFIANT-Procedure-dAgrement-aux-Societes-Prestataires-Ordures-Menageres-et-Assimilees-Navires-N\u00b000251.pdf\" data-url=\"https:\/\/did-dev.net\/mineddte\/wp-content\/uploads\/2022\/01\/ARRETE-MODIFIANT-Procedure-dAgrement-aux-Societes-Prestataires-Ordures-Menageres-et-Assimilees-Navires-N\u00b000251.pdf\" class=\"file_view file_link is_file\" style=\"cursor: pointer;\" data-id=\"3067\">\r\n\r\n\t\t\t\t\t\t\t\t\t\t\t\t\t\t<td>\r\n\r\n\t\t\t\t\t\t\t\t\t\t\t\t\t\t\t<figure class=\"figure file_view p-4\">\r\n\t\t\t\t\t\t\t\t\t\t\t\t\t\t\t\t<span class=\"file\"><img class=\"mb-2\" src=\"https:\/\/did-dev.net\/mineddte\/wp-content\/plugins\/wp-docs\/img\/filetype-icons\/pdf.png\" style=\"width: 25px; height: 25px\"><\/span>\r\n\t\t\t\t\t\t\t\t\t\t\t\t\t\t\t\t<small class=\"text-center\">ARR\u00caT\u00c9 MODIFIANT Proc\u00e9dure d'Agr\u00e9ment aux Soci\u00e9t\u00e9s Prestataires-Ordures M\u00e9nag\u00e8res et Assimil\u00e9es Navires N\u00b000251<\/small>\r\n\t\t\t\t\t\t\t\t\t\t\t\t\t\t\t<\/figure>\r\n\t\t\t\t\t\t\t\t\t\t\t\t\t\t<\/td>\r\n\t\t\t\t\t\t\t\t\t\t\t\t\t<td data-time=\"1643497701\"><small>29 janvier 2022 23h08<\/small><\/td><td data-time=\"1643497701\"><small>29 janvier 2022 23h08<\/small><\/td><td><small>application\/pdf<\/small><\/td><td data-time=\"1101\"><small>1101 KB<\/small><\/td><\/tr>\r\n\t\t\t\t\t\t\t\t\t\t\t\t\t<tr title=\"ARRETE-MODIFIANT-CREATION-du-Comite-National-dAgrement-N\u00b000250-MINEDD-CAB-DGE-DDISC.pdf\" data-url=\"https:\/\/did-dev.net\/mineddte\/wp-content\/uploads\/2022\/01\/ARRETE-MODIFIANT-CREATION-du-Comite-National-dAgrement-N\u00b000250-MINEDD-CAB-DGE-DDISC.pdf\" class=\"file_view file_link is_file\" style=\"cursor: pointer;\" data-id=\"3066\">\r\n\r\n\t\t\t\t\t\t\t\t\t\t\t\t\t\t<td>\r\n\r\n\t\t\t\t\t\t\t\t\t\t\t\t\t\t\t<figure class=\"figure file_view p-4\">\r\n\t\t\t\t\t\t\t\t\t\t\t\t\t\t\t\t<span class=\"file\"><img class=\"mb-2\" src=\"https:\/\/did-dev.net\/mineddte\/wp-content\/plugins\/wp-docs\/img\/filetype-icons\/pdf.png\" style=\"width: 25px; height: 25px\"><\/span>\r\n\t\t\t\t\t\t\t\t\t\t\t\t\t\t\t\t<small class=\"text-center\">ARR\u00caT\u00c9 MODIFIANT CR\u00c9ATION du Comit\u00e9 National d'Agr\u00e9ment N\u00b000250-MINEDD-CAB-DGE-DDISC<\/small>\r\n\t\t\t\t\t\t\t\t\t\t\t\t\t\t\t<\/figure>\r\n\t\t\t\t\t\t\t\t\t\t\t\t\t\t<\/td>\r\n\t\t\t\t\t\t\t\t\t\t\t\t\t<td data-time=\"1643497688\"><small>29 janvier 2022 23h08<\/small><\/td><td data-time=\"1643497688\"><small>29 janvier 2022 23h08<\/small><\/td><td><small>application\/pdf<\/small><\/td><td data-time=\"802\"><small>802 KB<\/small><\/td><\/tr>\t\t\t\t\t\t\t\t<\/table>\r\n\t\t\t\t\t\t\t<\/div>\r\n\t\t\t\t\t\t<\/div>\r\n\t\r\n\t\t\t\t\t<\/div>\r\n\t\t\t\t\t<div class=\"card-footer text-right wpdocs-views position-relative\">\r\n\t\r\n\t\r\n\t\r\n\t\t\t\t\t\t<a data-source=\"large_icon_view\" data-toggle=\"tooltip\" data-placement=\"bottom\" title=\"Affichage des miniatures\" class=\"folder_view_btn fa fa-image fa-lg text-danger mr-2\"><\/a>\r\n\t\t\t\t\t\t<a data-source=\"list_view\" data-toggle=\"tooltip\" data-placement=\"bottom\" title=\"Vue en liste\" class=\"folder_view_btn fa fa-bars fa-lg text-danger mr-2\"><\/a>\r\n\t\t\t\t\t\t<a data-source=\"detail_view\" data-toggle=\"tooltip\" data-placement=\"bottom\" title=\"Vues d\u00e9taill\u00e9es\" class=\"folder_view_btn fa fa-list fa-lg text-danger mr-2\"><\/a>\r\n\t\t\t\t\t<\/div>\r\n\t\t\t\t<\/div>\r\n\t\t\t\t\t<div class=\"wpdocs_loader wpd_modal d-none\">\r\n\t\t\t\t\t<div class=\"modal_content\">\r\n\t\t\t\t\t\t<img src=\"https:\/\/did-dev.net\/mineddte\/wp-content\/plugins\/wp-docs\/img\/loader.gif\" width=\"50px\" height=\"50px\">\r\n\t\t\t\t\t<\/div>\r\n\t\t\t\t<\/div>\r\n\t            \r\n\t\r\n\t\t\t<\/div>\n","protected":false},"excerpt":{"rendered":"<p>Vous trouverez ci-dessous la liste de tous les Arr\u00eat\u00e9s impliquant le Minist\u00e8re de l&#8217;Environnement, du D\u00e9veloppement Durable et de la Transition Ecologique. Il est possible d&#8217;effectuer une recherche par th\u00e8me.<\/p>\n","protected":false},"author":1,"featured_media":0,"parent":0,"menu_order":0,"comment_status":"closed","ping_status":"closed","template":"","meta":{"_lmt_disableupdate":"no","_lmt_disable":"","pgc_sgb_lightbox_settings":""},"folder":[72],"_links":{"self":[{"href":"https:\/\/did-dev.net\/mineddte\/wp-json\/wp\/v2\/pages\/2386"}],"collection":[{"href":"https:\/\/did-dev.net\/mineddte\/wp-json\/wp\/v2\/pages"}],"about":[{"href":"https:\/\/did-dev.net\/mineddte\/wp-json\/wp\/v2\/types\/page"}],"author":[{"embeddable":true,"href":"https:\/\/did-dev.net\/mineddte\/wp-json\/wp\/v2\/users\/1"}],"replies":[{"embeddable":true,"href":"https:\/\/did-dev.net\/mineddte\/wp-json\/wp\/v2\/comments?post=2386"}],"version-history":[{"count":5,"href":"https:\/\/did-dev.net\/mineddte\/wp-json\/wp\/v2\/pages\/2386\/revisions"}],"predecessor-version":[{"id":5082,"href":"https:\/\/did-dev.net\/mineddte\/wp-json\/wp\/v2\/pages\/2386\/revisions\/5082"}],"wp:attachment":[{"href":"https:\/\/did-dev.net\/mineddte\/wp-json\/wp\/v2\/media?parent=2386"}],"wp:term":[{"taxonomy":"folder","embeddable":true,"href":"https:\/\/did-dev.net\/mineddte\/wp-json\/wp\/v2\/folder?post=2386"}],"curies":[{"name":"wp","href":"https:\/\/api.w.org\/{rel}","templated":true}]}}