{"id":2378,"date":"2021-11-26T20:05:02","date_gmt":"2021-11-26T20:05:02","guid":{"rendered":"https:\/\/did-dev.net\/mineddte\/?page_id=2378"},"modified":"2024-02-19T15:03:08","modified_gmt":"2024-02-19T15:03:08","slug":"taxe-pollution","status":"publish","type":"page","link":"https:\/\/did-dev.net\/mineddte\/taxe-pollution\/","title":{"rendered":"Taxe Pollution"},"content":{"rendered":"<p>Selon l&#8217;arr\u00eat\u00e9 N\u00b000236\/MINEDD\/DGE du 19 ao\u00fbt 2021 portant proc\u00e9dure de d\u00e9livrance d&#8217;agr\u00e9ment pour la collecte, le stockage, la valorisation et\/ou l&#8217;\u00e9limination des huiles usag\u00e9es, le d\u00e9tenteur et\/ou le producteur des huiles usag\u00e9es doit les c\u00e9der sans contrepartie financi\u00e8re sous peine de sanctions administratives et financi\u00e8res.<\/p>\n<p>Un paiement de 20 francs CFA sur le litre d&#8217;huiles usag\u00e9es sera fait par le producteur ou le d\u00e9tenteur et reverser par la soci\u00e9t\u00e9 de traitement au Minist\u00e8re en charge de l&#8217;Environnement pour supporter toutes les charges aff\u00e9rentes aux actions de lutte contre les pollutions par les huiles usag\u00e9es.<\/p>\n<p>Se r\u00e9f\u00e9rer \u00e0 l&#8217;article 15 de l&#8217;Arr\u00eat\u00e9 susmentionn\u00e9 ici \u27a1\u00a0 \u00a0<a href=\"https:\/\/did-dev.net\/mineddte\/wp-content\/uploads\/2024\/02\/ARRETE-PROCEDURE-ANNEXE-I-4.pdf\">ARRETE PROCEDURE ANNEXE I (4)<\/a><\/p>\n<p>Pour plus d\u2019informations, veuillez consulter le site web de la DDISC :\u00a0<a href=\"http:\/\/ddisc.environnement.gouv.ci\/\" target=\"_blank\" rel=\"noopener\">ddisc.environnement.gouv.ci<\/a>.<\/p>\n","protected":false},"excerpt":{"rendered":"<p>Selon l&#8217;arr\u00eat\u00e9 N\u00b000236\/MINEDD\/DGE du 19 ao\u00fbt 2021 portant proc\u00e9dure de d\u00e9livrance d&#8217;agr\u00e9ment pour la collecte, le stockage, la valorisation et\/ou l&#8217;\u00e9limination des huiles usag\u00e9es, le d\u00e9tenteur et\/ou le producteur des [&hellip;]<\/p>\n","protected":false},"author":1,"featured_media":0,"parent":0,"menu_order":0,"comment_status":"closed","ping_status":"closed","template":"","meta":{"_lmt_disableupdate":"no","_lmt_disable":"","pgc_sgb_lightbox_settings":""},"folder":[52],"_links":{"self":[{"href":"https:\/\/did-dev.net\/mineddte\/wp-json\/wp\/v2\/pages\/2378"}],"collection":[{"href":"https:\/\/did-dev.net\/mineddte\/wp-json\/wp\/v2\/pages"}],"about":[{"href":"https:\/\/did-dev.net\/mineddte\/wp-json\/wp\/v2\/types\/page"}],"author":[{"embeddable":true,"href":"https:\/\/did-dev.net\/mineddte\/wp-json\/wp\/v2\/users\/1"}],"replies":[{"embeddable":true,"href":"https:\/\/did-dev.net\/mineddte\/wp-json\/wp\/v2\/comments?post=2378"}],"version-history":[{"count":5,"href":"https:\/\/did-dev.net\/mineddte\/wp-json\/wp\/v2\/pages\/2378\/revisions"}],"predecessor-version":[{"id":5143,"href":"https:\/\/did-dev.net\/mineddte\/wp-json\/wp\/v2\/pages\/2378\/revisions\/5143"}],"wp:attachment":[{"href":"https:\/\/did-dev.net\/mineddte\/wp-json\/wp\/v2\/media?parent=2378"}],"wp:term":[{"taxonomy":"folder","embeddable":true,"href":"https:\/\/did-dev.net\/mineddte\/wp-json\/wp\/v2\/folder?post=2378"}],"curies":[{"name":"wp","href":"https:\/\/api.w.org\/{rel}","templated":true}]}}