{"id":2374,"date":"2021-11-26T20:02:16","date_gmt":"2021-11-26T20:02:16","guid":{"rendered":"https:\/\/did-dev.net\/mineddte\/?page_id=2374"},"modified":"2022-02-01T13:56:51","modified_gmt":"2022-02-01T13:56:51","slug":"residus-des-hydrocarbures","status":"publish","type":"page","link":"https:\/\/did-dev.net\/mineddte\/residus-des-hydrocarbures\/","title":{"rendered":"R\u00e9sidus des Hydrocarbures"},"content":{"rendered":"<p style=\"text-align: justify;\"><span style=\"font-family: verdana, geneva, sans-serif;\">La gestion des r\u00e9sidus des hydrocarbures est issue de la Convention MARPOL annexe 1. Par d\u00e9finition, la Convention MARPOL est une <a href=\"https:\/\/fr.wikipedia.org\/wiki\/Convention_internationale\" target=\"_blank\" rel=\"noopener\">Convention internationale<\/a> pour la pr\u00e9vention de la <a href=\"https:\/\/fr.wikipedia.org\/wiki\/Pollution_marine\" target=\"_blank\" rel=\"noopener\">pollution marine<\/a> par les navires, \u00e9labor\u00e9e par l\u2019OMI (<a href=\"https:\/\/fr.wikipedia.org\/wiki\/Organisation_maritime_internationale\" target=\"_blank\" rel=\"noopener\">Organisation Maritime Internationale<\/a>) et qui porte sur tout type de pollution marine caus\u00e9e par les navires (le p\u00e9trole, les liquides et solides toxiques, les d\u00e9chets, les gaz d\u2019\u00e9chappement, etc.).<\/span><\/p>\n<p style=\"text-align: justify;\"><span style=\"font-family: verdana, geneva, sans-serif;\">Cette Convention a \u00e9t\u00e9 adopt\u00e9e le 2 novembre 1973 compl\u00e9t\u00e9e par le protocole de 1978, dite MARPOL, ou MARPOL 73\/78.<\/span><\/p>\n<p style=\"text-align: justify;\"><span style=\"font-family: verdana, geneva, sans-serif;\">La Convention comprend des r\u00e8gles visant \u00e0 pr\u00e9venir et \u00e0 r\u00e9duire au minimum la pollution due aux navires \u2013 tant accidentelle que d\u00e9coulant d\u2019op\u00e9rations de routine \u2013 et comporte actuellement six (6) Annexes techniques.<\/span><\/p>\n<p style=\"text-align: justify;\"><span style=\"font-family: verdana, geneva, sans-serif;\">En C\u00f4te d\u2019Ivoire, deux (2) annexes s\u2019appliquent aux missions de la Direction des D\u00e9chets Industriels et Substances Chimiques (DDISC). Ces deux annexes sont :<\/span><\/p>\n<p style=\"text-align: justify;\"><span style=\"font-family: verdana, geneva, sans-serif;\">Annexe 1 : R\u00e8gles relatives \u00e0 la pr\u00e9vention de la pollution par les hydrocarbures ;<\/span><\/p>\n<p style=\"text-align: justify;\"><span style=\"font-family: verdana, geneva, sans-serif;\">Annexe 5 : R\u00e8gles relatives \u00e0 la pr\u00e9vention de la pollution par les ordures des navires.<\/span><\/p>\n<p style=\"text-align: justify;\"><span style=\"font-family: verdana, geneva, sans-serif;\">Pour plus d\u2019informations, veuillez consulter le site web de la DDISC : <a href=\"http:\/\/ddisc.environnement.gouv.ci\" target=\"_blank\" rel=\"noopener\">ddisc.environnement.gouv.ci<\/a>.<\/span><\/p>\n","protected":false},"excerpt":{"rendered":"<p>La gestion des r\u00e9sidus des hydrocarbures est issue de la Convention MARPOL annexe 1. Par d\u00e9finition, la Convention MARPOL est une Convention internationale pour la pr\u00e9vention de la pollution marine [&hellip;]<\/p>\n","protected":false},"author":1,"featured_media":0,"parent":0,"menu_order":0,"comment_status":"closed","ping_status":"closed","template":"","meta":{"_lmt_disableupdate":"no","_lmt_disable":"","pgc_sgb_lightbox_settings":""},"folder":[52],"_links":{"self":[{"href":"https:\/\/did-dev.net\/mineddte\/wp-json\/wp\/v2\/pages\/2374"}],"collection":[{"href":"https:\/\/did-dev.net\/mineddte\/wp-json\/wp\/v2\/pages"}],"about":[{"href":"https:\/\/did-dev.net\/mineddte\/wp-json\/wp\/v2\/types\/page"}],"author":[{"embeddable":true,"href":"https:\/\/did-dev.net\/mineddte\/wp-json\/wp\/v2\/users\/1"}],"replies":[{"embeddable":true,"href":"https:\/\/did-dev.net\/mineddte\/wp-json\/wp\/v2\/comments?post=2374"}],"version-history":[{"count":2,"href":"https:\/\/did-dev.net\/mineddte\/wp-json\/wp\/v2\/pages\/2374\/revisions"}],"predecessor-version":[{"id":3156,"href":"https:\/\/did-dev.net\/mineddte\/wp-json\/wp\/v2\/pages\/2374\/revisions\/3156"}],"wp:attachment":[{"href":"https:\/\/did-dev.net\/mineddte\/wp-json\/wp\/v2\/media?parent=2374"}],"wp:term":[{"taxonomy":"folder","embeddable":true,"href":"https:\/\/did-dev.net\/mineddte\/wp-json\/wp\/v2\/folder?post=2374"}],"curies":[{"name":"wp","href":"https:\/\/api.w.org\/{rel}","templated":true}]}}