{"id":2372,"date":"2021-11-26T20:00:54","date_gmt":"2021-11-26T20:00:54","guid":{"rendered":"https:\/\/did-dev.net\/mineddte\/?page_id=2372"},"modified":"2022-02-01T12:58:03","modified_gmt":"2022-02-01T12:58:03","slug":"gestion-des-huiles-usagees","status":"publish","type":"page","link":"https:\/\/did-dev.net\/mineddte\/gestion-des-huiles-usagees\/","title":{"rendered":"Gestion des Huiles Usag\u00e9es"},"content":{"rendered":"<p style=\"text-align: justify;\" data-tadv-p=\"keep\"><span style=\"font-family: verdana, geneva, sans-serif;\">La croissance de l\u2019utilisation des engins \u00e0 moteur en C\u00f4te d\u2019Ivoire qui dans leur mode de fonctionnement sont assujettis \u00e0 l\u2019usage d\u2019huile comme lubrifiant entraine d\u2019\u00e9normes quantit\u00e9s d\u2019huile usag\u00e9e. <\/span><\/p>\n<p style=\"text-align: justify;\" data-tadv-p=\"keep\"><span style=\"font-family: verdana, geneva, sans-serif;\">Des \u00e9tudes ont montr\u00e9 que les huiles usag\u00e9es contiennent des m\u00e9taux lourds, des acides organiques, du ph\u00e9nol, des phtalates, des hydrocarbures aromatiques polycycliques (HAP). Les hydrocarbures aromatiques polycycliques peuvent \u00eatre responsables d\u2019irritations de la peau et sont aussi canc\u00e9rig\u00e8nes pour certains d\u2019entre eux. <\/span><\/p>\n<p style=\"text-align: justify;\" data-tadv-p=\"keep\"><span style=\"font-family: verdana, geneva, sans-serif;\">En C\u00f4te d\u2019Ivoire, la gestion des huiles usag\u00e9es est confi\u00e9e \u00e0 la Direction des D\u00e9chets Industriels et Substances Chimiques (DDISC), cr\u00e9\u00e9e en 2016 par le d\u00e9cret n\u00b02016-595 du 03 Ao\u00fbt 2016. Il s\u2019agit d\u2019une Direction Centrale du Minist\u00e8re de l\u2019Environnement et du D\u00e9veloppement Durable rattach\u00e9e \u00e0 la Direction G\u00e9n\u00e9rale de l\u2019Environnement.<\/span><\/p>\n<p style=\"text-align: justify;\" data-tadv-p=\"keep\"><span style=\"font-family: verdana, geneva, sans-serif;\">Pour plus d\u2019informations, veuillez consulter le site web de la DDISC : <a href=\"http:\/\/ddisc.environnement.gouv.ci\" target=\"_blank\" rel=\"noopener\">ddisc.environnement.gouv.ci<\/a>.<\/span><\/p>\n","protected":false},"excerpt":{"rendered":"<p>La croissance de l\u2019utilisation des engins \u00e0 moteur en C\u00f4te d\u2019Ivoire qui dans leur mode de fonctionnement sont assujettis \u00e0 l\u2019usage d\u2019huile comme lubrifiant entraine d\u2019\u00e9normes quantit\u00e9s d\u2019huile usag\u00e9e. Des [&hellip;]<\/p>\n","protected":false},"author":1,"featured_media":0,"parent":0,"menu_order":0,"comment_status":"closed","ping_status":"closed","template":"","meta":{"_lmt_disableupdate":"no","_lmt_disable":"","pgc_sgb_lightbox_settings":""},"folder":[52],"_links":{"self":[{"href":"https:\/\/did-dev.net\/mineddte\/wp-json\/wp\/v2\/pages\/2372"}],"collection":[{"href":"https:\/\/did-dev.net\/mineddte\/wp-json\/wp\/v2\/pages"}],"about":[{"href":"https:\/\/did-dev.net\/mineddte\/wp-json\/wp\/v2\/types\/page"}],"author":[{"embeddable":true,"href":"https:\/\/did-dev.net\/mineddte\/wp-json\/wp\/v2\/users\/1"}],"replies":[{"embeddable":true,"href":"https:\/\/did-dev.net\/mineddte\/wp-json\/wp\/v2\/comments?post=2372"}],"version-history":[{"count":3,"href":"https:\/\/did-dev.net\/mineddte\/wp-json\/wp\/v2\/pages\/2372\/revisions"}],"predecessor-version":[{"id":3154,"href":"https:\/\/did-dev.net\/mineddte\/wp-json\/wp\/v2\/pages\/2372\/revisions\/3154"}],"wp:attachment":[{"href":"https:\/\/did-dev.net\/mineddte\/wp-json\/wp\/v2\/media?parent=2372"}],"wp:term":[{"taxonomy":"folder","embeddable":true,"href":"https:\/\/did-dev.net\/mineddte\/wp-json\/wp\/v2\/folder?post=2372"}],"curies":[{"name":"wp","href":"https:\/\/api.w.org\/{rel}","templated":true}]}}