{"id":1952,"date":"2021-09-29T11:33:09","date_gmt":"2021-09-29T11:33:09","guid":{"rendered":"https:\/\/did-dev.net\/mineddte\/?page_id=1952"},"modified":"2021-12-23T17:44:04","modified_gmt":"2021-12-23T17:44:04","slug":"la-cartographie-dabidjan","status":"publish","type":"page","link":"https:\/\/did-dev.net\/mineddte\/la-cartographie-dabidjan\/","title":{"rendered":"La cartographie d\u2019Abidjan"},"content":{"rendered":"<section class=\"wpb-content-wrapper\"><p>[vc_row][vc_column][vc_column_text]<\/p>\n<p style=\"text-align: justify;\"><span style=\"font-family: verdana, geneva, sans-serif;\">La ville d&#8217;Abidjan vue par Satellite. Vous pouvez pour chaque endroit zoomer jusqu&#8217;\u00e0 la visualisation des diff\u00e9rents art\u00e8res. Le v\u00e9hicules sont aussi visibles en flou &#8230;<\/span><\/p>\n<p>[\/vc_column_text][vc_raw_html]JTNDaWZyYW1lJTIwc3JjJTNEJTIyaHR0cHMlM0ElMkYlMkZ3d3cuZ29vZ2xlLmNvbSUyRm1hcHMlMkZkJTJGdSUyRjAlMkZlbWJlZCUzRm1pZCUzRDFPaXVBTjVnSlZTY0lCUDRKQlA3cEN2ZnF5aXclMjZlaGJjJTNEMkUzMTJGJTIyJTIwd2lkdGglM0QlMjIxMDAlMjUlMjIlMjBoZWlnaHQlM0QlMjI2ODAlMjIlM0UlM0MlMkZpZnJhbWUlM0U=[\/vc_raw_html][\/vc_column][\/vc_row]<\/p>\n<\/section>","protected":false},"excerpt":{"rendered":"<p>[vc_row][vc_column][vc_column_text] La ville d&#8217;Abidjan vue par Satellite. Vous pouvez pour chaque endroit zoomer jusqu&#8217;\u00e0 la visualisation des diff\u00e9rents art\u00e8res. Le v\u00e9hicules sont aussi visibles en flou &#8230; [\/vc_column_text][vc_raw_html]JTNDaWZyYW1lJTIwc3JjJTNEJTIyaHR0cHMlM0ElMkYlMkZ3d3cuZ29vZ2xlLmNvbSUyRm1hcHMlMkZkJTJGdSUyRjAlMkZlbWJlZCUzRm1pZCUzRDFPaXVBTjVnSlZTY0lCUDRKQlA3cEN2ZnF5aXclMjZlaGJjJTNEMkUzMTJGJTIyJTIwd2lkdGglM0QlMjIxMDAlMjUlMjIlMjBoZWlnaHQlM0QlMjI2ODAlMjIlM0UlM0MlMkZpZnJhbWUlM0U=[\/vc_raw_html][\/vc_column][\/vc_row]<\/p>\n","protected":false},"author":1,"featured_media":0,"parent":0,"menu_order":0,"comment_status":"closed","ping_status":"closed","template":"","meta":{"_lmt_disableupdate":"no","_lmt_disable":"","pgc_sgb_lightbox_settings":""},"folder":[55],"_links":{"self":[{"href":"https:\/\/did-dev.net\/mineddte\/wp-json\/wp\/v2\/pages\/1952"}],"collection":[{"href":"https:\/\/did-dev.net\/mineddte\/wp-json\/wp\/v2\/pages"}],"about":[{"href":"https:\/\/did-dev.net\/mineddte\/wp-json\/wp\/v2\/types\/page"}],"author":[{"embeddable":true,"href":"https:\/\/did-dev.net\/mineddte\/wp-json\/wp\/v2\/users\/1"}],"replies":[{"embeddable":true,"href":"https:\/\/did-dev.net\/mineddte\/wp-json\/wp\/v2\/comments?post=1952"}],"version-history":[{"count":3,"href":"https:\/\/did-dev.net\/mineddte\/wp-json\/wp\/v2\/pages\/1952\/revisions"}],"predecessor-version":[{"id":2657,"href":"https:\/\/did-dev.net\/mineddte\/wp-json\/wp\/v2\/pages\/1952\/revisions\/2657"}],"wp:attachment":[{"href":"https:\/\/did-dev.net\/mineddte\/wp-json\/wp\/v2\/media?parent=1952"}],"wp:term":[{"taxonomy":"folder","embeddable":true,"href":"https:\/\/did-dev.net\/mineddte\/wp-json\/wp\/v2\/folder?post=1952"}],"curies":[{"name":"wp","href":"https:\/\/api.w.org\/{rel}","templated":true}]}}