{"id":1933,"date":"2021-09-28T11:02:10","date_gmt":"2021-09-28T11:02:10","guid":{"rendered":"https:\/\/did-dev.net\/mineddte\/?page_id=1933"},"modified":"2025-03-07T10:15:16","modified_gmt":"2025-03-07T10:15:16","slug":"directions-regionales","status":"publish","type":"page","link":"https:\/\/did-dev.net\/mineddte\/directions-regionales\/","title":{"rendered":"DIRECTIONS REGIONALES"},"content":{"rendered":"<p style=\"text-align: justify;\"><span style=\"font-family: verdana, geneva, sans-serif;\">Le Minist\u00e8re de l\u2019Environnement, du D\u00e9veloppement Durable et de la Transition Ecologique (MINEDDTE) dispose en son sein de <strong>trente-trois (33) Directions R\u00e9gionales<\/strong> qui sont:<\/span><\/p>\n<p style=\"text-align: justify;\"><span style=\"font-family: verdana, geneva, sans-serif;\"><strong>1-<\/strong> Direction R\u00e9gionale de l&#8217;Environnement des <strong>LAGUNES (ABIDJAN)<\/strong>, <strong>Responsable: Monsieur KOUTOUA SANHOU<\/strong>, Contacts:07 77 86 72 65, skoutoua@gmail.com;<\/span><\/p>\n<p style=\"text-align: justify;\"><span style=\"font-family: verdana, geneva, sans-serif;\"><strong>2-<\/strong> Direction R\u00e9gionale de l&#8217;Environnement de la <strong>ME ( ADZOPE)<\/strong>, <strong>Responsable: Monsieur ATSE JEAN-CLAUDE<\/strong>, Contacts:07 47 29 17 77, atsejcparao@gmail.com;<\/span><\/p>\n<p style=\"text-align: justify;\"><span style=\"font-family: verdana, geneva, sans-serif;\"><strong>3-<\/strong> Direction R\u00e9gionale de l&#8217;Environnement de l&#8217;<strong>AGNEBY-TIASSA (AGBOVILLE)<\/strong>, <strong>Responsable: Monsieur BLE-N&#8217;DOU N&#8217;GORAN HENRI-PASAL<\/strong>, Contacts:07 07 92 42 81, bngoranhenripascal@yahoo.fr;<\/span><\/p>\n<p style=\"text-align: justify;\"><span style=\"font-family: verdana, geneva, sans-serif;\"><strong>4-<\/strong> Direction R\u00e9gionale de l&#8217;Environnement du <strong>CAVALLY (GUIGLO)<\/strong>, <strong>Responsable: Monsieur ADOH FIACRE SOSTHENE RAPHAEL<\/strong>, Contacts:07 08 49 01 00\/ 01 02 02 94 90, sostheneadoh1@gmail.com;<\/span><\/p>\n<p style=\"text-align: justify;\"><span style=\"font-family: verdana, geneva, sans-serif;\"><strong>5-<\/strong> Direction R\u00e9gionale de l&#8217;Environnement du <strong>BAFING (TOUBA)<\/strong>, <strong>Responsable: Monsieur APPIA OI APPIA<\/strong>, Contacts:07 07 89 68 74, apiasietiealb@gmail.com;<\/span><\/p>\n<p style=\"text-align: justify;\"><span style=\"font-family: verdana, geneva, sans-serif;\"><strong>6-<\/strong> Direction R\u00e9gionale de l&#8217;Environnement du <strong>L\u00d4H DJIBOUA (DIVO)<\/strong>, <strong>Responsable: Monsieur YAO N&#8217;GORAN LEONARD<\/strong>, Contacts:07 09 90 08 43, ngoran.le9@gmail.com;<\/span><\/p>\n<p style=\"text-align: justify;\"><span style=\"font-family: verdana, geneva, sans-serif;\"><strong>7-<\/strong> Direction R\u00e9gionale de l&#8217;Environnement du <strong>GONTOUGO (BONDOUKOU)<\/strong>, <strong>Responsable: Monsieur BOUADI N&#8217;DAH FRANCOIS<\/strong>, Contacts:07 07 75 96 97, bouadifrancois@gmail.com;<\/span><\/p>\n<p style=\"text-align: justify;\"><span style=\"font-family: verdana, geneva, sans-serif;\"><strong>8-<\/strong> Direction R\u00e9gionale de l&#8217;Environnement du <strong>G\u00d4H (GAGNOA)<\/strong>, <strong>Responsable: Monsieur BOUAKI ESSI YAO MATHIEU<\/strong>, Contacts:07 47 57 16 82, bouassidr@gmail.com;<\/span><\/p>\n<p style=\"text-align: justify;\"><span style=\"font-family: verdana, geneva, sans-serif;\"><strong>9-<\/strong> Direction R\u00e9gionale de l&#8217;Environnement du <strong>PORO (KORHOGO)<\/strong>, <strong>Responsable: Madame FLAN GERMAINE<\/strong>, Contacts:07 08 03 68 69, germflan@yahoo.fr ;<\/span><\/p>\n<p style=\"text-align: justify;\"><span style=\"font-family: verdana, geneva, sans-serif;\"><strong>10-<\/strong> Direction R\u00e9gionale de l&#8217;Environnement du <strong>SUD-COMOE ( ABOISSO)<\/strong>, <strong>Responsable: Madame KAME Juliette<\/strong>, Contacts:07 49 60 71 30;<\/span><\/p>\n<p style=\"text-align: justify;\"><span style=\"font-family: verdana, geneva, sans-serif;\"><strong>11-<\/strong> Direction R\u00e9gionale de l&#8217;Environnement du <strong>GB\u00caK\u00ca (BOUAKE)<\/strong>, <strong>Responsable: Monsieur KOUAME KOFFI DEVY<\/strong>, Contacts:07 07 29 21 96, kouamdevy@gmail.com;<\/span><\/p>\n<p style=\"text-align: justify;\"><span style=\"font-family: verdana, geneva, sans-serif;\"><strong>12-<\/strong> Direction R\u00e9gionale de l&#8217;Environnement du <strong>BELIER (TOUMODI)<\/strong>, <strong>Responsable: Madame KOUACHI SOPI AUGUSTINE<\/strong>, Contacts:07 07 96 93 35, sopikouachi@gmail.com;<\/span><\/p>\n<p style=\"text-align: justify;\"><span style=\"font-family: verdana, geneva, sans-serif;\"><strong>13-<\/strong> Direction R\u00e9gionale de l&#8217;Environnement de <strong>SAN-PEDRO (SAN-PEDRO)<\/strong>, <strong>Responsable: Monsieur TISSE TOKPA BERNARD<\/strong>, Contacts:05 05 09 48 98\/07 57 70 95 69, tokpatisse@gmail.com;<\/span><\/p>\n<p style=\"text-align: justify;\"><span style=\"font-family: verdana, geneva, sans-serif;\"><strong>14-<\/strong> Direction R\u00e9gionale de l&#8217;Environnement des <strong>GRANDS PONTS (DABOU)<\/strong>, <strong>Responsable: Madame SERY-GUEDE DANIELLE PATRICIA Epse GNACKABY<\/strong>, Contacts:07 07 60 74 54, gnackabypatricia@gmal.com;<\/span><\/p>\n<p style=\"text-align: justify;\"><span style=\"font-family: verdana, geneva, sans-serif;\"><strong>15-<\/strong> Direction R\u00e9gionale de l&#8217;Environnement du <strong>TONKPI (MAN)<\/strong>, <strong>Responsable: Monsieur KLE BLE BEOMONHO SEBASTIEN<\/strong>, Contacts:07 08 50 04 63, klesebastien99@gmail.com;<\/span><\/p>\n<p style=\"text-align: justify;\"><span style=\"font-family: verdana, geneva, sans-serif;\"><strong>16-<\/strong> Direction R\u00e9gionale de l&#8217;Environnement de <strong>LA NAWA (SOUBRE)<\/strong>, <strong>Responsable: Monsieur KOUAME KOFFI JEROME<\/strong>, Contacts:07 08 60 07 48, jeromekouame08@gmail.com;<\/span><\/p>\n<p style=\"text-align: justify;\"><span style=\"font-family: verdana, geneva, sans-serif;\"><strong>17-<\/strong> Direction R\u00e9gionale de l&#8217;Environnement du <strong>N&#8217;ZI (DIMBOKRO)<\/strong>, <strong>Responsable: Monsieur KOUADIO AMANI JACQUE<\/strong>, Contacts:07 77 91 31 67, amanijacques2020@gmail.com;<\/span><\/p>\n<p style=\"text-align: justify;\"><span style=\"font-family: verdana, geneva, sans-serif;\"><strong>18-<\/strong> Direction R\u00e9gionale de l&#8217;Environnement du <strong>IFFOU (DAOUKRO)<\/strong>, <strong>Responsable: Madame SABINE KANGAH Epse CAMARA<\/strong>, Contacts:07 07 17 49 48, sabineaffouacam@gmail.com\/sabinecamara@yahoo.fr;<\/span><\/p>\n<p style=\"text-align: justify;\"><span style=\"font-family: verdana, geneva, sans-serif;\"><strong>19-<\/strong> Direction R\u00e9gionale de l&#8217;Environnement du <strong>WORODOUGOU (SEGUELA)<\/strong>, <strong>Responsable: Monsieur ANO LANDRY BOSSON KONIN<\/strong>, Contacts:07 07 07 02 59, anolandry@gmail.com;<\/span><\/p>\n<p style=\"text-align: justify;\"><span style=\"font-family: verdana, geneva, sans-serif;\"><strong>20-<\/strong> Direction R\u00e9gionale de l&#8217;Environnement du <strong>BERE (MANKONO)<\/strong>, <strong>Responsable: Monsieur KONAN YAO THEODORE<\/strong>, Contacts:07 08 10 68 19, konan.yaotheodore73@gmail.com;<\/span><\/p>\n<p style=\"text-align: justify;\"><span style=\"font-family: verdana, geneva, sans-serif;\"><strong>21-<\/strong> Direction R\u00e9gionale de l&#8217;Environnement du <strong>TCHOLOGO (FERKESSEDOUGOU)<\/strong>, <strong>Responsable: Monsieur KOUAME PAY ERIC<\/strong>, Contacts:07 09 54 33 44, djezou2014@gmail.com;<\/span><\/p>\n<p style=\"text-align: justify;\"><span style=\"font-family: verdana, geneva, sans-serif;\"><strong>22-<\/strong> Direction R\u00e9gionale de l&#8217;Environnement du <strong>MORONOU (BONGOUANOU)<\/strong>, <strong>Responsable: Monsieur MEITE LASSANA<\/strong>, Contacts:07 48 23 68 43, meitelassanah@gmail.com;<\/span><\/p>\n<p style=\"text-align: justify;\"><span style=\"font-family: verdana, geneva, sans-serif;\"><strong>23-<\/strong> Direction R\u00e9gionale de l&#8217;Environnement de la <strong>MARAHOUE (BOUAFLE)<\/strong>, <strong>Responsable: Monsieur TANOU KOUASSI JEAN<\/strong>, Contacts:07 47 17 50 90, jean.tanou@yahoo.fr;<\/span><\/p>\n<p style=\"text-align: justify;\"><span style=\"font-family: verdana, geneva, sans-serif;\"><strong>24-<\/strong> Direction R\u00e9gionale de l&#8217;Environnement de l&#8217;<strong>INDENIE DJUABLIN (ABENGOUROU)<\/strong>, <strong>Responsable: Monsieur YAPO AKO BENJAMIN<\/strong>, Contacts:07 07 21 56 24, yapakoben13@yahoo.fr;<\/span><\/p>\n<p style=\"text-align: justify;\"><span style=\"font-family: verdana, geneva, sans-serif;\"><strong>25-<\/strong> Direction R\u00e9gionale de l&#8217;Environnement du <strong>HAUT SASSANDRA (DALOA)<\/strong>, <strong>Responsable: Monsieur BRAGORI KOUAKOU MAURICE<\/strong>, Contacts:0707940780, christjeriel@gmail.com;<\/span><\/p>\n<p style=\"text-align: justify;\"><span style=\"font-family: verdana, geneva, sans-serif;\"><strong>26-<\/strong> Direction R\u00e9gionale de l&#8217;Environnement du <strong>GUEMON (DUEKOUE)<\/strong>, <strong>Responsable: Monsieur SERRET TROBIA ALBERT<\/strong>, Contacts:07 07 66 98 00, trobiaalbert@gmail.com;<\/span><\/p>\n<p style=\"text-align: justify;\"><span style=\"font-family: verdana, geneva, sans-serif;\"><strong>27-<\/strong> Direction R\u00e9gionale de l&#8217;Environnement du <strong>BOUNKANI (BOUNA)<\/strong>, <strong>Responsable: Monsieur ADOU JEAN-MICHEL<\/strong>, Contacts:07 08 09 19 99, jeanmicheladou@gmail.com;<\/span><\/p>\n<p style=\"text-align: justify;\"><span style=\"font-family: verdana, geneva, sans-serif;\"><strong>28-<\/strong> Direction R\u00e9gionale de l&#8217;Environnement du <strong>GBOKL\u00ca (SASSANDRA)<\/strong>, <strong>Responsable: Monsieur AKOU KOHI JOSEPH<\/strong>, Contacts:01 02 70 34 79\/ 07 09 90 12 72, josephkohi1er@gmail.com;<\/span><\/p>\n<p style=\"text-align: justify;\"><span style=\"font-family: verdana, geneva, sans-serif;\"><strong>29-<\/strong> Direction R\u00e9gionale de l&#8217;Environnement du <strong>KABADOUGOU (ODIENNE)<\/strong>, <strong>Responsable: Monsieur KOUAKOU KOUADIO MICHEL<\/strong>, Contacts:07 48 85 63 47\/05 05 84 62 06, kouadiomichelkouakou74@gmail.com;<\/span><\/p>\n<p style=\"text-align: justify;\"><span style=\"font-family: verdana, geneva, sans-serif;\"><strong>30-<\/strong> Direction R\u00e9gionale de l&#8217;Environnement de <strong>YAMOUSSOUKRO<\/strong>, <strong>Responsable: Monsieur KOUADIO YAO FRANCIS<\/strong>, Contacts:07 08 55 16 77, francdio@hotmail.com;<\/span><\/p>\n<p style=\"text-align: justify;\"><span style=\"font-family: verdana, geneva, sans-serif;\"><strong>31-<\/strong> Direction R\u00e9gionale de l&#8217;Environnement du <strong>BAGOUE (BOUNDIALI)<\/strong>, <strong>Responsable: Monsieur KOUAME KONGODE JEAN-CLAUDE<\/strong>, Contacts:07 07 49 72 29\/ 05 04 04 07 78, kongodejc@gmail.com;<\/span><\/p>\n<p style=\"text-align: justify;\"><span style=\"font-family: verdana, geneva, sans-serif;\"><strong>32-<\/strong> Direction R\u00e9gionale de l&#8217;Environnement du <strong>HAMBOL (KATIOLA)<\/strong>, <strong>Responsable: Monsieur KOFFI LOGBA KONAN DOMINIQUE<\/strong>, Contacts:07 47 03 46 07, logbadominique@gmail.com;<\/span><\/p>\n<p style=\"text-align: justify;\"><span style=\"font-family: verdana, geneva, sans-serif;\"><strong>33-<\/strong> Direction R\u00e9gionale de l&#8217;Environnement du <strong>FOLON (MINIGNAN)<\/strong>, Responsable: <strong>N&#8217;TAKPE DAVID RENAUD<\/strong>, Contacts:07 07 77 26 03, renaudavidntakpe@gmail.com .<\/span><\/p>\n<p style=\"text-align: justify;\">Les <span style=\"font-family: verdana, geneva, sans-serif;\">Directions R\u00e9gionales sont dirig\u00e9es par des Directeurs R\u00e9gionaux nomm\u00e9s par arr\u00eat\u00e9.<\/span><\/p>\n","protected":false},"excerpt":{"rendered":"<p>Le Minist\u00e8re de l\u2019Environnement, du D\u00e9veloppement Durable et de la Transition Ecologique (MINEDDTE) dispose en son sein de trente-trois (33) Directions R\u00e9gionales qui sont: 1- Direction R\u00e9gionale de l&#8217;Environnement des [&hellip;]<\/p>\n","protected":false},"author":1,"featured_media":0,"parent":0,"menu_order":0,"comment_status":"closed","ping_status":"closed","template":"","meta":{"_lmt_disableupdate":"no","_lmt_disable":"","pgc_sgb_lightbox_settings":""},"folder":[71],"_links":{"self":[{"href":"https:\/\/did-dev.net\/mineddte\/wp-json\/wp\/v2\/pages\/1933"}],"collection":[{"href":"https:\/\/did-dev.net\/mineddte\/wp-json\/wp\/v2\/pages"}],"about":[{"href":"https:\/\/did-dev.net\/mineddte\/wp-json\/wp\/v2\/types\/page"}],"author":[{"embeddable":true,"href":"https:\/\/did-dev.net\/mineddte\/wp-json\/wp\/v2\/users\/1"}],"replies":[{"embeddable":true,"href":"https:\/\/did-dev.net\/mineddte\/wp-json\/wp\/v2\/comments?post=1933"}],"version-history":[{"count":14,"href":"https:\/\/did-dev.net\/mineddte\/wp-json\/wp\/v2\/pages\/1933\/revisions"}],"predecessor-version":[{"id":5977,"href":"https:\/\/did-dev.net\/mineddte\/wp-json\/wp\/v2\/pages\/1933\/revisions\/5977"}],"wp:attachment":[{"href":"https:\/\/did-dev.net\/mineddte\/wp-json\/wp\/v2\/media?parent=1933"}],"wp:term":[{"taxonomy":"folder","embeddable":true,"href":"https:\/\/did-dev.net\/mineddte\/wp-json\/wp\/v2\/folder?post=1933"}],"curies":[{"name":"wp","href":"https:\/\/api.w.org\/{rel}","templated":true}]}}